{"id":10478,"date":"2017-02-17T10:45:31","date_gmt":"2017-02-17T09:45:31","guid":{"rendered":"https:\/\/www.danea.it\/blog\/?page_id=10478"},"modified":"2022-06-14T17:22:38","modified_gmt":"2022-06-14T15:22:38","slug":"bilancio-aziendale-indici","status":"publish","type":"page","link":"https:\/\/www.danea.it\/blog\/bilancio-aziendale-indici\/","title":{"rendered":"Bilancio aziendale: indici, cash flow e indicatori finanziamento"},"content":{"rendered":"<h3>Conosci il tuo bilancio?<\/h3>\n<p>Quando chiedi un finanziamento, per favorire la comprensione dei tuoi dati economico-finanziari <strong>fornisci alla banca, oltre al bilancio,<\/strong> <strong>un\u2019analisi che mostra la redditivit\u00e0 e la struttura finanziaria della tua impresa<\/strong>.<\/p>\n<p>Metti a fuoco il tuo bilancio, analizza i tuoi conti sapendo su cosa si focalizzer\u00e0 la banca. Adottare strutture di bilancio in sintonia con le aspettative degli istituti di credito facilita il dialogo con la banca.<\/p>\n<blockquote><p>Leggi anche:\u00a0<a href=\"https:\/\/www.danea.it\/blog\/come-leggere-un-bilancio\/\" target=\"_blank\" rel=\"noopener noreferrer\">Come leggere un bilancio aziendale: la mini-guida passo passo per non esperti<\/a><\/p><\/blockquote>\n<h3>Cosa ti dicono i numeri?<\/h3>\n<p><strong>Verifica quanto disti da una situazione ottimale di equilibrio economico e equilibrio finanziario:<\/strong> queste sono due componenti imprescindibili per rimanere sul mercato e possono essere analizzate tramite il calcolo di indici che sono fondamentali nel processo di valutazione del tuo merito di credito da parte della banca.<\/p>\n<h3>Il cash flow: la cassa non mente mai<\/h3>\n<p>Una volta verificata la tua struttura economico-finanziaria, c\u2019\u00e8 un\u2019<strong>altra grandezza fondamentale nel processo di valutazione della banca che \u00e8 il cash flow<\/strong> o \u201c<strong>flusso di cassa<\/strong>\u201d, fondamentale a tal punto da poter condizionare il successo o il fallimento della tua richiesta di credito.<\/p>\n<p>Il cash flow \u00e8 un importante indicatore che <strong>ti consente di valutare la capacit\u00e0 finanziaria e la redditivit\u00e0 della tua impresa<\/strong> e mostra se le risorse disponibili sono sufficienti per autofinanziare la tua attivit\u00e0 aziendale. Se crei liquidit\u00e0 migliora il tuo merito di credito perch\u00e9 aumentano le tue possibilit\u00e0 di restituire il prestito.<\/p>\n<p>Infatti, <strong>se il flusso di cassa \u00e8:<\/strong><\/p>\n<ul>\n<li><strong>maggiore di zero:<\/strong> la tua gestione ha assorbito minori risorse di quante ne siano entrate e ha generato liquidit\u00e0;<\/li>\n<li><strong>minore di zero:<\/strong> la tua gestione ha assorbito maggiori risorse di quante ne siano entrate e ha consumato liquidit\u00e0.<\/li>\n<\/ul>\n<blockquote><p><strong>Vuoi calcolare gli indici di bilancio e il tuo cash flow?<\/strong><\/p>\n<p><strong>Scarica la Guida e leggi il 2\u00b0 capitolo: \u201cPresentati con i conti in ordine\u201d<\/strong><\/p>\n<p><a href=\"https:\/\/goo.gl\/vw2NlU\"><strong>Scarica subito la guida gratis >>><\/strong><\/a><\/p>\n<p>&nbsp;<\/p><\/blockquote>\n<p>&nbsp;<\/p>\n<div class=\"menu-credito-imprese-container\"><ol id=\"short_menu_69ddfaf43ec89\" class=\"shortcode_menu  wpsm-menu wpsm-vertical menu_enhance  ramo_custom_menu\"><li id=\"menu-item-10538\" class=\"menu-item menu-item-type-post_type menu-item-object-page menu-item-10538\"><div class=\"custom_menu_index\">1<\/div><a href=\"https:\/\/www.danea.it\/blog\/credito-alle-imprese\/\">Credito alle imprese, la guida completa<\/a><\/li>\n<li id=\"menu-item-10537\" class=\"menu-item menu-item-type-post_type menu-item-object-page menu-item-10537\"><div class=\"custom_menu_index\">2<\/div><a href=\"https:\/\/www.danea.it\/blog\/finanziamenti-alle-imprese\/\">Finanziamenti alle imprese: come parlare con le banche<\/a><\/li>\n<li id=\"menu-item-10530\" class=\"menu-item menu-item-type-post_type menu-item-object-page menu-item-10530\"><div class=\"custom_menu_index\">3<\/div><a href=\"https:\/\/www.danea.it\/blog\/bilancio-aziendale-indici\/\">Bilancio aziendale: indici, cash flow e indicatori finanziamento<\/a><\/li>\n<li id=\"menu-item-10536\" class=\"menu-item menu-item-type-post_type menu-item-object-page menu-item-10536\"><div class=\"custom_menu_index\">4<\/div><a href=\"https:\/\/www.danea.it\/blog\/rischio-di-credito\/\">Rischio di credito, come gestire al meglio ritardi e insolvenze<\/a><\/li>\n<li id=\"menu-item-10535\" class=\"menu-item menu-item-type-post_type menu-item-object-page menu-item-10535\"><div class=\"custom_menu_index\">5<\/div><a href=\"https:\/\/www.danea.it\/blog\/pianificazione-finanziaria\/\">Pianficazione finanziaria e richieste di finanziamento all&#8217;impresa<\/a><\/li>\n<li id=\"menu-item-10534\" class=\"menu-item menu-item-type-post_type menu-item-object-page menu-item-10534\"><div class=\"custom_menu_index\">6<\/div><a href=\"https:\/\/www.danea.it\/blog\/cv-aziendale\/\">CV aziendale, come presentare l&#8217;impresa alla banca<\/a><\/li>\n<li id=\"menu-item-10533\" class=\"menu-item menu-item-type-post_type menu-item-object-page menu-item-10533\"><div class=\"custom_menu_index\">7<\/div><a href=\"https:\/\/www.danea.it\/blog\/garanzie-reali-personali\/\">Garanzie reali, personali e altri tipi \u2013 Finanziamenti Imprese<\/a><\/li>\n<li id=\"menu-item-10532\" class=\"menu-item menu-item-type-post_type menu-item-object-page menu-item-10532\"><div class=\"custom_menu_index\">8<\/div><a href=\"https:\/\/www.danea.it\/blog\/rating-aziende\/\">Rating aziende e score, come le banche valutano l&#8217;affidabilit\u00e0<\/a><\/li>\n<li id=\"menu-item-10531\" class=\"menu-item menu-item-type-post_type menu-item-object-page menu-item-10531\"><div class=\"custom_menu_index\">9<\/div><a href=\"https:\/\/www.danea.it\/blog\/altri-finanziamenti-alle-imprese\/\">Crowdfunding, mini-bond e altri finanziamenti non bancari<\/a><\/li>\n<\/ol><\/div><div class=\"clear\"><\/div>\n\t\t\t<style>\n\t\t\t\t#short_menu_69ddfaf43ec89 {  }\n\t\t\t\t#short_menu_69ddfaf43ec89 ul.wpsm-arrow-enabled:before {  } \n\t\t\t\t#short_menu_69ddfaf43ec89 ul, #short_menu_69ddfaf43ec89 ul ul {  }\n\t\t\t\t#short_menu_69ddfaf43ec89 a {  }\n\t\t\t\t#short_menu_69ddfaf43ec89 a:hover {  }\n\t\t\t\t#short_menu_69ddfaf43ec89 ul a {  }\n\t\t\t\t#short_menu_69ddfaf43ec89 ul a:hover {  }\n\t\t\t\t\n\t\t\t<\/style>\n\t\t\t<script type=\"text\/javascript\">\n\t\t\t\tvar show_arrow = \"true\";<\/script>\n<div class=\"post-tags2\"><\/div>\n","protected":false},"excerpt":{"rendered":"<p>Conosci il tuo bilancio? Quando chiedi un finanziamento, per favorire la comprensione dei tuoi dati economico-finanziari fornisci alla banca, oltre al bilancio, un\u2019analisi che mostra la redditivit\u00e0 e la struttura finanziaria della tua impresa. Metti a fuoco il tuo bilancio, analizza i tuoi conti sapendo su cosa si focalizzer\u00e0 la banca. Adottare strutture di bilancio<\/p>\n","protected":false},"author":31,"featured_media":10481,"parent":0,"menu_order":0,"comment_status":"closed","ping_status":"closed","template":"page-templates\/guide-danea-page.php","meta":{"yasr_overall_rating":0,"yasr_post_is_review":"","yasr_auto_insert_disabled":"","yasr_review_type":"","footnotes":""},"class_list":["post-10478","page","type-page","status-publish","has-post-thumbnail","hentry"],"yasr_visitor_votes":{"stars_attributes":{"read_only":false,"span_bottom":false},"number_of_votes":5,"sum_votes":21},"wps_subtitle":"Per ottenere un finanziamento \u00e8 fondamentale avere i conti in ordine: scopri gli indici di bilancio che potrebbero facilitare il rapporto impresa - banca!","_links":{"self":[{"href":"https:\/\/www.danea.it\/blog\/wp-json\/wp\/v2\/pages\/10478","targetHints":{"allow":["GET"]}}],"collection":[{"href":"https:\/\/www.danea.it\/blog\/wp-json\/wp\/v2\/pages"}],"about":[{"href":"https:\/\/www.danea.it\/blog\/wp-json\/wp\/v2\/types\/page"}],"author":[{"embeddable":true,"href":"https:\/\/www.danea.it\/blog\/wp-json\/wp\/v2\/users\/31"}],"replies":[{"embeddable":true,"href":"https:\/\/www.danea.it\/blog\/wp-json\/wp\/v2\/comments?post=10478"}],"version-history":[{"count":16,"href":"https:\/\/www.danea.it\/blog\/wp-json\/wp\/v2\/pages\/10478\/revisions"}],"predecessor-version":[{"id":24966,"href":"https:\/\/www.danea.it\/blog\/wp-json\/wp\/v2\/pages\/10478\/revisions\/24966"}],"wp:featuredmedia":[{"embeddable":true,"href":"https:\/\/www.danea.it\/blog\/wp-json\/wp\/v2\/media\/10481"}],"wp:attachment":[{"href":"https:\/\/www.danea.it\/blog\/wp-json\/wp\/v2\/media?parent=10478"}],"curies":[{"name":"wp","href":"https:\/\/api.w.org\/{rel}","templated":true}]}}