{"id":10499,"date":"2017-02-17T10:44:15","date_gmt":"2017-02-17T09:44:15","guid":{"rendered":"https:\/\/www.danea.it\/blog\/?page_id=10499"},"modified":"2022-06-14T17:27:29","modified_gmt":"2022-06-14T15:27:29","slug":"garanzie-reali-personali","status":"publish","type":"page","link":"https:\/\/www.danea.it\/blog\/garanzie-reali-personali\/","title":{"rendered":"Garanzie reali, personali e altri tipi &#8211; Finanziamenti Imprese"},"content":{"rendered":"<h3>Le garanzie, un\u2019opportunit\u00e0 non un automatismo<\/h3>\n<p>Quando richiedi un finanziamento, <strong>\u00e8 possibile che la banca a cui ti rivolgi ti chieda di fornire una garanzia<\/strong>. E\u2019 importante sottolineare che le garanzie non modificano l\u2019esito dell\u2019analisi dell\u2019azienda e dell\u2019operazione proposta, ma <strong>contribuiscono ad attenuare il rischio finanziario<\/strong> a cui si espone la banca erogandoti il credito, aumentando le possibilit\u00e0 per l\u2019istituto finanziario di rientrare del capitale prestato.<\/p>\n<p>Per questo motivo, non intavolare la trattativa per un finanziamento a partire dalle garanzie (es. ipoteca sull&#8217;immobile di valore molto pi\u00f9 alto della richiesta di denaro), perch\u00e9 se secondo la banca l\u2019operazione non \u00e8 sostenibile o la capacit\u00e0 di rimborso della tua azienda non \u00e8 sufficiente, la risposta sar\u00e0 sempre negativa.<\/p>\n<h3>Quali tipi di garanzie esistono?<\/h3>\n<p>Esiste una<strong> moltitudine di tipologie di garanzie<\/strong>, di seguito ti presentiamo quelle maggiormente utilizzate, che ti possono essere richieste dalla banca:<\/p>\n<ul>\n<li>garanzie<strong> reali<\/strong>: il privilegio, l\u2019ipoteca e il pegno;<\/li>\n<li>garanzie<strong> personali<\/strong>: fideiussione e avvallo;<\/li>\n<li>altri tipi di garanzie <strong>atipiche;<\/strong><\/li>\n<li>garanzie<strong> statali e consortili<\/strong>.<\/li>\n<\/ul>\n<h4>Garanzie reali: il privilegio<\/h4>\n<p><strong>Il privilegio qualifica la tipologia di credito che la banca vanta nei tuoi confronti.<\/strong> Ovvero, in caso di insolvenza della tua impresa, spetter\u00e0 al credito privilegiato d&#8217;essere liquidato per intero con precedenza rispetto agli altri.<\/p>\n<h4>Garanzie reali:\u00a0l&#8217;ipoteca<\/h4>\n<p><strong>L\u2019ipoteca \u00e8 una garanzia reale che grava sugli immobili, sui beni mobili registrati e i diritti reali di godimento<\/strong> (es. usufrutto, uso, abitazione, ecc.). Nel caso di insolvenza la banca potr\u00e0\u00a0far vendere all\u2019asta l\u2019immobile ipotecato e prendersi dal ricavato della vendita quanto le spetta per capitale, interessi e spese.<\/p>\n<h4>Garanzie reali: il pegno<\/h4>\n<p><strong>Come l\u2019ipoteca, anche il pegno \u00e8 una garanzia reale, ma su beni mobili.<\/strong> Infatti, puoi dare in pegno i beni mobili (es. titoli, somme di denaro), i crediti e altri diritti aventi ad oggetto beni mobili. Il meccanismo del pegno \u00e8 simile a quello dell\u2019ipoteca con l\u2019importante differenza che, gravando su beni mobili, non c\u2019\u00e8 l\u2019iscrizione del bene su un qualche pubblico registro, bens\u00ec lo spossessamento del bene, che passa da te alla banca quale prova appunto della costituzione della garanzia.<\/p>\n<h4>Garanzie personali: fideiussione e avvallo cambiario<\/h4>\n<p><strong>La fideiussione<\/strong> \u00e8 la principale garanzia personale che la banca ti pu\u00f2 richiedere. Di fatto il fideiussore si obbliga personalmente verso la banca, garantendo il rimborso del finanziamento che ti \u00e8 stato concesso. Se non rimborsi il finanziamento, la banca pu\u00f2 rivolgersi per il pagamento direttamente al tuo o ai tuoi fideiussori, agendo verso di essi con le azioni giudiziarie a tutela dei crediti.<\/p>\n<p><strong>L\u2019avallo cambiario<\/strong>, ormai in disuso, veniva usato come garanzia personale, rilasciata da un terzo, quando il debito era rappresentato da una <a href=\"https:\/\/it.wikipedia.org\/wiki\/Cambiale\">cambiale<\/a> (per es. nelle operazioni di sconto di accettazioni bancarie).<\/p>\n<h4>Garanzie atipiche<\/h4>\n<p>Nella pratica bancaria, a seconda delle caratteristiche della tua impresa, ti possono essere richieste le seguenti garanzie cosidette atipiche:<\/p>\n<ul>\n<li><a href=\"http:\/\/www.altalex.com\/documents\/news\/2015\/07\/14\/le-lettere-di-patronage\">lettere di patronage<\/a> (o di gradimento);<\/li>\n<li><a href=\"https:\/\/www.danea.it\/blog\/factoring-cessione-del-credito-pro-soluto-pro-solvendo\/\">cessione del credito<\/a>;<\/li>\n<li><a href=\"http:\/\/www.bankpedia.org\/index.php\/it\/115-italian\/m\/20995-mandato-all-incasso\">mandato all&#8217;incasso<\/a>;<\/li>\n<li><a href=\"https:\/\/it.wikipedia.org\/wiki\/Covenant_(finanza)\">covenant<\/a>;<\/li>\n<li>ecc&#8230;<\/li>\n<\/ul>\n<h4>Garanzie statali e consortili<\/h4>\n<p>Quando parliamo di garanzie statali uno dei principali strumenti per facilitare l\u2019accesso al credito \u00e8 il <a href=\"http:\/\/www.fondidigaranzia.it\/\">Fondo di Garanzia per le PMI<\/a>. Il Fondo \u00e8 in grado di concedere una garanzia pubblica, che si affianca e spesso si sostituisce a quelle reali portate dalle imprese, a fronte di finanziamenti erogati da banche, da societ\u00e0 di leasing e da altri intermediari finanziari alle PMI. Qualora necessiti di un finanziamento destinato all\u2019attivit\u00e0 d\u2019impresa puoi chiedere alla banca di verificare se pu\u00f2 garantire l\u2019operazione tramite il Medio Credito Centrale, il Gestore del Fondo.<\/p>\n<p>L\u2019attivazione di questa garanzia \u00e8 a rischio zero per la banca, che in caso di insolvenza della tua impresa viene risarcita dal Fondo di Garanzia.<\/p>\n<blockquote><p><strong>Vuoi saperne di pi\u00f9?<\/strong><\/p>\n<p><strong>Scarica la Guida e leggi il 6\u00b0 capitolo: \u201cLa richiesta di eventuali garanzie\u201d<\/strong><\/p>\n<p><a href=\"https:\/\/goo.gl\/vw2NlU\"><strong>Scarica subito la guida gratis >>><\/strong><\/a><\/p><\/blockquote>\n<p>&nbsp;<\/p>\n<div class=\"menu-credito-imprese-container\"><ol id=\"short_menu_69f30473644c9\" class=\"shortcode_menu  wpsm-menu wpsm-vertical menu_enhance  ramo_custom_menu\"><li id=\"menu-item-10538\" class=\"menu-item menu-item-type-post_type menu-item-object-page menu-item-10538\"><div class=\"custom_menu_index\">1<\/div><a href=\"https:\/\/www.danea.it\/blog\/credito-alle-imprese\/\">Credito alle imprese, la guida completa<\/a><\/li>\n<li id=\"menu-item-10537\" class=\"menu-item menu-item-type-post_type menu-item-object-page menu-item-10537\"><div class=\"custom_menu_index\">2<\/div><a href=\"https:\/\/www.danea.it\/blog\/finanziamenti-alle-imprese\/\">Finanziamenti alle imprese: come parlare con le banche<\/a><\/li>\n<li id=\"menu-item-10530\" class=\"menu-item menu-item-type-post_type menu-item-object-page menu-item-10530\"><div class=\"custom_menu_index\">3<\/div><a href=\"https:\/\/www.danea.it\/blog\/bilancio-aziendale-indici\/\">Bilancio aziendale: indici, cash flow e indicatori finanziamento<\/a><\/li>\n<li id=\"menu-item-10536\" class=\"menu-item menu-item-type-post_type menu-item-object-page menu-item-10536\"><div class=\"custom_menu_index\">4<\/div><a href=\"https:\/\/www.danea.it\/blog\/rischio-di-credito\/\">Rischio di credito, come gestire al meglio ritardi e insolvenze<\/a><\/li>\n<li id=\"menu-item-10535\" class=\"menu-item menu-item-type-post_type menu-item-object-page menu-item-10535\"><div class=\"custom_menu_index\">5<\/div><a href=\"https:\/\/www.danea.it\/blog\/pianificazione-finanziaria\/\">Pianficazione finanziaria e richieste di finanziamento all&#8217;impresa<\/a><\/li>\n<li id=\"menu-item-10534\" class=\"menu-item menu-item-type-post_type menu-item-object-page menu-item-10534\"><div class=\"custom_menu_index\">6<\/div><a href=\"https:\/\/www.danea.it\/blog\/cv-aziendale\/\">CV aziendale, come presentare l&#8217;impresa alla banca<\/a><\/li>\n<li id=\"menu-item-10533\" class=\"menu-item menu-item-type-post_type menu-item-object-page menu-item-10533\"><div class=\"custom_menu_index\">7<\/div><a href=\"https:\/\/www.danea.it\/blog\/garanzie-reali-personali\/\">Garanzie reali, personali e altri tipi \u2013 Finanziamenti Imprese<\/a><\/li>\n<li id=\"menu-item-10532\" class=\"menu-item menu-item-type-post_type menu-item-object-page menu-item-10532\"><div class=\"custom_menu_index\">8<\/div><a href=\"https:\/\/www.danea.it\/blog\/rating-aziende\/\">Rating aziende e score, come le banche valutano l&#8217;affidabilit\u00e0<\/a><\/li>\n<li id=\"menu-item-10531\" class=\"menu-item menu-item-type-post_type menu-item-object-page menu-item-10531\"><div class=\"custom_menu_index\">9<\/div><a href=\"https:\/\/www.danea.it\/blog\/altri-finanziamenti-alle-imprese\/\">Crowdfunding, mini-bond e altri finanziamenti non bancari<\/a><\/li>\n<\/ol><\/div><div class=\"clear\"><\/div>\n\t\t\t<style>\n\t\t\t\t#short_menu_69f30473644c9 {  }\n\t\t\t\t#short_menu_69f30473644c9 ul.wpsm-arrow-enabled:before {  } \n\t\t\t\t#short_menu_69f30473644c9 ul, #short_menu_69f30473644c9 ul ul {  }\n\t\t\t\t#short_menu_69f30473644c9 a {  }\n\t\t\t\t#short_menu_69f30473644c9 a:hover {  }\n\t\t\t\t#short_menu_69f30473644c9 ul a {  }\n\t\t\t\t#short_menu_69f30473644c9 ul a:hover {  }\n\t\t\t\t\n\t\t\t<\/style>\n\t\t\t<script type=\"text\/javascript\">\n\t\t\t\tvar show_arrow = \"true\";<\/script>\n<div class=\"post-tags2\"><\/div>\n","protected":false},"excerpt":{"rendered":"<p>Le garanzie, un\u2019opportunit\u00e0 non un automatismo Quando richiedi un finanziamento, \u00e8 possibile che la banca a cui ti rivolgi ti chieda di fornire una garanzia. E\u2019 importante sottolineare che le garanzie non modificano l\u2019esito dell\u2019analisi dell\u2019azienda e dell\u2019operazione proposta, ma contribuiscono ad attenuare il rischio finanziario a cui si espone la banca erogandoti il credito,<\/p>\n","protected":false},"author":31,"featured_media":10503,"parent":0,"menu_order":0,"comment_status":"closed","ping_status":"closed","template":"page-templates\/guide-danea-page.php","meta":{"yasr_overall_rating":0,"yasr_post_is_review":"","yasr_auto_insert_disabled":"","yasr_review_type":"","footnotes":""},"class_list":["post-10499","page","type-page","status-publish","has-post-thumbnail","hentry"],"yasr_visitor_votes":{"stars_attributes":{"read_only":false,"span_bottom":false},"number_of_votes":7,"sum_votes":25},"wps_subtitle":"Vuoi ottenere un finanziamento per la tua impresa? Scopri tutti i tipi di garanzie che potrebbero richiederti: reali, personali e altre!","_links":{"self":[{"href":"https:\/\/www.danea.it\/blog\/wp-json\/wp\/v2\/pages\/10499","targetHints":{"allow":["GET"]}}],"collection":[{"href":"https:\/\/www.danea.it\/blog\/wp-json\/wp\/v2\/pages"}],"about":[{"href":"https:\/\/www.danea.it\/blog\/wp-json\/wp\/v2\/types\/page"}],"author":[{"embeddable":true,"href":"https:\/\/www.danea.it\/blog\/wp-json\/wp\/v2\/users\/31"}],"replies":[{"embeddable":true,"href":"https:\/\/www.danea.it\/blog\/wp-json\/wp\/v2\/comments?post=10499"}],"version-history":[{"count":10,"href":"https:\/\/www.danea.it\/blog\/wp-json\/wp\/v2\/pages\/10499\/revisions"}],"predecessor-version":[{"id":24974,"href":"https:\/\/www.danea.it\/blog\/wp-json\/wp\/v2\/pages\/10499\/revisions\/24974"}],"wp:featuredmedia":[{"embeddable":true,"href":"https:\/\/www.danea.it\/blog\/wp-json\/wp\/v2\/media\/10503"}],"wp:attachment":[{"href":"https:\/\/www.danea.it\/blog\/wp-json\/wp\/v2\/media?parent=10499"}],"curies":[{"name":"wp","href":"https:\/\/api.w.org\/{rel}","templated":true}]}}