{"id":21298,"date":"2022-02-21T04:17:27","date_gmt":"2022-02-21T03:17:27","guid":{"rendered":"https:\/\/www.danea.it\/blog\/?page_id=21298"},"modified":"2026-01-08T11:55:38","modified_gmt":"2026-01-08T10:55:38","slug":"regime-forfettario-assunzione-dipendenti","status":"publish","type":"page","link":"https:\/\/www.danea.it\/blog\/regime-forfettario-assunzione-dipendenti\/","title":{"rendered":"Assunzione dipendenti e regime forfettario: quali sono i limiti e i requisiti"},"content":{"rendered":"<p dir=\"ltr\"><a target=\"_blank\" href=\"https:\/\/www.danea.it\/service\/download\/download.asp?ID=pdf-forfettario-fic\" rel=\"nofollow\"><img loading=\"lazy\" decoding=\"async\" data-event=\"ev-voice\" data-category=\"Voice\" data-action=\"Click+Banner\" data-label=\"download_pdf_forfettario\" class=\"alignnone size-full wp-image-4579\" title=\"Clicca e scarica il PDF\" alt=\"Clicca per scaricare il PDF\" src=\"https:\/\/www.danea.it\/blog\/wp-content\/uploads\/2022\/02\/Banner-download-regime-forfettario.jpg\" width=\"622\" height=\"90\" \/><\/a><\/p>\n<div>\n<p>ll <em>\u201cRegime fiscale agevolato per lavoratori autonomi\u201d<\/em> disciplinato dall\u2019art. 1 commi da 54 a 89 della Legge n. 190\/2014, noto anche come <strong>regime forfetario<\/strong> \u00e8 un regime fiscale semplificato riservato alle <strong>persone fisiche esercenti attivit\u00e0 d\u2019impresa \/ lavoro autonomo<\/strong> che rispettano determinati requisiti. Il regime in esame non \u00e8 riservato solo alle nuove iniziative ma, in presenza dei requisiti, costituisce il <strong>regime naturale<\/strong>, applicabile anche ai soggetti gi\u00e0 in attivit\u00e0.<\/p>\n<p>Nell\u2019art. 1 della Legge n. 190\/2014 sono indicati i <strong>requisiti di accesso<\/strong>; in particolare viene previsto che possono accedere al regime forfettario le <strong>persone fisiche<\/strong> esercenti attivit\u00e0 d&#8217;impresa \/ lavoro autonomo che al contempo, <strong>nell&#8217;anno precedente presentano i seguenti requisiti:<\/strong><\/p>\n<ul>\n<li><strong>Ricavi o compensi<\/strong>, ragguagliati ad anno, <strong>non superiori a 85.000\u20ac<\/strong>, indipendentemente dall&#8217;attivit\u00e0: i contribuenti che intendono accedere al regime forfettario nel 2026 o i contribuenti gi\u00e0 forfettari nel 2024 che intendono permanere anche il prossimo anno nel regime agevolato dovranno verificare di non aver superato tale soglia nel corso di quest\u2019anno (secondo il <a href=\"https:\/\/www.danea.it\/blog\/principio-di-cassa-determinazione-reddito\/\">principio di cassa<\/a>). Questo limite, prima a 65.000\u20ac, \u00e8 stato innalzato a 85.000\u20ac dalla Legge di Bilancio 2023 (Legge 29 dicembre 2022, n. 197) e <strong>confermato per il 2026<\/strong>.<\/li>\n<li><strong>Spese sostenute per personale dipendente o per lavoro accessorio<\/strong> per un ammontare <strong>massimo di 20.000\u20ac lordi.<\/strong><\/li>\n<\/ul>\n<p>In merito al <strong>secondo requisito di accesso<\/strong>, introdotto dalla Legge di Bilancio 2020, preme mettere in evidenza che non si tratta di una novit\u00e0 assoluta nel nostro panorama legislativo in quanto \u00e8 stata sostanzialmente riproposta la condizione gi\u00e0 vigente fino al 2018 che precludeva l\u2019accesso al regime forfettario per coloro che avevano sostenuto <strong>spese di lavoro dipendente o di lavoro accessorio<\/strong> ma, rispetto al passato, ne viene<strong> incrementato il limite, che passa da 5.000 a 20.000\u20ac.\u00a0<\/strong><\/p>\n<p>In particolare quindi per l\u2019accesso al regime forfetario deve essere verificato che nell\u2019anno precedente sia rispettato il limite di 20.000\u20ac relativamente a spese per:<\/p>\n<a class=\"cta-container\" data-click-cta=\"fic-01\" href=\"https:\/\/www.fattureincloud.it\/land\/fattura-elettronica-forfettario\/?utm_source=danea&utm_medium=banner&utm_campaign=danea-landing-to-FIC\" target=\"_blank\"><div style=\"background-color: #0094d4; color: #fff; margin: 1em 0;\">\r\n  <div class=\"row\" style=\"padding: 1em;\">\r\n    <div class=\"col-md-6\">\r\n      <img decoding=\"async\" class=\"img-fluid\" src=\"\/blog\/wp-content\/uploads\/img-banner-blog-forfettari-fatture-in-cloud.png\" alt=\"Fatture in Cloud - software fatturazione elettronica\" style=\"padding-top: 1em\">\r\n    <\/div>\r\n    <div class=\"col-md-6\" style=\"padding-right: 0.8em; padding-left: 0.5em;\">\r\n      <img decoding=\"async\" class=\"img-fluid\" width=\"140\" src=\"\/blog\/wp-content\/uploads\/logo-fatture-in-cloud-2024-bianco.png\" alt=\"fatture in cloud\"  style=\"margin-top: 5px\">\r\n      <p style=\"line-height:2px\"><\/p>\r\n      <p><span style=\"font-size: 18px\">\r\n        Hey, forfettario! Semplificati la vita. <\/span>\r\n      <br><\/span>\r\n       <span style=\"font-size: 18px\">\r\n      <strong>Fatture in Cloud \u00e8 in offerta a soli 4\u20ac\/mese!<\/strong><\/span>\r\n      <\/p>\r\n      <div>\r\n        <span class=\"btn btn-banner-green\">\r\n           SCOPRI SUBITO L'OFFERTA <i class=\"fa-solid fa-arrow-right\"><\/i>\r\n        <\/span>\r\n      <\/div>\r\n    <\/div>\r\n  <\/div>\r\n<\/div>\r\n<\/a>\n<ul>\n<li><strong>lavoratori dipendenti<\/strong>;<\/li>\n<li><strong>lavoro accessorio<\/strong> di cui all\u2019art. 70 del D.lgs n. 276\/2003 (voucher). Si tenga presente che tale disposizione \u00e8 stata abrogata, pertanto non \u00e8 oggi possibile questa tipologia di remunerazione;<\/li>\n<li><strong>compensi erogati ai collaboratori<\/strong> (di cui all\u2019art. 50, co. 1 lett. c) e c)-bis del Tuir);<\/li>\n<li><strong>utili di partecipazione<\/strong> erogati agli associati in partecipazione con apporto costituito da solo lavoro (art. 53, co. 2 lett. c) del Tuir);<\/li>\n<li><strong>somme corrisposte<\/strong> per le prestazioni di lavoro effettuate dall\u2019imprenditore o dai suoi familiari (art. 60 del Tuir).<\/li>\n<\/ul>\n<p><strong>Il costo da prendere in considerazione ai fini della verifica<\/strong> del superamento del limite previsto \u00e8 il <strong>costo lordo<\/strong>, quindi sia il costo per la retribuzione sia quello per gli oneri sociali e i contributi assistenziali.<\/p>\n<blockquote><p><strong>Si ritiene invece che non concorrano alla formazione del limite<\/strong> i compensi erogati per prestazioni di <strong>lavoro autonomo occasionale.<\/strong><\/p><\/blockquote>\n<p>Come precisato anche nella <strong>Risoluzione n. 7\/E\/2020 l\u2019Agenzia ha confermato che il limite delle spese di lavoro va verificato con riferimento all\u2019anno precedente<\/strong>. Di conseguenza, considerato che le novit\u00e0 introdotte dalla Finanziaria 2020 sono in vigore dall\u20191.1.2020, per i soggetti gi\u00e0 in attivit\u00e0 al 31.12.2019 le condizioni di accesso andavano verificate nel 2019, avendo riguardo gi\u00e0 ai nuovi limiti, mentre per l\u2019accesso al regime per l\u2019anno 2021 le condizioni di accesso andavano verificate nel 2020.<\/p>\n<p>Quindi, salvo ulteriori nuove modifiche legislative, un ingegnere in regime forfettario che nell\u2019anno 2026 ha sostenuto spese di lavoro dipendente per 21.000\u20ac non potr\u00e0 adottare il regime agevolato anche per il 2027.<\/p>\n<p>Nel caso infatti di <strong>superamento in corso d\u2019anno dei limiti<\/strong> previsti dai requisiti di accesso al regime (85.000 di ricavi\/compensi o 20.000 annui di spese per lavoro dipendente o assimilato) i contribuenti forfettari dovranno, a <strong>decorrere dall\u2019anno successivo<\/strong>, abbandonare il regime fiscale agevolato e optare per un regime ordinario (contabilit\u00e0 ordinaria o semplificata).<\/p>\n<p>Se, per\u00f2, <strong>viene sforata la soglia di 100.000\u20ac <\/strong>di ricavi o compensi percepiti, la <strong>fuoriuscita dal regime forfettario sar\u00e0 immediata\u00a0<\/strong>e non a partire dall&#8217;anno successivo, per applicazione della cosiddetta &#8220;tagliola anti-evasione&#8221; introdotta dalla Legge di Bilancio 2023.<\/p>\n<blockquote><p><strong><em>&gt;&gt; Vai al prossimo capitolo della Guida: <a href=\"\/blog\/fatturazione-elettronica-forfettario-obbligo-vantaggi\/\">Fatturazione elettronica per il forfettario: obbligo e vantaggi<\/a><\/em><\/strong><\/p><\/blockquote>\n<\/div>\n<p>&nbsp;<\/p>\n<div class=\"menu-minimi-home-container\"><ol id=\"short_menu_69e1c0c01b779\" class=\"shortcode_menu  wpsm-menu wpsm-vertical menu_enhance  ramo_custom_menu\"><li id=\"menu-item-5130\" class=\"menu-item menu-item-type-custom menu-item-object-custom menu-item-5130\"><div class=\"custom_menu_index\">1<\/div><a href=\"\/blog\/regime-forfettario-requisiti\/#requisiti\">Regime forfettario: requisiti per l\u2019accesso<\/a><\/li>\n<li id=\"menu-item-5138\" class=\"menu-item menu-item-type-custom menu-item-object-custom menu-item-5138\"><div class=\"custom_menu_index\">2<\/div><a href=\"\/blog\/regime-forfettario-semplificazioni-fiscali-contabili\/\">Regime forfettario: le semplificazioni fiscali e contabili<\/a><\/li>\n<li id=\"menu-item-5139\" class=\"menu-item menu-item-type-custom menu-item-object-custom menu-item-5139\"><div class=\"custom_menu_index\">3<\/div><a href=\"\/blog\/regime-forfettario-come-si-calcola-reddito\/\">Tassazione regime forfettario: come si calcola il reddito e l\u2019imposta<\/a><\/li>\n<li id=\"menu-item-5140\" class=\"menu-item menu-item-type-custom menu-item-object-custom menu-item-5140\"><div class=\"custom_menu_index\">4<\/div><a href=\"\/blog\/regime-forfettario-come-accedere-uscire-regole-passaggio\/\">Regime forfettario: come accedere, uscire e passare<\/a><\/li>\n<li id=\"menu-item-5141\" class=\"menu-item menu-item-type-custom menu-item-object-custom menu-item-5141\"><div class=\"custom_menu_index\">5<\/div><a href=\"\/blog\/regime-forfettario-agevolazioni-startup\/\">Regime forfettario: le agevolazioni per startup<\/a><\/li>\n<li id=\"menu-item-5142\" class=\"menu-item menu-item-type-custom menu-item-object-custom menu-item-5142\"><div class=\"custom_menu_index\">6<\/div><a href=\"\/blog\/regime-forfettario-agevolazioni-contributive\/\">Regime forfettario: le agevolazioni contributive<\/a><\/li>\n<li id=\"menu-item-21376\" class=\"menu-item menu-item-type-custom menu-item-object-custom menu-item-21376\"><div class=\"custom_menu_index\">7<\/div><a href=\"\/blog\/regime-forfettario-assunzione-dipendenti\/\">Regime forfettario e assunzione dipendenti: limiti e requisiti<\/a><\/li>\n<li id=\"menu-item-23150\" class=\"menu-item menu-item-type-custom menu-item-object-custom menu-item-23150\"><div class=\"custom_menu_index\">8<\/div><a href=\"\/blog\/fatturazione-elettronica-forfettario-obbligo-vantaggi\/\">Fatturazione elettronica per il forfettario: obbligo e opportunit\u00e0<\/a><\/li>\n<li id=\"menu-item-23158\" class=\"menu-item menu-item-type-custom menu-item-object-custom menu-item-23158\"><div class=\"custom_menu_index\">9<\/div><a href=\"\/blog\/come-scegliere-il-miglior-software-di-fatture-per-un-forfettario\/\">Come scegliere il miglior software di fatture per un forfettario<\/a><\/li>\n<\/ol><\/div><div class=\"clear\"><\/div>\n\t\t\t<style>\n\t\t\t\t#short_menu_69e1c0c01b779 {  }\n\t\t\t\t#short_menu_69e1c0c01b779 ul.wpsm-arrow-enabled:before {  } \n\t\t\t\t#short_menu_69e1c0c01b779 ul, #short_menu_69e1c0c01b779 ul ul {  }\n\t\t\t\t#short_menu_69e1c0c01b779 a {  }\n\t\t\t\t#short_menu_69e1c0c01b779 a:hover {  }\n\t\t\t\t#short_menu_69e1c0c01b779 ul a {  }\n\t\t\t\t#short_menu_69e1c0c01b779 ul a:hover {  }\n\t\t\t\t\n\t\t\t<\/style>\n\t\t\t<script type=\"text\/javascript\">\n\t\t\t\tvar show_arrow = \"true\";<\/script>\n<div class=\"post-tags2\"><\/div>\n","protected":false},"excerpt":{"rendered":"<p>ll \u201cRegime fiscale agevolato per lavoratori autonomi\u201d disciplinato dall\u2019art. 1 commi da 54 a 89 della Legge n. 190\/2014, noto anche come regime forfetario \u00e8 un regime fiscale semplificato riservato alle persone fisiche esercenti attivit\u00e0 d\u2019impresa \/ lavoro autonomo che rispettano determinati requisiti. Il regime in esame non \u00e8 riservato solo alle nuove iniziative ma,<\/p>\n","protected":false},"author":36,"featured_media":7314,"parent":0,"menu_order":0,"comment_status":"open","ping_status":"closed","template":"page-templates\/guide-danea-page.php","meta":{"yasr_overall_rating":0,"yasr_post_is_review":"","yasr_auto_insert_disabled":"","yasr_review_type":"","footnotes":""},"class_list":["post-21298","page","type-page","status-publish","has-post-thumbnail","hentry"],"yasr_visitor_votes":{"stars_attributes":{"read_only":false,"span_bottom":false},"number_of_votes":14,"sum_votes":56},"wps_subtitle":"Si pu\u00f2 assumere un lavoratore dipendente se si rientra nel regime forfettario? I requisiti e i limiti per l\u2019assunzione di dipendenti","_links":{"self":[{"href":"https:\/\/www.danea.it\/blog\/wp-json\/wp\/v2\/pages\/21298","targetHints":{"allow":["GET"]}}],"collection":[{"href":"https:\/\/www.danea.it\/blog\/wp-json\/wp\/v2\/pages"}],"about":[{"href":"https:\/\/www.danea.it\/blog\/wp-json\/wp\/v2\/types\/page"}],"author":[{"embeddable":true,"href":"https:\/\/www.danea.it\/blog\/wp-json\/wp\/v2\/users\/36"}],"replies":[{"embeddable":true,"href":"https:\/\/www.danea.it\/blog\/wp-json\/wp\/v2\/comments?post=21298"}],"version-history":[{"count":20,"href":"https:\/\/www.danea.it\/blog\/wp-json\/wp\/v2\/pages\/21298\/revisions"}],"predecessor-version":[{"id":29940,"href":"https:\/\/www.danea.it\/blog\/wp-json\/wp\/v2\/pages\/21298\/revisions\/29940"}],"wp:featuredmedia":[{"embeddable":true,"href":"https:\/\/www.danea.it\/blog\/wp-json\/wp\/v2\/media\/7314"}],"wp:attachment":[{"href":"https:\/\/www.danea.it\/blog\/wp-json\/wp\/v2\/media?parent=21298"}],"curies":[{"name":"wp","href":"https:\/\/api.w.org\/{rel}","templated":true}]}}