{"id":23135,"date":"2022-02-21T04:00:38","date_gmt":"2022-02-21T03:00:38","guid":{"rendered":"https:\/\/www.danea.it\/blog\/?page_id=23135"},"modified":"2026-01-08T11:57:06","modified_gmt":"2026-01-08T10:57:06","slug":"fatturazione-elettronica-forfettario-obbligo-vantaggi","status":"publish","type":"page","link":"https:\/\/www.danea.it\/blog\/fatturazione-elettronica-forfettario-obbligo-vantaggi\/","title":{"rendered":"Fatturazione elettronica per il forfettario: obbligo e opportunit\u00e0"},"content":{"rendered":"<p dir=\"ltr\"><a target=\"_blank\" href=\"https:\/\/www.danea.it\/service\/download\/download.asp?ID=pdf-forfettario-fic\" rel=\"nofollow\"><img loading=\"lazy\" decoding=\"async\" data-event=\"ev-voice\" data-category=\"Voice\" data-action=\"Click+Banner\" data-label=\"download_pdf_forfettario\" class=\"alignnone size-full wp-image-4579\" title=\"Clicca e scarica il PDF\" alt=\"Clicca per scaricare il PDF\" src=\"https:\/\/www.danea.it\/blog\/wp-content\/uploads\/2022\/02\/Banner-download-regime-forfettario.jpg\" width=\"622\" height=\"90\" \/><\/a><\/p>\n<div>\n<p>Dal 1\u00b0 gennaio 2024 la <strong>fatturazione elettronica<\/strong> \u00e8 diventata <strong>obbligatoria per i contribuenti forfettari<\/strong>, indipendentemente dai ricavi o compensi percepiti.<\/p>\n<p>Vediamo nel dettaglio le disposizioni e quali sono i vantaggi della fatturazione elettronica per i forfettari.<\/p>\n<h3>Obbligo di fattura elettronica per i forfettari: soggetti coinvolti<\/h3>\n<\/div>\n<p>Il decreto legge 36\/2022 attua la misura di estensione l&#8217;obbligo di fatturazione elettronica per i contribuenti in regime forfettario.<\/p>\n<p>In particolare, l&#8217;articolo 18, commi 2 e 3, dispone:<\/p>\n<a class=\"cta-container\" data-click-cta=\"fic-01\" href=\"https:\/\/www.fattureincloud.it\/land\/fattura-elettronica-forfettario\/?utm_source=danea&utm_medium=banner&utm_campaign=danea-landing-to-FIC\" target=\"_blank\"><div style=\"background-color: #0094d4; color: #fff; margin: 1em 0;\">\r\n  <div class=\"row\" style=\"padding: 1em;\">\r\n    <div class=\"col-md-6\">\r\n      <img decoding=\"async\" class=\"img-fluid\" src=\"\/blog\/wp-content\/uploads\/img-banner-blog-forfettari-fatture-in-cloud.png\" alt=\"Fatture in Cloud - software fatturazione elettronica\" style=\"padding-top: 1em\">\r\n    <\/div>\r\n    <div class=\"col-md-6\" style=\"padding-right: 0.8em; padding-left: 0.5em;\">\r\n      <img decoding=\"async\" class=\"img-fluid\" width=\"140\" src=\"\/blog\/wp-content\/uploads\/logo-fatture-in-cloud-2024-bianco.png\" alt=\"fatture in cloud\"  style=\"margin-top: 5px\">\r\n      <p style=\"line-height:2px\"><\/p>\r\n      <p><span style=\"font-size: 18px\">\r\n        Hey, forfettario! Semplificati la vita. <\/span>\r\n      <br><\/span>\r\n       <span style=\"font-size: 18px\">\r\n      <strong>Fatture in Cloud \u00e8 in offerta a soli 4\u20ac\/mese!<\/strong><\/span>\r\n      <\/p>\r\n      <div>\r\n        <span class=\"btn btn-banner-green\">\r\n           SCOPRI SUBITO L'OFFERTA <i class=\"fa-solid fa-arrow-right\"><\/i>\r\n        <\/span>\r\n      <\/div>\r\n    <\/div>\r\n  <\/div>\r\n<\/div>\r\n<\/a>\n<ul>\n<li><strong>L&#8217;abolizione dell&#8217;esonero<\/strong> dall&#8217;obbligo di fatturazione elettronica cui attualmente godono i soggetti che:\n<ul>\n<li>rientrano nel cosiddetto <strong>&#8220;regime di vantaggio&#8221;<\/strong> di cui all&#8217;articolo 27, commi 1 e 2, del decreto-legge 6 luglio 2011, n. 98, convertito, con modificazioni, dalla legge 15 luglio 2011, n. 111;<\/li>\n<li>applicano il <strong>regime forfettario<\/strong> di cui all&#8217;articolo 1, commi da 54 a 89, della legge 23 dicembre 2014, n. 190;<\/li>\n<li>hanno esercitato l&#8217;opzione di cui agli articoli 1 e 2 della legge 16 dicembre 1991, n. 398, e che nel periodo d&#8217;imposta precedente hanno conseguito dall&#8217;esercizio di attivit\u00e0 commerciali proventi per un importo non superiore a 65.000\u20ac.<\/li>\n<\/ul>\n<\/li>\n<\/ul>\n<ul>\n<li>L&#8217;entrata in vigore dell&#8217;<strong>obbligo di fatturazione elettronica<\/strong>:\n<ul>\n<li><strong>Il 1\u00b0 luglio 2022<\/strong> per i soggetti del punto precedente che nell&#8217;anno precedente hanno conseguito ricavi o percepito compensi <strong>superiori a \u20ac 25.000.<\/strong><\/li>\n<li><strong>Il 1\u00b0 gennaio 2024 <\/strong>per i restanti soggetti<\/li>\n<\/ul>\n<\/li>\n<\/ul>\n<p>Anche ai forfettari si applicano i <a href=\"\/blog\/fattura-elettronica-novita-invio-data-di-registrazione\/\">termini di emissione della fattura elettronica<\/a> e le <a href=\"https:\/\/www.danea.it\/blog\/fattura-elettronica-sanzioni\/\">sanzioni per fattura tardiva<\/a> previsti per gli altri contribuenti.<\/p>\n<h3>L&#8217;obbligo \u00e8 stato approvato anche dall&#8217;Europa<\/h3>\n<p>Nel dicembre 2021, <strong>Consiglio UE ha approvato la richiesta dell\u2019Italia di:<\/strong><\/p>\n<ul>\n<li>prorogare l\u2019obbligo di fatturazione elettronica fino a fine 2024 per i contribuenti gi\u00e0 obbligati dal 2019.<\/li>\n<li><strong>Estendere l\u2019obbligatoriet\u00e0 della fatturazione elettronica anche ai forfettari<\/strong>, che rientrano nei \u201c<em>soggetti passivi che si avvalgono della franchigia per le piccole imprese di cui all\u2019articolo 282 della direttiva IVA<\/em>\u201d.<\/li>\n<\/ul>\n<p>La delibera \u00e8 avvenuta nel corso della seduta del Consiglio UE del 13 dicembre 2021 e pubblicata in Gazzetta Ufficiale Europea, L 454 del <strong>17 dicembre 2021<\/strong>.<\/p>\n<p>Nonostante il via libera da parte del Consiglio UE, l\u2019obbligo di fattura elettronica per i forfettari non \u00e8 diventato subito operativo: infatti, affinch\u00e9 diventasse tale, l\u2019Italia doveva prima recepire la delibera a livello legislativo.<br \/>\nCi\u00f2 \u00e8 avvenuto e la fatturazione elettronica diventer\u00e0 obbligatoria dal 1 luglio 2022, con le modalit\u00e0 riportate nel paragrafo precedente.<\/p>\n<h3>I vantaggi della fatturazione elettronica per i forfettari<\/h3>\n<p>Quali sono i benefici che la fatturazione elettronica offre? Vediamoli di seguito.<\/p>\n<ol>\n<li>\n<h4><strong>Gestione delle fatture pi\u00f9 semplice e veloce<br \/>\n<\/strong><\/h4>\n<p>Alcuni programmi disponibili sul mercato, ad esempio il <a href=\"https:\/\/www.fattureincloud.it\/forfettari\/?utm_source=danea&amp;utm_medium=link-testuale&amp;utm_campaign=danea-blog-articoli&amp;utm_content=guida-regime-forfettario\">software per forfettari Fatture in Cloud<\/a>, consentono di emettere e ricevere le fatture elettroniche in modo integrato. In questo modo il contribuente non deve trasferire i dati e i documenti da una piattaforma all\u2019altra (come avviene, ad esempio, quando si riceve una fattura via mail e la inserisce nel file o nel software in cui si \u201ctengono i conti dell\u2019attivit\u00e0\u201d), con notevole abbassamento del margine di errore. Inoltre, <strong>la conservazione digitale delle fatture elettroniche \u00e8 pi\u00f9 comoda ed efficiente<\/strong>.<br \/>\nCon il sistema di fatturazione cartacea, era necessario stampare le fatture, archiviarle in faldoni e poi cercarle nel momento in cui occorrono dei dati o in caso di controlli. Al contrario, con la conservazione digitale, la fattura non necessita di essere stampata e si riesce a trovare in pochi istanti.<\/li>\n<li>\n<h4><strong>Maggior controllo sull\u2019attivit\u00e0<br \/>\n<\/strong><\/h4>\n<p>Alcuni software, oltre al servizio di fatturazione elettronica, offrono<strong> funzionalit\u00e0 che aiutano a gestire la Partita IVA e a monitorare l\u2019andamento dell\u2019attivit\u00e0. <\/strong>Ad esempio, <a href=\"https:\/\/www.fattureincloud.it\/forfettari\/?utm_source=danea&amp;utm_medium=link-testuale&amp;utm_campaign=danea-blog-articoli&amp;utm_content=guida-regime-forfettario\">Fatture in Cloud<\/a> i permette di gestire i contributi previdenziali, i pagamenti, gli acquisti e molto altro ancora. Inoltre, restituisce report semplici e facilmente leggibili sulle entrate e sulle uscite, sugli acquisti e sulle vendite, cos\u00ec che il forfettario possa tenere sotto controllo l\u2019andamento dell\u2019attivit\u00e0.<\/p>\n<p>Abbiamo parlato di software, ora approfondiamo l\u2019argomento: come scegliere il software di fatturazione (e non solo) che meglio risponde alle proprie esigenze? Nel prossimo capitolo forniremo alcune linee guida che aiuteranno il forfettario a districarsi tra l\u2019ampia offerta di mercato.<\/li>\n<\/ol>\n<blockquote><p><strong><em>&gt;&gt; Vai al prossimo capitolo della Guida: <a href=\"\/blog\/come-scegliere-il-miglior-software-di-fatture-per-un-forfettario\/\">Come scegliere il miglior software di fatture per un forfettario<\/a><\/em><\/strong><\/p><\/blockquote>\n<p>&nbsp;<\/p>\n<div class=\"menu-minimi-home-container\"><ol id=\"short_menu_69fec0d903641\" class=\"shortcode_menu  wpsm-menu wpsm-vertical menu_enhance  ramo_custom_menu\"><li id=\"menu-item-5130\" class=\"menu-item menu-item-type-custom menu-item-object-custom menu-item-5130\"><div class=\"custom_menu_index\">1<\/div><a href=\"\/blog\/regime-forfettario-requisiti\/#requisiti\">Regime forfettario: requisiti per l\u2019accesso<\/a><\/li>\n<li id=\"menu-item-5138\" class=\"menu-item menu-item-type-custom menu-item-object-custom menu-item-5138\"><div class=\"custom_menu_index\">2<\/div><a href=\"\/blog\/regime-forfettario-semplificazioni-fiscali-contabili\/\">Regime forfettario: le semplificazioni fiscali e contabili<\/a><\/li>\n<li id=\"menu-item-5139\" class=\"menu-item menu-item-type-custom menu-item-object-custom menu-item-5139\"><div class=\"custom_menu_index\">3<\/div><a href=\"\/blog\/regime-forfettario-come-si-calcola-reddito\/\">Tassazione regime forfettario: come si calcola il reddito e l\u2019imposta<\/a><\/li>\n<li id=\"menu-item-5140\" class=\"menu-item menu-item-type-custom menu-item-object-custom menu-item-5140\"><div class=\"custom_menu_index\">4<\/div><a href=\"\/blog\/regime-forfettario-come-accedere-uscire-regole-passaggio\/\">Regime forfettario: come accedere, uscire e passare<\/a><\/li>\n<li id=\"menu-item-5141\" class=\"menu-item menu-item-type-custom menu-item-object-custom menu-item-5141\"><div class=\"custom_menu_index\">5<\/div><a href=\"\/blog\/regime-forfettario-agevolazioni-startup\/\">Regime forfettario: le agevolazioni per startup<\/a><\/li>\n<li id=\"menu-item-5142\" class=\"menu-item menu-item-type-custom menu-item-object-custom menu-item-5142\"><div class=\"custom_menu_index\">6<\/div><a href=\"\/blog\/regime-forfettario-agevolazioni-contributive\/\">Regime forfettario: le agevolazioni contributive<\/a><\/li>\n<li id=\"menu-item-21376\" class=\"menu-item menu-item-type-custom menu-item-object-custom menu-item-21376\"><div class=\"custom_menu_index\">7<\/div><a href=\"\/blog\/regime-forfettario-assunzione-dipendenti\/\">Regime forfettario e assunzione dipendenti: limiti e requisiti<\/a><\/li>\n<li id=\"menu-item-23150\" class=\"menu-item menu-item-type-custom menu-item-object-custom menu-item-23150\"><div class=\"custom_menu_index\">8<\/div><a href=\"\/blog\/fatturazione-elettronica-forfettario-obbligo-vantaggi\/\">Fatturazione elettronica per il forfettario: obbligo e opportunit\u00e0<\/a><\/li>\n<li id=\"menu-item-23158\" class=\"menu-item menu-item-type-custom menu-item-object-custom menu-item-23158\"><div class=\"custom_menu_index\">9<\/div><a href=\"\/blog\/come-scegliere-il-miglior-software-di-fatture-per-un-forfettario\/\">Come scegliere il miglior software di fatture per un forfettario<\/a><\/li>\n<\/ol><\/div><div class=\"clear\"><\/div>\n\t\t\t<style>\n\t\t\t\t#short_menu_69fec0d903641 {  }\n\t\t\t\t#short_menu_69fec0d903641 ul.wpsm-arrow-enabled:before {  } \n\t\t\t\t#short_menu_69fec0d903641 ul, #short_menu_69fec0d903641 ul ul {  }\n\t\t\t\t#short_menu_69fec0d903641 a {  }\n\t\t\t\t#short_menu_69fec0d903641 a:hover {  }\n\t\t\t\t#short_menu_69fec0d903641 ul a {  }\n\t\t\t\t#short_menu_69fec0d903641 ul a:hover {  }\n\t\t\t\t\n\t\t\t<\/style>\n\t\t\t<script type=\"text\/javascript\">\n\t\t\t\tvar show_arrow = \"true\";<\/script>\n<div class=\"post-tags2\"><\/div>\n","protected":false},"excerpt":{"rendered":"<p>Dal 1\u00b0 gennaio 2024 la fatturazione elettronica \u00e8 diventata obbligatoria per i contribuenti forfettari, indipendentemente dai ricavi o compensi percepiti. Vediamo nel dettaglio le disposizioni e quali sono i vantaggi della fatturazione elettronica per i forfettari. Obbligo di fattura elettronica per i forfettari: soggetti coinvolti Il decreto legge 36\/2022 attua la misura di estensione l&#8217;obbligo<\/p>\n","protected":false},"author":31,"featured_media":7314,"parent":0,"menu_order":0,"comment_status":"closed","ping_status":"closed","template":"page-templates\/guide-danea-page.php","meta":{"yasr_overall_rating":0,"yasr_post_is_review":"","yasr_auto_insert_disabled":"","yasr_review_type":"","footnotes":""},"class_list":["post-23135","page","type-page","status-publish","has-post-thumbnail","hentry"],"yasr_visitor_votes":{"stars_attributes":{"read_only":false,"span_bottom":false},"number_of_votes":3,"sum_votes":13},"wps_subtitle":"L'estensione dell\u2019obbligo ai forfettari e ottimi 4 motivi per emettere fattura elettronica.","_links":{"self":[{"href":"https:\/\/www.danea.it\/blog\/wp-json\/wp\/v2\/pages\/23135","targetHints":{"allow":["GET"]}}],"collection":[{"href":"https:\/\/www.danea.it\/blog\/wp-json\/wp\/v2\/pages"}],"about":[{"href":"https:\/\/www.danea.it\/blog\/wp-json\/wp\/v2\/types\/page"}],"author":[{"embeddable":true,"href":"https:\/\/www.danea.it\/blog\/wp-json\/wp\/v2\/users\/31"}],"replies":[{"embeddable":true,"href":"https:\/\/www.danea.it\/blog\/wp-json\/wp\/v2\/comments?post=23135"}],"version-history":[{"count":42,"href":"https:\/\/www.danea.it\/blog\/wp-json\/wp\/v2\/pages\/23135\/revisions"}],"predecessor-version":[{"id":28790,"href":"https:\/\/www.danea.it\/blog\/wp-json\/wp\/v2\/pages\/23135\/revisions\/28790"}],"wp:featuredmedia":[{"embeddable":true,"href":"https:\/\/www.danea.it\/blog\/wp-json\/wp\/v2\/media\/7314"}],"wp:attachment":[{"href":"https:\/\/www.danea.it\/blog\/wp-json\/wp\/v2\/media?parent=23135"}],"curies":[{"name":"wp","href":"https:\/\/api.w.org\/{rel}","templated":true}]}}