{"id":27995,"date":"2024-05-28T15:16:02","date_gmt":"2024-05-28T13:16:02","guid":{"rendered":"https:\/\/www.danea.it\/blog\/?page_id=27995"},"modified":"2025-05-26T18:18:28","modified_gmt":"2025-05-26T16:18:28","slug":"quando-serve-software-gestionale","status":"publish","type":"page","link":"https:\/\/www.danea.it\/blog\/quando-serve-software-gestionale\/","title":{"rendered":"Quando serve un gestionale? I segnali per capirlo"},"content":{"rendered":"<p>Essere a capo di un\u2019azienda non \u00e8 semplice e pu\u00f2 diventare particolarmente arduo se ci si trova di fronte alla necessit\u00e0 di perdere tempo in <strong>compiti ripetitivi<\/strong>, legati alla burocrazia, alla contabilit\u00e0 o che potrebbero essere <strong>automatizzati<\/strong>.<\/p>\n<p>Non sempre \u00e8 possibile gestire con facilit\u00e0 un magazzino, le fatture, i pagamenti e tutta una serie di operazioni in modo veloce, trovando anche il tempo per occuparsi di attivit\u00e0 pi\u00f9 complesse e che richiedono maggiore attenzione.<\/p>\n<p>Se anche tu stai affrontando questa situazione e senti che stai sprecando tempo per via dei troppi problemi legati all\u2019aspetto organizzativo, allora questa guida fa per te.<\/p>\n<p>Parleremo di alcune delle <strong>difficolt\u00e0 pi\u00f9 comuni<\/strong> nella gestione di un&#8217;azienda e <strong>come un <a href=\"\/software\/easyfatt\/gestionale\/\">programma gestionale<\/a> \u00e8 in grado di risolverli<\/strong>.<\/p>\n<h3>Quali sono i problemi pi\u00f9 comuni nella gestione di un\u2019azienda<\/h3>\n<p>Nel percorso verso l&#8217;efficienza aziendale, \u00e8 fondamentale identificare i nodi cruciali che frenano la crescita.<\/p>\n<p>Dall\u2019organizzazione caotica del magazzino alla mancanza di integrazione tra i software utilizzati, le imprese si trovano spesso a fronteggiare una serie di <strong>problemi che minano la produttivit\u00e0 e l&#8217;efficacia operativa<\/strong>.<\/p>\n<a class=\"cta-container\" data-click-cta=\"ef-01\" href=\"\/software\/easyfatt\/\"><div style=\"background-color:#3bb1cd; color: #fff; margin: 1em 0;\">\r\n  <div class=\"row\" style=\"padding: 1em;\">\r\n    <div class=\"col-md-5\">\r\n<img decoding=\"async\" class=\"img-fluid\" src=\"\/blog\/wp-content\/uploads\/img-banner-blog-EF-pc.png\" alt=\"Easyfatt software fatturazione elettronica e gestionale\">\r\n    <\/div>\r\n    <div class=\"col-md-7\">\r\n     <img decoding=\"async\" class=\"img-fluid\" width=\"100\" src=\"\/blog\/wp-content\/uploads\/Logo-EF-White.png\" alt=\"easyfatt\" style=\"margin-top: 5px; margin-bottom: 5px\">\r\n      <br>\r\n      <p><span style=\"font-size: 17px\">\r\n       Easyfatt \u00e8 il software gestionale semplice, completo e scelto da oltre 100.000 imprese italiane.<\/span>\r\n      <\/p>\r\n      <div>\r\n        <span class=\"btn btn-banner-green\">\r\n          PROVALO GRATIS ORA <i class=\"fa-solid fa-arrow-right\"><\/i>\r\n        <\/span>\r\n      <\/div>\r\n    <\/div>\r\n  <\/div>\r\n<\/div>\r\n<\/a>\n<h4>1. Mancanza di comunicazione tra fatturazione e altre aree<\/h4>\n<p>Il primo grosso ostacolo \u00e8 la <strong>mancanza di connessione tra la fatturazione e le altre aree di gestione aziendale<\/strong>, come la gestione del magazzino o i pagamenti: quando questo avviene, si verificano solitamente inefficienze ed errori.<\/p>\n<p>Ad esempio, considera il caso in cui viene <strong>fatturato un ordine, ma la vendita del prodotto non viene registrata a magazzino<\/strong>. Questo pu\u00f2 portare a discrepanze nei dati sulle scorte, ritardi e frustrazione per i clienti.<\/p>\n<p>Con un <a href=\"\/software\/easyfatt\/magazzino\/\">programma magazzino<\/a>, come Danea Easyfatt, questo invece non avviene, perch\u00e9 <strong>magazzino e fatturazione sono strettamente connessi<\/strong>: quando viene emessa una fattura, in automatico il prodotto venduto viene scaricato dal magazzino e le scorte aggiornate in automatico.<\/p>\n<h4>2. Dati errati<\/h4>\n<p>La scoperta di <strong>errori nei report<\/strong> pu\u00f2 essere una situazione comune quando si utilizzano fogli di calcolo come <strong>Excel<\/strong>.<\/p>\n<p>Questi errori, come ERRORE #### o ERRORE #NUM!, possono derivare da diverse cause e portare a numerose difficolt\u00e0, come anche l<strong>\u2019impossibilit\u00e0 di analizzare i propri dati<\/strong> di produzione e avere sotto controllo l\u2019andamento della linea aziendale.<\/p>\n<h4>3. Fatture sbagliate<\/h4>\n<p>\u00c8 un problema rilevante, ma capita spesso che nel caos delle numerose operazioni da controllare si possano inviare <strong>fatture sbagliate<\/strong>. Ci\u00f2 comporta l\u2019andare incontro ad eventuali <strong>sanzioni<\/strong> o la necessit\u00e0 di <strong>correggere<\/strong> e inviare una nuova versione al cliente.<\/p>\n<p>Questo processo non solo richiede tempo prezioso per <strong>effettuare i controlli e le correzioni<\/strong> necessarie, ma pu\u00f2 <strong>danneggiare la reputazione<\/strong> e la professionalit\u00e0 dell&#8217;azienda.<\/p>\n<blockquote><p>Errori di fatturazione? Scopri <strong><a href=\"\/blog\/fattura-elettronica-errata-sbagliata-guida\/\">come correggere una fattura elettronica sbagliata<\/a><\/strong>.<\/p><\/blockquote>\n<h4>4. Gestione del magazzino inefficiente<\/h4>\n<p>Molte piccole o medie attivit\u00e0 possono essere tentate di affidarsi a strumenti come Excel per gestire il proprio <strong><a href=\"\/blog\/inventario-magazzino\/\">inventario di magazzino<\/a><\/strong>, credendolo pi\u00f9 semplice, ma questa pratica pu\u00f2 portare a numerosi disagi.<\/p>\n<p>I principali sono legati ad esempio a sviste dovute a <strong>salvataggi scorretti<\/strong>, <strong>modelli complessi<\/strong>, cancellazioni accidentali, sbagli nella battitura dei dati e tutta una serie di situazioni che potrebbero causare una catena di effetti negativi.<\/p>\n<p>Inoltre, Excel <strong>non consente l&#8217;aggiornamento in tempo reale<\/strong> delle informazioni, richiedendo l\u2019inserimento manuale, e ci\u00f2 necessita di tempo e rende difficile l&#8217;analisi dei dati.<\/p>\n<h4>5. Problemi sul flusso di cassa<\/h4>\n<p>Quante volte ahi dovuto gestire <strong>ritardi o mancati pagamenti<\/strong> da parte di clienti? Quante volte \u00e8 capitato a te di dimenticare o ritardare un pagamento a un fornitore?<\/p>\n<p>Anche se si adottano precauzioni adeguate, \u00e8 facile che si verifichino questo genere di situazioni quando si ha <strong>troppe cose da tenere sotto controllo<\/strong>.<\/p>\n<p><strong>Monitorare attentamente i flussi di cassa<\/strong> e mantenere una contabilit\u00e0 accurata sono passaggi fondamentali, ma chi \u00e8 a capo di un&#8217;impresa sa quanto tutto ci\u00f2 possa essere difficile.<\/p>\n<a class=\"cta-container\" data-click-cta=\"ef-01\" href=\"\/software\/easyfatt\/\"><div style=\"background-color:#3bb1cd; color: #fff; margin: 1em 0;\">\r\n  <div class=\"row\" style=\"padding: 1em;\">\r\n    <div class=\"col-md-5\">\r\n<img decoding=\"async\" class=\"img-fluid\" src=\"\/blog\/wp-content\/uploads\/img-banner-blog-EF-pc.png\" alt=\"Easyfatt software fatturazione elettronica e gestionale\">\r\n    <\/div>\r\n    <div class=\"col-md-7\">\r\n     <img decoding=\"async\" class=\"img-fluid\" width=\"100\" src=\"\/blog\/wp-content\/uploads\/Logo-EF-White.png\" alt=\"easyfatt\" style=\"margin-top: 5px; margin-bottom: 5px\">\r\n      <br>\r\n      <p><span style=\"font-size: 17px\">\r\n       Easyfatt \u00e8 il software gestionale semplice, completo e scelto da oltre 100.000 imprese italiane.<\/span>\r\n      <\/p>\r\n      <div>\r\n        <span class=\"btn btn-banner-green\">\r\n          PROVALO GRATIS ORA <i class=\"fa-solid fa-arrow-right\"><\/i>\r\n        <\/span>\r\n      <\/div>\r\n    <\/div>\r\n  <\/div>\r\n<\/div>\r\n<\/a>\n<h3>I benefici nell\u2019uso di un software gestionale<\/h3>\n<p>Abbiamo elencato quelli che sono i problemi pi\u00f9 comuni nella gestione di una piccola e media impresa con strumenti obsoleti, ma questi non sono gli unici.<\/p>\n<p>Documenti difficili da trovare, tracciabilit\u00e0 dei prodotti poco chiara, tempo perso nell\u2019inserimento manuale dei dati o nella registrazione dei pagamenti: sono tutte situazioni critiche per un&#8217;azienda.<\/p>\n<p><strong>Ecco come un software gestionale ti aiuta <\/strong>a superare le difficolt\u00e0:<\/p>\n<ul>\n<li>Semplifica la<strong> fatturazione<\/strong>, ad esempio numerando in automatico i documenti e trasformando in automatico i preventivi in fattura.<\/li>\n<li>Supporta la<a href=\"\/blog\/gestione-magazzino-guida-danea\/\"><strong> gestione del magazzino<\/strong><\/a>, generando codici di identificazione univoca, inventari, tracciabilit\u00e0 e documenti di trasporto.<\/li>\n<li>Facilita la <strong>gestione dei pagamenti<\/strong>. Questo perch\u00e9, ad esempio, pu\u00f2 includere diversi strumenti, come lo scadenzario e la prima nota che si compilano in automatico a partire dalle fatture emesse e ricevute. In pi\u00f9, come nel caso di Easyfatt, pu\u00f2 permettere di incassare i pagamenti dai clienti ed emettere bonifici verso i fornitori, direttamente dall\u2019interno del gestionale.<\/li>\n<li>Genera report e statistiche che permettono di analizzare i dati in modo approfondito, conoscere l\u2019andamento di produzione e prendere decisioni informate per ottimizzare il lavoro.<\/li>\n<\/ul>\n<p>Pensi che sia giunto il momento di migliorare la gestione della tua azienda? Passa subito al capitolo 4 di questa guida, dove ti mostreremo <strong><a href=\"\/blog\/come-scegliere-miglior-software-gestionale\/\">come scegliere il miglior software gestionale <\/a><\/strong>per te<strong>.<\/strong><\/p>\n<div class=\"menu-guida_software_gestionale-container\"><ol id=\"short_menu_69f32da483d82\" class=\"shortcode_menu  wpsm-menu wpsm-vertical menu_enhance  ramo_custom_menu\"><li id=\"menu-item-28035\" class=\"menu-item menu-item-type-post_type menu-item-object-page menu-item-28035\"><div class=\"custom_menu_index\">1<\/div><a href=\"https:\/\/www.danea.it\/blog\/guida-scelta-software-gestionale\/\">Guida alla scelta del software gestionale<\/a><\/li>\n<li id=\"menu-item-28036\" class=\"menu-item menu-item-type-post_type menu-item-object-page menu-item-28036\"><div class=\"custom_menu_index\">2<\/div><a href=\"https:\/\/www.danea.it\/blog\/software-gestionale-vantaggi\/\">Cos\u2019\u00e8 un software gestionale e quali vantaggi offre<\/a><\/li>\n<li id=\"menu-item-28034\" class=\"menu-item menu-item-type-post_type menu-item-object-page menu-item-28034\"><div class=\"custom_menu_index\">3<\/div><a href=\"https:\/\/www.danea.it\/blog\/quando-serve-software-gestionale\/\">Quando serve un gestionale? I segnali per capirlo<\/a><\/li>\n<li id=\"menu-item-28033\" class=\"menu-item menu-item-type-post_type menu-item-object-page menu-item-28033\"><div class=\"custom_menu_index\">4<\/div><a href=\"https:\/\/www.danea.it\/blog\/quando-cambiare-software-gestionale\/\">Cambiare gestionale: quando \u00e8 il momento giusto?<\/a><\/li>\n<li id=\"menu-item-28032\" class=\"menu-item menu-item-type-post_type menu-item-object-page menu-item-28032\"><div class=\"custom_menu_index\">5<\/div><a href=\"https:\/\/www.danea.it\/blog\/come-scegliere-miglior-software-gestionale\/\">Come scegliere il miglior software gestionale per la tua azienda<\/a><\/li>\n<li id=\"menu-item-28031\" class=\"menu-item menu-item-type-post_type menu-item-object-page menu-item-28031\"><div class=\"custom_menu_index\">6<\/div><a href=\"https:\/\/www.danea.it\/blog\/come-passare-nuovo-software-gestionale\/\">Come passare al nuovo software gestionale<\/a><\/li>\n<\/ol><\/div><div class=\"clear\"><\/div>\n\t\t\t<style>\n\t\t\t\t#short_menu_69f32da483d82 {  }\n\t\t\t\t#short_menu_69f32da483d82 ul.wpsm-arrow-enabled:before {  } \n\t\t\t\t#short_menu_69f32da483d82 ul, #short_menu_69f32da483d82 ul ul {  }\n\t\t\t\t#short_menu_69f32da483d82 a {  }\n\t\t\t\t#short_menu_69f32da483d82 a:hover {  }\n\t\t\t\t#short_menu_69f32da483d82 ul a {  }\n\t\t\t\t#short_menu_69f32da483d82 ul a:hover {  }\n\t\t\t\t\n\t\t\t<\/style>\n\t\t\t<script type=\"text\/javascript\">\n\t\t\t\tvar show_arrow = \"true\";<\/script>\n<div class=\"post-tags2\"><\/div>\n","protected":false},"excerpt":{"rendered":"<p>Essere a capo di un\u2019azienda non \u00e8 semplice e pu\u00f2 diventare particolarmente arduo se ci si trova di fronte alla necessit\u00e0 di perdere tempo in compiti ripetitivi, legati alla burocrazia, alla contabilit\u00e0 o che potrebbero essere automatizzati. Non sempre \u00e8 possibile gestire con facilit\u00e0 un magazzino, le fatture, i pagamenti e tutta una serie di<\/p>\n","protected":false},"author":31,"featured_media":27986,"parent":0,"menu_order":0,"comment_status":"closed","ping_status":"closed","template":"page-templates\/guide-danea-page.php","meta":{"yasr_overall_rating":0,"yasr_post_is_review":"","yasr_auto_insert_disabled":"","yasr_review_type":"","footnotes":""},"class_list":["post-27995","page","type-page","status-publish","has-post-thumbnail","hentry"],"yasr_visitor_votes":{"stars_attributes":{"read_only":false,"span_bottom":false},"number_of_votes":1,"sum_votes":5},"wps_subtitle":"Avere il controllo della tua azienda \u00e8 complesso? Gestisci fatturazione, magazzino e pagamenti affrontando sprechi di tempo ed errori? Probabilmente \u00e8 giunto il momento di utilizzare un software gestionale. ","_links":{"self":[{"href":"https:\/\/www.danea.it\/blog\/wp-json\/wp\/v2\/pages\/27995","targetHints":{"allow":["GET"]}}],"collection":[{"href":"https:\/\/www.danea.it\/blog\/wp-json\/wp\/v2\/pages"}],"about":[{"href":"https:\/\/www.danea.it\/blog\/wp-json\/wp\/v2\/types\/page"}],"author":[{"embeddable":true,"href":"https:\/\/www.danea.it\/blog\/wp-json\/wp\/v2\/users\/31"}],"replies":[{"embeddable":true,"href":"https:\/\/www.danea.it\/blog\/wp-json\/wp\/v2\/comments?post=27995"}],"version-history":[{"count":20,"href":"https:\/\/www.danea.it\/blog\/wp-json\/wp\/v2\/pages\/27995\/revisions"}],"predecessor-version":[{"id":29373,"href":"https:\/\/www.danea.it\/blog\/wp-json\/wp\/v2\/pages\/27995\/revisions\/29373"}],"wp:featuredmedia":[{"embeddable":true,"href":"https:\/\/www.danea.it\/blog\/wp-json\/wp\/v2\/media\/27986"}],"wp:attachment":[{"href":"https:\/\/www.danea.it\/blog\/wp-json\/wp\/v2\/media?parent=27995"}],"curies":[{"name":"wp","href":"https:\/\/api.w.org\/{rel}","templated":true}]}}