{"id":28008,"date":"2024-05-28T15:16:22","date_gmt":"2024-05-28T13:16:22","guid":{"rendered":"https:\/\/www.danea.it\/blog\/?page_id=28008"},"modified":"2024-05-28T15:24:28","modified_gmt":"2024-05-28T13:24:28","slug":"quando-cambiare-software-gestionale","status":"publish","type":"page","link":"https:\/\/www.danea.it\/blog\/quando-cambiare-software-gestionale\/","title":{"rendered":"Cambiare gestionale: quando \u00e8 il momento giusto?"},"content":{"rendered":"<p>Hai mai provato quel senso di frustrazione quando il software gestionale che dovrebbe semplificarti la vita aziendale <strong>diventa un ostacolo invece che un aiuto<\/strong>? \u00c8 un segnale chiaro: \u00e8 il momento di cambiarlo.<\/p>\n<p>Quando il software gestionale non \u00e8 pi\u00f9 adatto alle tue esigenze, i <strong>segnali<\/strong> sono lampanti: processi frammentati, mancanza di integrazione, una perdita di valore degli investimenti fatti e altri ancora.<\/p>\n<p>Valutare questo genere di problemi \u00e8 importante: <strong>le aziende che rimangono bloccate<\/strong> in gestionali non pi\u00f9 idonei rischiano infatti di <strong>perdere competitivit\u00e0<\/strong> e di <strong>sprecare risorse preziose.<\/strong><\/p>\n<p>Questo problema non \u00e8 per le grandi aziende: <strong>anche le piccole o le medie imprese<\/strong> possono soffrire ugualmente di questo dilemma.<\/p>\n<p>Cambiare potrebbe sembrare una scelta complicata, ma restare ancorati a un programma che non funziona \u00e8 un rischio che spesso non ci si pu\u00f2 permettere di correre.<\/p>\n<p>Se anche tu senti di vivere situazioni come quelle di cui parleremo di seguito, allora \u00e8 evidente che sia arrivato il momento <strong>di cambiare software gestionale.<\/strong><\/p>\n<h3>I problemi pi\u00f9 comuni dei software gestionali<\/h3>\n<p>Talvolta il primo passo, il pi\u00f9 complesso, \u00e8 riuscire a <strong>riconoscere il problema.<\/strong> Ecco, quindi, alcune difficolt\u00e0 comuni che potresti riscontrare con un software gestionale che non risponde pi\u00f9 alle tue necessit\u00e0.<\/p>\n<a class=\"cta-container\" data-click-cta=\"ef-01\" href=\"\/software\/easyfatt\/\"><div style=\"background-color:#3bb1cd; color: #fff; margin: 1em 0;\">\r\n  <div class=\"row\" style=\"padding: 1em;\">\r\n    <div class=\"col-md-5\">\r\n<img decoding=\"async\" class=\"img-fluid\" src=\"\/blog\/wp-content\/uploads\/img-banner-blog-EF-pc.png\" alt=\"Easyfatt software fatturazione elettronica e gestionale\">\r\n    <\/div>\r\n    <div class=\"col-md-7\">\r\n     <img decoding=\"async\" class=\"img-fluid\" width=\"100\" src=\"\/blog\/wp-content\/uploads\/Logo-EF-White.png\" alt=\"easyfatt\" style=\"margin-top: 5px; margin-bottom: 5px\">\r\n      <br>\r\n      <p><span style=\"font-size: 17px\">\r\n       Easyfatt \u00e8 il software gestionale semplice, completo e scelto da oltre 100.000 imprese italiane.<\/span>\r\n      <\/p>\r\n      <div>\r\n        <span class=\"btn btn-banner-green\">\r\n          PROVALO GRATIS ORA <i class=\"fa-solid fa-arrow-right\"><\/i>\r\n        <\/span>\r\n      <\/div>\r\n    <\/div>\r\n  <\/div>\r\n<\/div>\r\n<\/a>\n<h4>1. Costo elevato<\/h4>\n<p>Sebbene i software gestionali siano vitali per ottimizzare l\u2019organizzazione interna, spesso le PMI si trovano a dover acquistare <strong>licenze dal prezzo elevato<\/strong>, che possono rappresentare una voce significativa per i conti dell\u2019azienda.<\/p>\n<p>Oltre al costo della licenza, spesso vi sono <strong>spese aggiuntive<\/strong> per hardware, implementazione, formazione e supporto, che possono aumentare ulteriormente i costi complessivi.<\/p>\n<p>Per non parlare delle<strong> spese impreviste<\/strong> da affrontare nel caso in cui vengano riscontrate difficolt\u00e0 o si abbia bisogno di assistenza tecnica specifica.<\/p>\n<p><strong>L&#8217;assenza di un modello tariffario adatto<\/strong> alle dimensioni e alle necessit\u00e0 delle PMI pu\u00f2 rendere ancora pi\u00f9 difficile l&#8217;accesso a soluzioni adeguate.<\/p>\n<h4>2. Complessit\u00e0 eccessiva<\/h4>\n<p>Molte soluzioni sul mercato sono progettate per soddisfare le <strong>esigenze delle grandi aziende<\/strong>, che richiedono funzionalit\u00e0 avanzate e personalizzazioni.<\/p>\n<p>Questo porta spesso a una <strong>sovrabbondanza di funzionalit\u00e0 e opzioni<\/strong> che le PMI non necessitano, rendendo l&#8217;interfaccia difficile da navigare e l&#8217;apprendimento del software pi\u00f9 impegnativo.<\/p>\n<p>Ad esempio, un programma progettato per una multinazionale potrebbe includere moduli per la gestione delle filiali in tutto il mondo, analisi finanziarie dettagliate e funzionalit\u00e0 di reporting complesse, che possono risultare <strong>eccessive per una piccola impresa<\/strong> con esigenze pi\u00f9 limitate.<\/p>\n<h4>3. Utilizzo ridotto del software<\/h4>\n<p>Spesso le aziende investono in software gestionali complessi e costosi, solo per scoprire in seguito che <strong>molte delle funzionalit\u00e0 offerte non sono necessarie<\/strong> per le proprie operazioni quotidiane.<\/p>\n<p>La combinazione di spesa e complessit\u00e0 pu\u00f2 <strong>scoraggiare gli utenti dall&#8217;utilizzare<\/strong> appieno tutte le opzioni disponibili, riducendo cos\u00ec il suo valore per l&#8217;azienda e rappresentando alla fine un investimento di risorse non necessario.<\/p>\n<p>Invece di investire in un software sovradimensionato, le PMI dovrebbero in definitiva considerare il passaggio a un<strong><a href=\"\/software\/easyfatt\/gestionale\/\"> programma gestionale pi\u00f9 semplice<\/a><\/strong> e adatto alle proprie esigenze.<\/p>\n<blockquote><p>Scopri tutti gli articoli dedicati alla <a href=\"\/blog\/gestione-aziendale\/\">gestione aziendale. <\/a>Troverai tanti consigli utili per gestire i vari ambiti della tua attivit\u00e0: dal magazzino al marketing, fino alla gestione dei dipendenti.<\/p><\/blockquote>\n<h3>Perch\u00e9 cambiare software gestionale<\/h3>\n<p>Se l\u2019attuale software gestionale non risponde alle tue esigenze, la soluzione \u00e8 quella di orientarti <strong>verso una soluzione pi\u00f9 adatta<\/strong>: ci\u00f2 pu\u00f2 infatti portare una serie di vantaggi cruciali per l\u2019azienda.<\/p>\n<p>Prima di tutto, se il <strong>programma risulta obsoleto<\/strong> potrebbe rallentare le prestazioni dei dispositivi, causare difficolt\u00e0 tecnologiche e comportare costi elevati nel tentativo di mantenerlo compatibile con i nuovi sistemi operativi o computer.<\/p>\n<p>Un nuovo gestionale non solo migliorer\u00e0 le prestazioni aziendali, ma permetter\u00e0 di <strong>mantenere la tua azienda competitiva sul mercato<\/strong>.<\/p>\n<p>Inoltre, il cambiamento \u00e8 essenziale per seguire l&#8217;evoluzione del tuo business; infatti, nel nuovo software, potresti trovare <strong>funzionalit\u00e0<\/strong> in grado di supportare con maggiore efficacia le attivit\u00e0 aziendali.<\/p>\n<p>Cambiare il gestionale pu\u00f2 rappresentare un investimento, ma i benefici a lungo termine superano di gran lunga i costi iniziali, portando a una <strong>maggiore efficienza<\/strong> operativa e competitiva per la tua azienda.<\/p>\n<p>Nel prossimo capitolo ti guideremo lungo il percorso che ti permetter\u00e0 di <a href=\"\/blog\/come-scegliere-miglior-software-gestionale\/\">scegliere il nuovo software gestionale<\/a>, che sappia rispondere al meglio ai bisogni della tua realt\u00e0 imprenditoriale.<\/p>\n<div class=\"menu-guida_software_gestionale-container\"><ol id=\"short_menu_69db71d59418c\" class=\"shortcode_menu  wpsm-menu wpsm-vertical menu_enhance  ramo_custom_menu\"><li id=\"menu-item-28035\" class=\"menu-item menu-item-type-post_type menu-item-object-page menu-item-28035\"><div class=\"custom_menu_index\">1<\/div><a href=\"https:\/\/www.danea.it\/blog\/guida-scelta-software-gestionale\/\">Guida alla scelta del software gestionale<\/a><\/li>\n<li id=\"menu-item-28036\" class=\"menu-item menu-item-type-post_type menu-item-object-page menu-item-28036\"><div class=\"custom_menu_index\">2<\/div><a href=\"https:\/\/www.danea.it\/blog\/software-gestionale-vantaggi\/\">Cos\u2019\u00e8 un software gestionale e quali vantaggi offre<\/a><\/li>\n<li id=\"menu-item-28034\" class=\"menu-item menu-item-type-post_type menu-item-object-page menu-item-28034\"><div class=\"custom_menu_index\">3<\/div><a href=\"https:\/\/www.danea.it\/blog\/quando-serve-software-gestionale\/\">Quando serve un gestionale? I segnali per capirlo<\/a><\/li>\n<li id=\"menu-item-28033\" class=\"menu-item menu-item-type-post_type menu-item-object-page menu-item-28033\"><div class=\"custom_menu_index\">4<\/div><a href=\"https:\/\/www.danea.it\/blog\/quando-cambiare-software-gestionale\/\">Cambiare gestionale: quando \u00e8 il momento giusto?<\/a><\/li>\n<li id=\"menu-item-28032\" class=\"menu-item menu-item-type-post_type menu-item-object-page menu-item-28032\"><div class=\"custom_menu_index\">5<\/div><a href=\"https:\/\/www.danea.it\/blog\/come-scegliere-miglior-software-gestionale\/\">Come scegliere il miglior software gestionale per la tua azienda<\/a><\/li>\n<li id=\"menu-item-28031\" class=\"menu-item menu-item-type-post_type menu-item-object-page menu-item-28031\"><div class=\"custom_menu_index\">6<\/div><a href=\"https:\/\/www.danea.it\/blog\/come-passare-nuovo-software-gestionale\/\">Come passare al nuovo software gestionale<\/a><\/li>\n<\/ol><\/div><div class=\"clear\"><\/div>\n\t\t\t<style>\n\t\t\t\t#short_menu_69db71d59418c {  }\n\t\t\t\t#short_menu_69db71d59418c ul.wpsm-arrow-enabled:before {  } \n\t\t\t\t#short_menu_69db71d59418c ul, #short_menu_69db71d59418c ul ul {  }\n\t\t\t\t#short_menu_69db71d59418c a {  }\n\t\t\t\t#short_menu_69db71d59418c a:hover {  }\n\t\t\t\t#short_menu_69db71d59418c ul a {  }\n\t\t\t\t#short_menu_69db71d59418c ul a:hover {  }\n\t\t\t\t\n\t\t\t<\/style>\n\t\t\t<script type=\"text\/javascript\">\n\t\t\t\tvar show_arrow = \"true\";<\/script>\n<div class=\"post-tags2\"><\/div>\n","protected":false},"excerpt":{"rendered":"<p>Hai mai provato quel senso di frustrazione quando il software gestionale che dovrebbe semplificarti la vita aziendale diventa un ostacolo invece che un aiuto? \u00c8 un segnale chiaro: \u00e8 il momento di cambiarlo. Quando il software gestionale non \u00e8 pi\u00f9 adatto alle tue esigenze, i segnali sono lampanti: processi frammentati, mancanza di integrazione, una perdita<\/p>\n","protected":false},"author":31,"featured_media":27986,"parent":0,"menu_order":0,"comment_status":"closed","ping_status":"closed","template":"page-templates\/guide-danea-page.php","meta":{"yasr_overall_rating":0,"yasr_post_is_review":"","yasr_auto_insert_disabled":"","yasr_review_type":"","footnotes":""},"class_list":["post-28008","page","type-page","status-publish","has-post-thumbnail","hentry"],"yasr_visitor_votes":{"stars_attributes":{"read_only":false,"span_bottom":false},"number_of_votes":1,"sum_votes":5},"wps_subtitle":"Il tuo attuale software gestionale \u00e8 troppo costoso, complesso e poco utilizzato da te e dai tuoi dipendenti? \u00c8 arrivata l'ora di cambiarlo: ecco perch\u00e9.","_links":{"self":[{"href":"https:\/\/www.danea.it\/blog\/wp-json\/wp\/v2\/pages\/28008","targetHints":{"allow":["GET"]}}],"collection":[{"href":"https:\/\/www.danea.it\/blog\/wp-json\/wp\/v2\/pages"}],"about":[{"href":"https:\/\/www.danea.it\/blog\/wp-json\/wp\/v2\/types\/page"}],"author":[{"embeddable":true,"href":"https:\/\/www.danea.it\/blog\/wp-json\/wp\/v2\/users\/31"}],"replies":[{"embeddable":true,"href":"https:\/\/www.danea.it\/blog\/wp-json\/wp\/v2\/comments?post=28008"}],"version-history":[{"count":7,"href":"https:\/\/www.danea.it\/blog\/wp-json\/wp\/v2\/pages\/28008\/revisions"}],"predecessor-version":[{"id":28041,"href":"https:\/\/www.danea.it\/blog\/wp-json\/wp\/v2\/pages\/28008\/revisions\/28041"}],"wp:featuredmedia":[{"embeddable":true,"href":"https:\/\/www.danea.it\/blog\/wp-json\/wp\/v2\/media\/27986"}],"wp:attachment":[{"href":"https:\/\/www.danea.it\/blog\/wp-json\/wp\/v2\/media?parent=28008"}],"curies":[{"name":"wp","href":"https:\/\/api.w.org\/{rel}","templated":true}]}}