{"id":4694,"date":"2014-11-04T06:59:45","date_gmt":"2014-11-04T05:59:45","guid":{"rendered":"http:\/\/www.danea.it\/blog\/?page_id=4694"},"modified":"2025-05-27T14:08:34","modified_gmt":"2025-05-27T12:08:34","slug":"aprire-negozio-online","status":"publish","type":"page","link":"https:\/\/www.danea.it\/blog\/aprire-negozio-online\/","title":{"rendered":"Aprire un negozio online conviene? Ecco 9 buoni motivi per farlo"},"content":{"rendered":"<p><strong>L\u2019e-commerce in Italia cresce ed evolve costantemente<\/strong>. Nel 2024 gli acquisti online hanno superato i 58,8 miliardi di euro, con un <strong>aumento del 6%<\/strong> rispetto all\u2019anno precedente .<\/p>\n<p>Nell\u2019ambito dei prodotti, spiccano <strong>l&#8217;Arredamento e home living <\/strong>(+12%), il<strong> Beauty&amp;Pharma <\/strong>(+12%) e<strong> il Food&amp;Grocery <\/strong>(+7%)<strong>.<\/strong><\/p>\n<p>Nei servizi, crescono il comparto del <strong>Turismo e Trasporti e il ticketing per eventi<\/strong> (+8%).<\/p>\n<p>Sono questi alcuni dei dati emersi dall\u2019ultima indagine dell&#8217;<a href=\"https:\/\/www.osservatori.net\/ecommerce-b2c\/\" target=\"_blank\" rel=\"noopener\"><strong>Osservatorio E-commerce B2C del Politecnico di Milano<\/strong><\/a>.<\/p>\n<p>I<strong> consumatori italiani sono ormai abituati ad acquistare online. <\/strong>L&#8217;esperienza di acquisto, per\u00f2, \u00e8 sempre pi\u00f9 <strong>omnichannel<\/strong>, con il digitale che orienta le decisioni, anche quando l&#8217;acquisto avviene in un negozio fisico.<\/p>\n<p>Alla luce di tutti questi dati e tendenze, <strong>aprire uno shop online conviene nel 2025<\/strong>? A nostro parere, <strong>la risposta \u00e8 s\u00ec, purch\u00e9 venga fatto con una strategia alle spalle<\/strong> e aiutandosi nella attivit\u00e0 gestionali un ottimo <strong><a href=\"\/software\/easyfatt\/ecommerce\/\">software e-commerce<\/a><\/strong>.<\/p>\n<a class=\"cta-container\" data-click-cta=\"ef-03\" href=\"\/software\/easyfatt\/ecommerce\/\"><div style=\"background-color:#3bb1cd; color: #fff; margin: 1em 0;\">\n  <div class=\"row\" style=\"padding: 1em;\">\n    <div class=\"col-md-6\">\n<img decoding=\"async\" class=\"img-fluid\" src=\"\/blog\/wp-content\/uploads\/img-banner-blog-EF-e-commerce.png\" alt=\"Easyfatt software fatturazione elettronica e gestionale\">\n    <\/div>\n    <div class=\"col-md-6\">\n     <img decoding=\"async\" class=\"img-fluid\" width=\"100\" src=\"\/blog\/wp-content\/uploads\/Logo-EF-White.png\" alt=\"easyfatt\" style=\"margin-top: 5px; margin-bottom: 5px\">\n      <br>\n      <p><span style=\"font-size: 17px\">\n       Il Gestionale E-commerce usato ogni giorno da oltre 5000 shop online!<\/span>\n      <\/p>\n      <div>\n        <span class=\"btn btn-banner-green\">\n          PROVALO GRATIS ORA <i class=\"fa-solid fa-arrow-right\"><\/i>\n        <\/span>\n      <\/div>\n    <\/div>\n  <\/div>\n<\/div>\n<\/a>\n<h3>9 buoni motivi per aprire un e-commerce<\/h3>\n<p>Di seguito riportiamo schematicamente quelli che per noi sono gli 8 buoni motivi per aprire un negozio online oggi.<\/p>\n<h4>1. Costo di un sito ecommerce<\/h4>\n<p>Con la crescita della competizione online, <strong>aprire e gestire un sito ecommerce \u00e8 oggi molto pi\u00f9 costoso rispetto a qualche anno fa<\/strong>. Malgrado questo, per\u00f2, uno shop online continua a essere pi\u00f9 conveniente di un negozio fisico, sempre che il tipo di business di cui stiamo parlando possa fare a meno del contatto diretto.<\/p>\n<p>Per avere un\u2019idea chiara dei costi, bisogna assolutamente comprendere che la messa online della piattaforma ecommerce non assicura di per s\u00e9 il successo in termini di vendite e si devono mettere in conto anche i costi necessari per realizzare una buona <a href=\"\/blog\/analisi-di-mercato\/\">analisi di mercato<\/a> e un <strong>piano di <a href=\"\/blog\/marketing-ecommerce\/\">marketing per e-commerce<\/a><\/strong>.<\/p>\n<p>La scelta della piattaforma e-commerce pi\u00f9 appropriato deve essere compiuta solo dopo la definizione degli obiettivi e lo sviluppo della strategia. Purtroppo, in molti casi, si parte erroneamente dalla pubblicazione del sito scontrandosi successivamente con limiti strutturali invalicabili. A tal proposito, \u00e8 consigliabile affidarsi a un professionista per valutare a monte quali sono le necessit\u00e0 e orientare gli investimenti nella giusta direzione.<\/p>\n<blockquote><p><strong>Easyfatt \u00e8 integrabile con le pi\u00f9 note piattaforme e-commerce.<\/strong><br \/>\nTra le integrazioni disponibili, vi \u00e8 anche quella con <strong><a href=\"\/software\/easyfatt\/ecommerce\/teamsystem-commerce\/\">TeamSystem Commerce di TeamSystem<\/a><\/strong>, la piattaforma consente di creare il proprio shop online in modo semplice e autonomo e di gestirlo in modo semplice e completo.<\/p><\/blockquote>\n<p>Indipendentemente dalla scelta, \u00e8 sempre fondamentale verificare che la piattaforma sia compatibile con i\u00a0<strong><a href=\"\/blog\/miglior-programma-gestione-magazzino\/\">migliori programmi di gestione del magazzino<\/a><\/strong>, questo ti eviter\u00e0 brutte sorprese quando bisogner\u00e0 far fronte alla crescita delle vendite.<\/p>\n<p>Infine, occorre anche tener conto dei costi di <strong>ottimizzazione SEO<\/strong>, di miglioramento della <strong>user experience<\/strong> e di <strong>advertising<\/strong> sui canali social e i motori di ricerca.<br \/>\nPonendo la giusta attenzione a tutti i punti che abbiamo elencato eviterai inutili emorragie di budget e, al contempo, potrai costruire una strategia di visibilit\u00e0 online capace nel tempo di puntare a un ROI (ritorno di investimento) positivo.<\/p>\n<p>Se invece non ti interessa investire su una piattaforma e-commerce aziendale, l\u2019alternativa \u00e8 quella di affidarsi a un <a href=\"\/blog\/marketplace\/\">marketplace<\/a> gi\u00e0 esistente come eBay, Amazon ed Etsy sottostando alle consistenti commissioni richieste dal fornitore del servizio per mantenere \u201conline\u201d il proprio negozio.<\/p>\n<blockquote><p>Scopri <a href=\"\/blog\/aprire-negozio-ebay\/\">come aprire un negozio Ebay<\/a> e <a href=\"\/blog\/vendere-su-amazon\/\">come vendere su Amazon<\/a> e su <a href=\"\/blog\/come-vendere-su-etsy\/\">Etsy<\/a>.<\/p><\/blockquote>\n<h4>2. Vendita diretta senza intermediari<\/h4>\n<p>Con il lancio del commercio online le aziende produttrici hanno cominciato a dialogare in modo pi\u00f9 semplice e diretto con il cliente finale. L\u2019apertura di questo nuovo canale di comunicazione \u00e8 stato incentivato anche dalla vertiginosa crescita dei social media che hanno intensificato i rapporti tra aziende e consumatori favorendo anche un\u2019assistenza clienti sempre pi\u00f9 veloce e in tempo reale. Grazie al commercio elettronico, molte case di moda e diverse aziende del <strong>Made<\/strong> <strong>in Italy<\/strong> sono riuscite a contenere gli effetti negativi del lockdown. L\u2019opportunit\u00e0 \u00e8 stata colta anche dalle piccole e medie imprese e dalle aziende artigiane.<\/p>\n<h4>3. Ampliamento della platea dei possibili acquirenti<\/h4>\n<p>Un negozio fisico ha in genere una clientela limitata, spesso occasionale e molte volte non continuativa. A seconda dei prodotti venduti e della localizzazione, pu\u00f2 avere un certo numero di clienti fissi, che tende a rimanere costante nel tempo.<br \/>\nL\u2019e-commerce permette in alternativa di rivolgersi a <strong>un mercato virtualmente infinito<\/strong>, potenzialmente senza confini geografici e con la possibilit\u00e0 di fidelizzare i clienti esistenti e acquisirne continuamente di nuovi. In quest\u2019ottica \u00e8 importante curare la versione multilingua del sito prestando attenzione all\u2019attivit\u00e0 di copywriting nelle diverse versioni linguistiche. Quest\u2019ultimo punto \u00e8 spesso trascurato da molti store online che, maldestramente, affidano le traduzioni ai servizi automatici gratuiti facilmente reperibili online.<\/p>\n<p>Grazie al commercio elettronico, molte<strong> piccole e medie imprese, aziende artigiane<\/strong> e del <strong>Made in Italy<\/strong> riescono a superare i limiti territoriali e a vendere in Italia e in tutto il mondo.<\/p>\n<h4>4. Servizio 24 ore su 24 e 365 giorni all\u2019anno<strong><br \/>\n<\/strong><\/h4>\n<p>Un negozio online non smette mai di lavorare e i potenziali acquirenti possono accedervi, anche solo per dare un\u2019occhiata ai prodotti, a qualunque ora del giorno, da qualsiasi dispositivo (PC, smartphone, tablet). Si aggiunge a questo non trascurabile aspetto che g<strong>li ordini possono essere fatti in qualsiasi giorno dell\u2019anno e senza i vincoli di chiusura<\/strong> obbligatori normalmente rispettati dai negozi tradizionali per determinate festivit\u00e0 o per il riposo settimanale.<\/p>\n<h4>5. Magazzino sotto controllo in tempo reale<strong><br \/>\n<\/strong><\/h4>\n<p>Aprire un negozio online permette, attraverso <strong>software<\/strong> <strong>gestionali<\/strong> dedicati, di stabilire subito quali sono i prodotti pi\u00f9 ricercati e venduti in modo da ottimizzare l\u2019approvvigionamento per avere minori giacenze e smaltire i prodotti meno richiesti attraverso offerte, promozioni e sconti. Se si sanno sfruttare i dati in tempo reale sempre disponibili, l\u2019e-commerce permette sostanzialmente una <a href=\"\/blog\/gestione-magazzino-guida-danea\/\">gestione di magazzino<\/a> complessiva molto pi\u00f9 efficiente.<\/p>\n<a class=\"cta-container\" data-click-cta=\"ef-03\" href=\"\/software\/easyfatt\/ecommerce\/\"><div style=\"background-color:#3bb1cd; color: #fff; margin: 1em 0;\">\n  <div class=\"row\" style=\"padding: 1em;\">\n    <div class=\"col-md-6\">\n<img decoding=\"async\" class=\"img-fluid\" src=\"\/blog\/wp-content\/uploads\/img-banner-blog-EF-e-commerce.png\" alt=\"Easyfatt software fatturazione elettronica e gestionale\">\n    <\/div>\n    <div class=\"col-md-6\">\n     <img decoding=\"async\" class=\"img-fluid\" width=\"100\" src=\"\/blog\/wp-content\/uploads\/Logo-EF-White.png\" alt=\"easyfatt\" style=\"margin-top: 5px; margin-bottom: 5px\">\n      <br>\n      <p><span style=\"font-size: 17px\">\n       Il Gestionale E-commerce usato ogni giorno da oltre 5000 shop online!<\/span>\n      <\/p>\n      <div>\n        <span class=\"btn btn-banner-green\">\n          PROVALO GRATIS ORA <i class=\"fa-solid fa-arrow-right\"><\/i>\n        <\/span>\n      <\/div>\n    <\/div>\n  <\/div>\n<\/div>\n<\/a>\n<h4>6. Burocrazia e gestione pi\u00f9 snella<strong><br \/>\n<\/strong><\/h4>\n<p>Fatturazione, ordini, cataloghi, spedizioni\u2026 Tutte le attivit\u00e0 che spesso vengono considerate pi\u00f9 noiose, come quelle amministrative, in un sito e-commerce diventano pi\u00f9 veloci da gestire perch\u00e9 svolte direttamente e unicamente tramite piattaforma.<\/p>\n<blockquote><p>Scopri come funziona la <a href=\"\/blog\/fatturazione-e-commerce-quando-e-come-emettere-fattura\/\">fatturazione nell\u2019e-commerce<\/a><\/p><\/blockquote>\n<h4>7. Risultati misurabili<\/h4>\n<p>Uno dei principali punti di forza delle attivit\u00e0 di web marketing \u00e8 la <strong>misurabilit\u00e0 delle performance<\/strong>. Tutti i business online, inclusi gli e-commerce, possono utilizzare la forza dei dati per valutare il successo di ogni attivit\u00e0 di promozione. Strumenti come Google e Facebook Analytics, Google Search Console, Semrush e Seozoom possono contribuire in modo decisivo al raggiungimento degli obiettivi.<\/p>\n<h4>8. Agevolare la vendita tramite social media<\/h4>\n<p><strong>I social media stanno diventando sempre pi\u00f9 un canale per lo shopping<\/strong>. Facebook, Instagram, Tik Tok, Pinterest e altri social hanno messo in campo iniziative e funzionalit\u00e0 per favorire l\u2019acquisto online tramite le proprie piattaforme.<\/p>\n<p>Nell\u2019ambito di e-commerce e social, si possono riscontrare due trend:<\/p>\n<ul>\n<li><strong>Social Shopping<\/strong>: attraverso sponsorizzazioni mirate, il commerciante propone i suoi prodotti e servizi a utenti potenzialmente interessati e li incentiva a terminare l\u2019acquisto all\u2019interno di una pagina del proprio sito.<\/li>\n<li><strong>Social Commerce<\/strong>: l\u2019acquisto avviene all\u2019interno della piattaforma Social, in modo nativo e fluido, integrato nell\u2019esperienza utente del social stesso.<\/li>\n<\/ul>\n<p>Aprire un negozio online conviene sia per permettere all\u2019utente di concludere l\u2019acquisto online aver interagito con la sponsorizzazione, sia a supporto del Social Commerce.<\/p>\n<blockquote><p>Con la piattaforma TeamSystem Commerce <strong>gestisci in modo sincronizzato le vendite sul tuo negozio online e tramite le tue pagine social<\/strong> Facebook e Instagram.<br \/>\nTeamSystem Commerce \u00e8 integrato a Easyfatt, per una gestione pi\u00f9 semplice di ordini e magazzino.<br \/>\n<a href=\"\/software\/easyfatt\/ecommerce\/teamsystem-commerce\/\">Scopri tutto su Easyfatt e TeamSystem Commerce<\/a><\/p><\/blockquote>\n<h4>9. Incentivi e finanziamenti a fondo perduto<\/h4>\n<p>Da ultimo, ma non per importanza, non bisogna assolutamente dimenticare che il Governo e l\u2019Unione Europea considerano la digitalizzazione un obiettivo strategico per la crescita economica. Questo vuol dire che periodicamente \u00e8 possibile beneficiare di incentivi e finanziamenti a fondo perduto per l\u2019avvio di progetti di e-commerce e di internazionalizzazione.<\/p>\n<p>&nbsp;<\/p>\n<blockquote><p><strong><em><strong><em>&gt;&gt;Vai<\/em><\/strong> al 2\u00b0 capitolo della Guida<\/em>:<\/strong> <a href=\"https:\/\/www.danea.it\/blog\/creare-ecommerce-piattaforme\/\">Creare sito ecommerce: quale piattaforma software usare<\/a><\/p><\/blockquote>\n<p>&nbsp;<\/p>\n<div class=\"menu-ecommerce-container\"><ol id=\"short_menu_6a0953544bd5b\" class=\"shortcode_menu  wpsm-menu wpsm-vertical menu_enhance  ramo_custom_menu\"><li id=\"menu-item-4704\" class=\"menu-item menu-item-type-custom menu-item-object-custom menu-item-4704\"><div class=\"custom_menu_index\">1<\/div><a href=\"\/blog\/aprire-negozio-online\/\">Aprire un negozio online:  perch\u00e9 conviene<\/a><\/li>\n<li id=\"menu-item-4702\" class=\"menu-item menu-item-type-custom menu-item-object-custom menu-item-4702\"><div class=\"custom_menu_index\">2<\/div><a href=\"\/blog\/creare-ecommerce-piattaforme\/\">Quale software utilizzare per creare un sito e-commerce<\/a><\/li>\n<li id=\"menu-item-4705\" class=\"menu-item menu-item-type-custom menu-item-object-custom menu-item-4705\"><div class=\"custom_menu_index\">3<\/div><a href=\"\/blog\/normativa-ecommerce\/\">Ecommerce: la normativa per vendere online<\/a><\/li>\n<li id=\"menu-item-4706\" class=\"menu-item menu-item-type-custom menu-item-object-custom menu-item-4706\"><div class=\"custom_menu_index\">4<\/div><a href=\"\/blog\/gestione-ecommerce\/\">Gestione ecommerce: come gestire magazzino, logistica e fatturazione<\/a><\/li>\n<li id=\"menu-item-4707\" class=\"menu-item menu-item-type-custom menu-item-object-custom menu-item-4707\"><div class=\"custom_menu_index\">5<\/div><a href=\"\/blog\/marketing-ecommerce\/\">Marketing dell\u2019ecommerce: i principali strumenti e tecniche<\/a><\/li>\n<\/ol><\/div><div class=\"clear\"><\/div>\n\t\t\t<style>\n\t\t\t\t#short_menu_6a0953544bd5b {  }\n\t\t\t\t#short_menu_6a0953544bd5b ul.wpsm-arrow-enabled:before {  } \n\t\t\t\t#short_menu_6a0953544bd5b ul, #short_menu_6a0953544bd5b ul ul {  }\n\t\t\t\t#short_menu_6a0953544bd5b a {  }\n\t\t\t\t#short_menu_6a0953544bd5b a:hover {  }\n\t\t\t\t#short_menu_6a0953544bd5b ul a {  }\n\t\t\t\t#short_menu_6a0953544bd5b ul a:hover {  }\n\t\t\t\t\n\t\t\t<\/style>\n\t\t\t<script type=\"text\/javascript\">\n\t\t\t\tvar show_arrow = \"true\";<\/script>\n<div class=\"post-tags2\"><\/div>\n","protected":false},"excerpt":{"rendered":"<p>L\u2019e-commerce in Italia cresce ed evolve costantemente. Nel 2024 gli acquisti online hanno superato i 58,8 miliardi di euro, con un aumento del 6% rispetto all\u2019anno precedente . Nell\u2019ambito dei prodotti, spiccano l&#8217;Arredamento e home living (+12%), il Beauty&amp;Pharma (+12%) e il Food&amp;Grocery (+7%). Nei servizi, crescono il comparto del Turismo e Trasporti e il<\/p>\n","protected":false},"author":50,"featured_media":4764,"parent":0,"menu_order":0,"comment_status":"open","ping_status":"closed","template":"page-templates\/guide-danea-page.php","meta":{"yasr_overall_rating":0,"yasr_post_is_review":"","yasr_auto_insert_disabled":"","yasr_review_type":"","footnotes":""},"class_list":["post-4694","page","type-page","status-publish","has-post-thumbnail","hentry"],"yasr_visitor_votes":{"stars_attributes":{"read_only":false,"span_bottom":false},"number_of_votes":56,"sum_votes":239},"wps_subtitle":"Nel 2024 l\u2019e-commerce in Italia ha superato i 58 miliardi di euro. I consumatori cercano un\u2019esperienza di acquisto omnicanale, che coniuga online e negozio fisico. Vediamo i trend e perch\u00e9 oggi aprire un e-commerce conviene.","_links":{"self":[{"href":"https:\/\/www.danea.it\/blog\/wp-json\/wp\/v2\/pages\/4694","targetHints":{"allow":["GET"]}}],"collection":[{"href":"https:\/\/www.danea.it\/blog\/wp-json\/wp\/v2\/pages"}],"about":[{"href":"https:\/\/www.danea.it\/blog\/wp-json\/wp\/v2\/types\/page"}],"author":[{"embeddable":true,"href":"https:\/\/www.danea.it\/blog\/wp-json\/wp\/v2\/users\/50"}],"replies":[{"embeddable":true,"href":"https:\/\/www.danea.it\/blog\/wp-json\/wp\/v2\/comments?post=4694"}],"version-history":[{"count":50,"href":"https:\/\/www.danea.it\/blog\/wp-json\/wp\/v2\/pages\/4694\/revisions"}],"predecessor-version":[{"id":29399,"href":"https:\/\/www.danea.it\/blog\/wp-json\/wp\/v2\/pages\/4694\/revisions\/29399"}],"wp:featuredmedia":[{"embeddable":true,"href":"https:\/\/www.danea.it\/blog\/wp-json\/wp\/v2\/media\/4764"}],"wp:attachment":[{"href":"https:\/\/www.danea.it\/blog\/wp-json\/wp\/v2\/media?parent=4694"}],"curies":[{"name":"wp","href":"https:\/\/api.w.org\/{rel}","templated":true}]}}