{"id":4710,"date":"2014-11-04T06:39:43","date_gmt":"2014-11-04T05:39:43","guid":{"rendered":"http:\/\/www.danea.it\/blog\/?page_id=4710"},"modified":"2025-01-09T12:48:27","modified_gmt":"2025-01-09T11:48:27","slug":"creare-ecommerce-piattaforme","status":"publish","type":"page","link":"https:\/\/www.danea.it\/blog\/creare-ecommerce-piattaforme\/","title":{"rendered":"Quale software CMS utilizzare per creare un sito e-commerce"},"content":{"rendered":"<p>Il CMS (content management system) \u00e8 uno strumento software installato sul server che facilita la gestione dei contenuti online da parte degli utenti e permette di <strong>realizzare un sito ecommerce<\/strong> molto pi\u00f9 velocemente. Oggi praticamente tutti i siti web hanno un CMS, anche gli e-commerce, e il vantaggio pi\u00f9 importante \u00e8 quello di poter aggiornare con facilit\u00e0 i contenuti e le schede prodotto senza dover scrivere una riga di codice.<\/p>\n<p>Online \u00e8 possibile trovare diversi software per e-commerce di tipo CMS e la scelta di uno rispetto a un\u2019altro viene normalmente dettata dagli obiettivi e dalle diverse necessit\u00e0. Anche se la rete \u00e8 piena di software open source (gratuiti), il consiglio \u00e8 sempre quello di affidarsi a dei professionisti per validare la strategia di <a href=\"\/blog\/marketing-ecommerce\/\">marketing per e-commerce<\/a> e sviluppare l\u2019ossatura fondamentale del sito.<\/p>\n<h2>Quali sono i cms per ecommerce pi\u00f9 usati in Italia?<\/h2>\n<p>Per avere una panoramica sui software CMS pi\u00f9 utilizzati nel nostro Paese, \u00e8 utile partire dai dati di <a href=\"https:\/\/builtwith.com\/\" target=\"_blank\" rel=\"noopener noreferrer\">Builtwith<\/a>, il sito che aiuta a capire l\u2019utilizzo delle tecnologie internet tramite report, che includono software di analitica, advertising e, per l\u2019appunto, CMS.<\/p>\n<p>Secondo Builtwith, al 4 gennaio 2025, tra i CMS pi\u00f9 utilizzati in Italia, vi sono:<\/p>\n<ul>\n<li>13,01% Woocommerce<\/li>\n<li>11,08% Shopify<\/li>\n<li>9,5% Wix<\/li>\n<li>3,66% PrestaShop<\/li>\n<li>0,87% Magento<\/li>\n<\/ul>\n<p>Nella classifica rientra anche TeamSystem Commerce (ex Storeden), la piattaforma che permette di creare uno shop online in autonomia.<\/p>\n<h2>Qual \u00e8 il miglior software per creare un ecommerce?<\/h2>\n<p>Al di l\u00e0 delle percentuali di utilizzo, vi riportiamo di seguito alcune informazioni sui CMS che potrebbero rappresentare una valida opzione per un progetto di vendita online.<\/p>\n<h3>TeamSystem Commerce<\/h3>\n<p>TeamSystem Commerce \u00e8 la piattaforma che permette di creare un sito e-commerce con semplicit\u00e0, <strong>senza richiedere competenze informatiche<\/strong>.<\/p>\n<p>Permette di <strong>gestire gli ordini in modo completo<\/strong>, dalla scelta delle tipologie di spedizioni al tracking, fino eventuali resi.<br \/>\nInoltre, consente di <strong>vendere sui social<\/strong> (Facebook e Instagram), sincronizzando in automatico catalogo, prezzi e disponibilit\u00e0.<br \/>\nTramite TeamSystem Commerce \u00e8 possibile anche <strong>gestire la vendita sui marketplace<\/strong> Ali Express, Ebay e Amazon, gestendo gli ordini e aggiornando il magazzino in tempo reale.<br \/>\nMa non finisce qui. TeamSystem Commerce integra anche vari <strong>strumenti di marketing<\/strong>, utili a monitorare e incrementare le vendite: coupon, gift card, report, recensioni verificate e tanto altro ancora.<\/p>\n<p>TeamSystem Commerce \u00e8 perfettamente <strong>integrato<\/strong> con il <strong><a href=\"\/software\/easyfatt\/ecommerce\/\">gestionale per e-commerce Easyfatt<\/a><\/strong>, usato da migliaia di shop online italiani.<br \/>\nGrazie all\u2019integrazione, si possono pubblicare i prodotti sull\u2019e-commerce direttamente dal gestionale e gestire il feed dei prodotti e degli ordini in modo sincronizzato.<br \/>\n<a href=\"\/software\/easyfatt\/ecommerce\/teamsystem-commerce\/\">Scopri di pi\u00f9 sull\u2019integrazione tra Easyfatt e TeamSystem Commerce &gt;<\/a><\/p>\n<h4>Shopify<\/h4>\n<p>Shopify \u00e8 la piattaforma diffusa a livello mondiale per l\u2019avvio, la gestione e lo sviluppo di attivit\u00e0 di vendita sul web, scelta da oltre un milione di e-shop.<br \/>\nIl suo vantaggio principale \u00e8 di essere una<strong> piattaforma \u201call-in-one\u201d<\/strong> facile da utilizzare.<\/p>\n<p>Tra gli aspetti negativi si segnalano, per\u00f2, le <strong>commissioni di vendita<\/strong> da pagare su ogni transazione, la presenza di un canone mensile di non poco conto e le difficolt\u00e0 di personalizzazione grafica dell\u2019e-commerce. Un punto, quest\u2019ultimo, particolarmente delicato se avete bisogno di dare risalto all\u2019unicit\u00e0 del vostro brand.<\/p>\n<h4>Wix<\/h4>\n<p>Sulla scia di Shopify, ma con prezzi (e ambizioni) pi\u00f9 contenuti, c\u2019\u00e8 Wix. Questa piattaforma \u00e8 solitamente utilizzata dalle <strong>realt\u00e0 pi\u00f9 piccole<\/strong> che vogliono affacciarsi nel mondo della vendita online senza compiere, almeno inizialmente, grossi investimenti.<\/p>\n<p>Offre<strong> template ottimizzati per dispositivi mobili<\/strong> gi\u00e0 comprensivi di font multilingue, immagini gratuite e metodi di pagamento multipli. Dispone, inoltre, di un app store con varie funzionalit\u00e0 extra gratuite o a pagamento.<\/p>\n<h4>Magento<\/h4>\n<p>Si tratta di uno dei software per e-commerce<strong> pi\u00f9 avanzati<\/strong> in circolazione ed \u00e8 solitamente la scelta fatta da molte aziende quando vogliono iniziare a fare sul serio.<\/p>\n<p>Nato come progetto open source nel 2008, \u00e8 cresciuto fino a raggiungere una certa popolarit\u00e0 ed ha suscitato l\u2019interesse di Adobe che lo ha acquisito nel 2018 per la cifra di 1,68 miliardi di dollari.<\/p>\n<p>I suoi principali punti di forza sono la <strong>scalabilit\u00e0<\/strong> e la <strong>configurabilit\u00e0<\/strong>. Magento pu\u00f2 essere personalizzato e adattato con facilit\u00e0 a tutte le esigenze ed \u00e8 una scelta con pochi limiti tecnici che si adatta molto bene anche ai business in forte crescita.<\/p>\n<p>In sfavore, per\u00f2, c\u2019\u00e8 da considerare la sua grande complessit\u00e0 che richiede <strong>alti livelli di competenza<\/strong> e <strong>costi di mantenimento pi\u00f9 elevati<\/strong>. Inoltre, molte delle estensioni e delle funzionalit\u00e0 disponibili nello store dedicato sono a pagamento.<\/p>\n<a class=\"cta-container\" data-click-cta=\"ef-03\" href=\"\/software\/easyfatt\/ecommerce\/\"><div style=\"background-color:#3bb1cd; color: #fff; margin: 1em 0;\">\n  <div class=\"row\" style=\"padding: 1em;\">\n    <div class=\"col-md-6\">\n<img decoding=\"async\" class=\"img-fluid\" src=\"\/blog\/wp-content\/uploads\/img-banner-blog-EF-e-commerce.png\" alt=\"Easyfatt software fatturazione elettronica e gestionale\">\n    <\/div>\n    <div class=\"col-md-6\">\n     <img decoding=\"async\" class=\"img-fluid\" width=\"100\" src=\"\/blog\/wp-content\/uploads\/Logo-EF-White.png\" alt=\"easyfatt\" style=\"margin-top: 5px; margin-bottom: 5px\">\n      <br>\n      <p><span style=\"font-size: 17px\">\n       Il Gestionale E-commerce usato ogni giorno da oltre 5000 shop online!<\/span>\n      <\/p>\n      <div>\n        <span class=\"btn btn-banner-green\">\n          PROVALO GRATIS ORA <i class=\"fa-solid fa-arrow-right\"><\/i>\n        <\/span>\n      <\/div>\n    <\/div>\n  <\/div>\n<\/div>\n<\/a>\n<h4>PrestaShop<strong><br \/>\n<\/strong><\/h4>\n<p>Realizzato in Francia nel 2007 anche questa volta come software open-source, vanta oltre 300.000 negozi attivi in tutto il mondo.<\/p>\n<p>Pur richiedendo specifiche <strong>competenze nei linguaggi di programmazione pi\u00f9 utilizzati sul web<\/strong> (html, css, javascript, ecc.), una volta installato e configurato, risulta abbastanza semplice da usare, offre una buona esperienza d\u2019uso sia dal punto di vista del cliente (comparazione e correlazione dei prodotti, approfondimenti, etc\u2026) che da quello del venditore (amministrazione veloce di fatture\/resi\/spese, analisi delle vendite, etc\u2026).<br \/>\nTra i <strong>moduli aggiuntivi<\/strong> spiccano quelli per gestire la newsletter, recuperare i \u201ccarrelli abbandonati\u201d o pubblicare il proprio catalogo sui siti di comparazione prezzi. \u00c8 una soluzione professionale ideale per e-commerce di medie dimensioni.<\/p>\n<p>I suoi aspetti negativi sono principalmente legati alla <strong>complessit\u00e0 di configurazione<\/strong>. Contrariamente a quanto accade con Shopify e Wix, Prestashop esattamente come Magento pu\u00f2 essere installato e personalizzato solo grazie a competenze specifiche. Nel caso dovesse servire una funzionalit\u00e0 aggiuntiva (un modulo per le newsletter, un plugin SEO ecc.) le possibilit\u00e0 sono due: pagare uno sviluppatore oppure comprare dallo store l\u2019estensione di cui si ha bisogno.<\/p>\n<p>Infine, bisogna anche considerare i <strong>limiti di scalabilit\u00e0<\/strong>: quando il business cresce abbastanza bene Prestashop non \u00e8 in grado di offrire la stessa risposta di Magento<\/p>\n<h4>WooCommerce<\/h4>\n<p>Molto comodo per <strong>chi gi\u00e0 conosce e utilizza WordPress<\/strong>, \u00e8 ideale per le <strong>attivit\u00e0 medio\/piccole<\/strong> ed \u00e8 di fatto una delle piattaforme con cui molti business cominciano a muovere i primi passi online.<\/p>\n<p>Dopo una veloce installazione possiamo configurarlo al meglio a seconda delle nostre esigenze, imparando a utilizzare in pochi giorni anche le funzioni complesse per monitorare in modo capillare l\u2019attivit\u00e0. In rete \u00e8 disponibile moltissimo materiale di supporto utile per creare un sito e-commerce WordPress su misura. Attenzione, per\u00f2, per una personalizzazione grafica adeguata \u00e8 molto spesso necessario intervenire direttamente sul codice e sono richieste competenze php, css e html.<\/p>\n<p>Woocommerce \u00e8 senza dubbio una scelta economica che non ha grosse pretese nemmeno dal punto di vista della gestione. Su piccoli progetti pu\u00f2 fare la differenza anche grazie al buon rendimento SEO della piattaforma WordPress su cui gira. I <strong>punti deboli<\/strong>, per\u00f2, riguardano soprattutto la gestione dei cataloghi complessi e delle versioni multilingua. Se avete moltissimi prodotti da vendere e avete la necessit\u00e0 di lavorare con due o pi\u00f9 lingue diverse, il suggerimento \u00e8 quello di scegliere da subito un\u2019altra piattaforma.<\/p>\n<h3>Perch\u00e9 non scegliere una soluzione custom per il sito e-commerce.<\/h3>\n<p>Gli ecommerce, come qualsiasi altro sito, possono essere realizzati anche completamente da zero affidando il progetto a uno sviluppatore.<br \/>\nQuesta soluzione, pur offrendo la possibilit\u00e0 di avere un <strong>sito completamente personalizzato<\/strong>, rappresenta un grosso rischio dal punto di vista della <a href=\"\/blog\/gestione-ecommerce\/\">gestione e-commerce<\/a> che potrebbe ostacolare lo sviluppo futuro del business online.<\/p>\n<p>Affidarsi a una piattaforma progettata da zero, infatti, pu\u00f2 <strong>vincolare eccessivamente l\u2019azienda al professionist<\/strong>a che l\u2019ha realizzata. In questi casi, quando si rompe il rapporto di collaborazione professionale, si \u00e8 spesso costretti a cambiare piattaforma.<\/p>\n<p>Infine, c\u2019\u00e8 anche da considerare il discorso legato alle funzionalit\u00e0 e alla continua evoluzione dello scenario sul web. Per un singolo professionista oggi \u00e8 molto <strong>difficile riuscire a star dietro a tutti i cambiamenti<\/strong>. Progetti come Prestashop, Magento e Woocommerce possono, al contrario, garantire il supporto di una community numerosa e molto proattiva che ogni giorno lavora per aggiungere funzionalit\u00e0 e sistemare eventuali bug.<\/p>\n<blockquote><p><strong><em><strong><em>&gt;&gt;Vai<\/em><\/strong>\u00a0al 3\u00b0 capitolo della Guida<\/em>:<\/strong> <a href=\"https:\/\/www.danea.it\/blog\/normativa-ecommerce\/\">Ecommerce: la normativa per vendere online<\/a><\/p><\/blockquote>\n<p>&nbsp;<\/p>\n<div class=\"menu-ecommerce-container\"><ol id=\"short_menu_69ff1c7731665\" class=\"shortcode_menu  wpsm-menu wpsm-vertical menu_enhance  ramo_custom_menu\"><li id=\"menu-item-4704\" class=\"menu-item menu-item-type-custom menu-item-object-custom menu-item-4704\"><div class=\"custom_menu_index\">1<\/div><a href=\"\/blog\/aprire-negozio-online\/\">Aprire un negozio online:  perch\u00e9 conviene<\/a><\/li>\n<li id=\"menu-item-4702\" class=\"menu-item menu-item-type-custom menu-item-object-custom menu-item-4702\"><div class=\"custom_menu_index\">2<\/div><a href=\"\/blog\/creare-ecommerce-piattaforme\/\">Quale software utilizzare per creare un sito e-commerce<\/a><\/li>\n<li id=\"menu-item-4705\" class=\"menu-item menu-item-type-custom menu-item-object-custom menu-item-4705\"><div class=\"custom_menu_index\">3<\/div><a href=\"\/blog\/normativa-ecommerce\/\">Ecommerce: la normativa per vendere online<\/a><\/li>\n<li id=\"menu-item-4706\" class=\"menu-item menu-item-type-custom menu-item-object-custom menu-item-4706\"><div class=\"custom_menu_index\">4<\/div><a href=\"\/blog\/gestione-ecommerce\/\">Gestione ecommerce: come gestire magazzino, logistica e fatturazione<\/a><\/li>\n<li id=\"menu-item-4707\" class=\"menu-item menu-item-type-custom menu-item-object-custom menu-item-4707\"><div class=\"custom_menu_index\">5<\/div><a href=\"\/blog\/marketing-ecommerce\/\">Marketing dell\u2019ecommerce: i principali strumenti e tecniche<\/a><\/li>\n<\/ol><\/div><div class=\"clear\"><\/div>\n\t\t\t<style>\n\t\t\t\t#short_menu_69ff1c7731665 {  }\n\t\t\t\t#short_menu_69ff1c7731665 ul.wpsm-arrow-enabled:before {  } \n\t\t\t\t#short_menu_69ff1c7731665 ul, #short_menu_69ff1c7731665 ul ul {  }\n\t\t\t\t#short_menu_69ff1c7731665 a {  }\n\t\t\t\t#short_menu_69ff1c7731665 a:hover {  }\n\t\t\t\t#short_menu_69ff1c7731665 ul a {  }\n\t\t\t\t#short_menu_69ff1c7731665 ul a:hover {  }\n\t\t\t\t\n\t\t\t<\/style>\n\t\t\t<script type=\"text\/javascript\">\n\t\t\t\tvar show_arrow = \"true\";<\/script>\n<div class=\"post-tags2\"><\/div>\n","protected":false},"excerpt":{"rendered":"<p>Il CMS (content management system) \u00e8 uno strumento software installato sul server che facilita la gestione dei contenuti online da parte degli utenti e permette di realizzare un sito ecommerce molto pi\u00f9 velocemente. Oggi praticamente tutti i siti web hanno un CMS, anche gli e-commerce, e il vantaggio pi\u00f9 importante \u00e8 quello di poter aggiornare<\/p>\n","protected":false},"author":50,"featured_media":4760,"parent":0,"menu_order":0,"comment_status":"open","ping_status":"closed","template":"page-templates\/guide-danea-page.php","meta":{"yasr_overall_rating":0,"yasr_post_is_review":"","yasr_auto_insert_disabled":"","yasr_review_type":"","footnotes":""},"class_list":["post-4710","page","type-page","status-publish","has-post-thumbnail","hentry"],"yasr_visitor_votes":{"stars_attributes":{"read_only":false,"span_bottom":false},"number_of_votes":29,"sum_votes":129},"wps_subtitle":"Come scegliere qual \u00e8 il miglior software per realizzare un sito ecommerce. Come capire qual \u00e8 il pi\u00f9 adatto alle tue esigenze?","_links":{"self":[{"href":"https:\/\/www.danea.it\/blog\/wp-json\/wp\/v2\/pages\/4710","targetHints":{"allow":["GET"]}}],"collection":[{"href":"https:\/\/www.danea.it\/blog\/wp-json\/wp\/v2\/pages"}],"about":[{"href":"https:\/\/www.danea.it\/blog\/wp-json\/wp\/v2\/types\/page"}],"author":[{"embeddable":true,"href":"https:\/\/www.danea.it\/blog\/wp-json\/wp\/v2\/users\/50"}],"replies":[{"embeddable":true,"href":"https:\/\/www.danea.it\/blog\/wp-json\/wp\/v2\/comments?post=4710"}],"version-history":[{"count":27,"href":"https:\/\/www.danea.it\/blog\/wp-json\/wp\/v2\/pages\/4710\/revisions"}],"predecessor-version":[{"id":28816,"href":"https:\/\/www.danea.it\/blog\/wp-json\/wp\/v2\/pages\/4710\/revisions\/28816"}],"wp:featuredmedia":[{"embeddable":true,"href":"https:\/\/www.danea.it\/blog\/wp-json\/wp\/v2\/media\/4760"}],"wp:attachment":[{"href":"https:\/\/www.danea.it\/blog\/wp-json\/wp\/v2\/media?parent=4710"}],"curies":[{"name":"wp","href":"https:\/\/api.w.org\/{rel}","templated":true}]}}