{"id":4736,"date":"2014-11-04T09:56:00","date_gmt":"2014-11-04T08:56:00","guid":{"rendered":"http:\/\/www.danea.it\/blog\/?page_id=4736"},"modified":"2025-05-27T10:09:05","modified_gmt":"2025-05-27T08:09:05","slug":"marketing-ecommerce","status":"publish","type":"page","link":"https:\/\/www.danea.it\/blog\/marketing-ecommerce\/","title":{"rendered":"Marketing per eCommerce: strumenti di analisi e tecniche di promozione"},"content":{"rendered":"<p dir=\"ltr\">Proprio come un qualsiasi negozio tradizionale, anche gli e-commerce hanno bisogno di <strong>investimenti mirati per la loro promozione<\/strong>.<\/p>\n<p dir=\"ltr\">Occorre sempre ribadire che <strong>pubblicare un sito<\/strong> e mettere online i propri prodotti <strong>non \u00e8 assolutamente una garanzia di successo<\/strong>.<\/p>\n<p dir=\"ltr\">Come qualsiasi altra iniziativa imprenditoriale, anche gli store online devono essere costruiti partendo da accurate <a href=\"\/blog\/analisi-di-mercato\/\"><strong>analisi di mercato<\/strong><\/a> e passando dallo sviluppo di un <strong><a href=\"https:\/\/www.danea.it\/blog\/piano-marketing-pmi\/\">piano di marketing<\/a><\/strong> adeguato.<\/p>\n<p dir=\"ltr\">Vediamo dunque cosa vuol dire fare marketing per e-commerce, come analizzare i bisogni e i comportamenti degli utenti online e infine quali strumenti e strategie applicare per raggiungere i propri obiettivi di vendita.<\/p>\n<h3 dir=\"ltr\">Cos\u2019\u00e8 il marketing per e-commerce<\/h3>\n<p dir=\"ltr\">Con l&#8217;espressione e-commerce marketing si fa riferimento a <strong>tutte quelle attivit\u00e0 di analisi e promozione<\/strong> che normalmente vengono messe in campo per potenziare la crescita del fatturato e consolidare la presenza di un portale di vendita online.<\/p>\n<h3 dir=\"ltr\">Ecommerce Marketing: tecniche e strumenti di analisi<\/h3>\n<p>Tra i principali aspetti positivi del marketing online c\u2019\u00e8 la possibilit\u00e0 di <strong>raccogliere e analizzare i dati tramite diverse fonti<\/strong> e utilizzando alcuni dei tantissimi strumenti oggi disponibili.<\/p>\n<p>Di seguito alcuni spunti interessanti su due aspetti cruciali per ogni negozio online: le ricerche che gli utenti effettuano online e il comportamento dei visitatori sul sito.<\/p>\n<h4>Analisi delle ricerche online<\/h4>\n<p>Molto spesso le ricerche online vengono analizzate solo dopo la messa online del sito, per svolgere le attivit\u00e0 di SEO (che approfondiremo successivamente).<\/p>\n<p>In realt\u00e0, capire cosa una determinata nicchia di mercato cerca sul web e in che misura lo fa (andando quindi a rilevare quali sono le <strong>parole chiave<\/strong> e i relativi <strong>volumi di ricerca<\/strong>) pu\u00f2 fornire feedback importanti anche e soprattutto nelle fasi iniziali di costruzione di un e-commerce.<\/p>\n<p>Strumenti come Google Trends, Seozoom e Semrush possono agevolare la comprensione del nostro <a href=\"\/blog\/target-clienti-analisi-mercato\/\">target clienti<\/a> attraverso l\u2019<strong>analisi della domanda consapevole, <\/strong>ossia i bisogni che gli utenti esprimono durante le ricerche online.<\/p>\n<p>Le parole chiave che le persone inseriscono nei motori di ricerca mettono in evidenza un intento ben definito che, grosso modo, pu\u00f2 essere diviso in tre categorie:<\/p>\n<ul>\n<li><strong>ricerche navigazionali<\/strong>: rappresentano le ricerche effettuate per raggiungere un sito web ben preciso e di cui non si ricorda l\u2019indirizzo. Coinvolgono prevalentemente le keyword di brand, ossia le parole chiave che hanno al proprio interno il nome del sito che si intende raggiungere.<\/li>\n<li><strong>ricerche informazionali<\/strong>: sono destinate alla raccolta di informazioni intorno a un problema particolare o a un prodotto. Vengono di solito effettuate dagli utenti che sanno di avere un problema, ma non sanno come risolverlo. Il presidio di queste ricerche \u00e8 molto utile quando vogliamo raggiungere gli utenti che si trovano nelle fasi iniziali della loro esperienza di acquisto.<\/li>\n<li><strong>ricerche transazionali<\/strong>: per un e-commerce sono davvero molto importanti perch\u00e9 sono la manifestazione di un chiaro intento di acquisto da parte dell\u2019utente. Le parole chiave utilizzate includono di regola nomi di specifici prodotti o servizi.<\/li>\n<\/ul>\n<p>Grazie all\u2019analisi delle ricerche che gli utenti compiono quotidianamente, possiamo capire con facilit\u00e0 <strong>quali sono i prodotti pi\u00f9 richiesti nella nostra nicchia di mercato e quali caratteristiche devono avere<\/strong> (ad esempio colori, funzionalit\u00e0, stagionalit\u00e0 ecc.).\u00a0 Con le informazioni raccolte possiamo strutturare fin dall\u2019inizio il nostro e-commerce affinch\u00e9 incontri con maggiore facilit\u00e0 le ricerche e i bisogni del target.<\/p>\n<blockquote><p><strong>Stai cercando un programma per gestire il tuo e-commerce? <\/strong><br \/>\nEasyfatt \u00e8 il software gestionale semplice e completo, che si integra al tuo shop e semplifica la gestione di ordini, fatture, magazzino e molto altro ancora.<br \/>\n<strong>Scopri il <a href=\"\/software\/easyfatt\/ecommerce\/\">software per e-commerce Danea Easyfatt<\/a> &gt;<\/strong><\/p><\/blockquote>\n<h4>Analizzare il comportamento degli utenti sul sito<\/h4>\n<p>Per capire i <strong>comportamenti tipici degli utenti che visitano il nostro sito<\/strong> possiamo sfruttare alcuni strumenti gratuiti disponibili sul web.<\/p>\n<p><a href=\"https:\/\/analytics.google.com\/analytics\/web\/\"><strong>Google Analytics<\/strong><\/a>, ad esempio, fornisce report dettagliati sugli utenti che \u201cpassano\u201d dal nostro negozio online, compresi tempo di permanenza, pagine pi\u00f9 visitate, dispositivo usato e provenienza geografica.<\/p>\n<p>Per la vendita online \u00e8 importantissimo richiedere al nostro sviluppatore l\u2019implementazione in Google Analytics della funzione di <strong>e-commerce avanzato<\/strong> tramite l\u2019aggiunta di tag all\u2019interno del codice. Questo ci consentir\u00e0 di avere una panoramica pi\u00f9 dettagliata del comportamento degli utenti attraverso gli eventi pi\u00f9 importanti come l\u2019<strong>aggiunta al carrello<\/strong>, l\u2019<strong>avvio del checkout<\/strong> e l\u2019<strong>acquisto<\/strong>.<\/p>\n<p>Inoltre, tramite Meta Business Suite e gli altri strumenti business offerti da Meta, \u00e8 possibile analizzare il comportamento degli utenti e gli <strong>eventi di conversione che arrivano da Facebook e Instagram<\/strong>. Il funzionamento \u00e8 per certi versi speculare a quello di Google Analytics e <strong>i dati vengono raccolti tramite il pixel<\/strong> che solitamente si installa per monitorare le inserzioni di Facebook e Instagram.<\/p>\n<p>Inoltre, se vogliamo <strong>comprendere meglio interessi e passioni degli utenti<\/strong> che ci interessano, possiamo consultare <a href=\"https:\/\/www.facebook.com\/business\/insights\/tools\/audience-insights\">Facebook Audience Insight<\/a> che raccoglie in forma anonima dati aggregati sul comportamento del target di riferimento sulle piattaforme Facebook e Instagram.<\/p>\n<h3>Strumenti di web marketing per promuovere un negozio online<\/h3>\n<p>Per le aziende che fanno vendita online \u00e8 d&#8217;obbligo mantenere un <strong>investimento nel marketing per e-commerce<\/strong> che sia proporzionale al fatturato generato.<\/p>\n<p>In alcuni casi, per\u00f2, sono richiesti sforzi anche pi\u00f9 consistenti e questo capita spesso nella <strong>fase di avvio di un nuovo shop online<\/strong> perch\u00e9 ci si approccia ad un nuovo mercato e si conosce ancora poco il comportamento di acquisto degli utenti. I primi mesi di attivit\u00e0 di un e-commerce sperimentano molto di frequente delle vendite inferiori alle aspettative.<\/p>\n<p>Ad ogni modo, ci sono diverse <strong>tecniche e strumenti di web marketing<\/strong> e, di regola, ogni business sceglie quali adottare in base alla propria specificit\u00e0 e ai propri obiettivi. Di seguito elenchiamo i principali.<\/p>\n<h4>1. SEO e SEA per e-commerce<\/h4>\n<p>Come abbiamo visto in precedenza, i <strong>motori di ricerca<\/strong> sono di regola espressione di quella che viene in gergo chiamata \u201cdomanda consapevole\u201d ossia quel bisogno ben definito che gli utenti esprimono durante le ricerche online.<\/p>\n<p><strong>La visibilit\u00e0 di un e-commerce su Google<\/strong>, quindi, condiziona in modo significativo l\u2019andamento delle vendite e ha un ritorno anche in termini di crescita della notoriet\u00e0 (awareness).<\/p>\n<p>Per fare in modo che un e-commerce compaia nelle ricerche pi\u00f9 importanti esistono di base due strategie, una organica e l\u2019altra a pagamento.<\/p>\n<ul>\n<li><strong>SEO (Search Engine Optimization)<\/strong>: indica prevalentemente quegli interventi destinati all\u2019ottimizzazione <strong>organica<\/strong> del sito per i motori di ricerca. Cosa significa? Vuol dire essenzialmente rispettare una serie di <strong>regole<\/strong> affinch\u00e9 gli algoritmi di Google diano visibilit\u00e0 all\u2019e-commerce nei risultati \u201corganici\u201d per ricerche pertinenti con i prodotti\/servizi offerti dal negozio online.<br \/>\nGli interventi si svolgono contemporaneamente <strong>on-site<\/strong> (sulle pagine dello shop), sia <strong>off-site<\/strong> (l\u2019e-commerce viene menzionato e\/o linkato da parte di altri siti).<\/li>\n<li><strong>SEA (Search Engine Advertising)<\/strong>: prevedono la pubblicazione di <strong>annunci a pagamento<\/strong> per determinate ricerche. Gli annunci possono essere testuali o, come accade per il formato shopping di Google Ads, contenere una fotografia con prezzo e nome del prodotto.<\/li>\n<\/ul>\n<a class=\"cta-container\" data-click-cta=\"ef-03\" href=\"\/software\/easyfatt\/ecommerce\/\"><div style=\"background-color:#3bb1cd; color: #fff; margin: 1em 0;\">\n  <div class=\"row\" style=\"padding: 1em;\">\n    <div class=\"col-md-6\">\n<img decoding=\"async\" class=\"img-fluid\" src=\"\/blog\/wp-content\/uploads\/img-banner-blog-EF-e-commerce.png\" alt=\"Easyfatt software fatturazione elettronica e gestionale\">\n    <\/div>\n    <div class=\"col-md-6\">\n     <img decoding=\"async\" class=\"img-fluid\" width=\"100\" src=\"\/blog\/wp-content\/uploads\/Logo-EF-White.png\" alt=\"easyfatt\" style=\"margin-top: 5px; margin-bottom: 5px\">\n      <br>\n      <p><span style=\"font-size: 17px\">\n       Il Gestionale E-commerce usato ogni giorno da oltre 5000 shop online!<\/span>\n      <\/p>\n      <div>\n        <span class=\"btn btn-banner-green\">\n          PROVALO GRATIS ORA <i class=\"fa-solid fa-arrow-right\"><\/i>\n        <\/span>\n      <\/div>\n    <\/div>\n  <\/div>\n<\/div>\n<\/a>\n<h4>2. Content marketing e blog<\/h4>\n<p>Grazie alle informazioni raccolte con le attivit\u00e0 di analisi e di SEO \u00e8 possibile <strong>scrivere contenuti su misura<\/strong> per il nostro target prestando attenzione a caratteristiche come <strong>l\u2019attitudine e il tono di voce<\/strong> da utilizzare.<\/p>\n<p>Bisogna partire dal presupposto che chi visita un e-commerce non pu\u00f2 beneficiare dei <strong>consigli<\/strong> che normalmente riceve dai commessi in un negozio fisico. Questo vuol dire che se vogliamo incentivare l\u2019acquisto dobbiamo essere bravi ad anticipare le <strong>domande dei clienti<\/strong> e ad offrire, perch\u00e9 no, anche ottimi suggerimenti.<\/p>\n<p>\u00c8 consigliabile creare un <strong>blog<\/strong> tematico che stuzzichi la curiosit\u00e0 dei lettori trattando argomenti vicini ai prodotti che vendiamo. Se ne abbiamo la possibilit\u00e0, intervistiamo <strong>esperti<\/strong> del settore e inseriamo almeno una news al giorno. L\u2019ideale \u00e8 creare attorno all\u2019e-commerce una platea vivace sfruttando anche la viralit\u00e0 dei canali social.<\/p>\n<h4>3. Mail marketing<\/h4>\n<p>La mail \u00e8 uno strumento molto diffuso che permette alti ritorni in fatto di visite e acquisti, a patto di seguire alcuni fondamentali consigli:<\/p>\n<ul>\n<li><strong>Non abusare dello strumento<\/strong>: diamo la possibilit\u00e0 agli utenti del sito di iscriversi a una newsletter, che sfrutteremo per informare su novit\u00e0, sconti e promozioni.<\/li>\n<li><strong>Fare in modo che la mail non sia troppo complicata<\/strong> graficamente ma che sia comunque accattivante.<\/li>\n<li><strong>Controllare che la mail si legga senza problemi da smartphone e tablet<\/strong>. Devono vedersi chiaramente i prezzi e gli importi degli eventuali sconti, cos\u00ec come le condizioni delle promozioni.<\/li>\n<li>Dopo aver analizzato l\u2019andamento di ogni campagna, \u00e8 importante <strong>sfruttare i dati raccolti<\/strong> (tassi di apertura, clic, conversioni ecc.) per quella successiva, creando delle newsletter ad hoc per i gruppi di utenti che hanno risposto positivamente e si sono mostrati attivamente interessati a una o pi\u00f9 categorie di prodotto.<\/li>\n<\/ul>\n<h4>4. Social media marketing<\/h4>\n<p>I social media hanno acquisito ormai un\u2019importanza fondamentale anche nella promozione degli store online e, solitamente, vengono inclusi nella strategia per le seguenti ragioni:<\/p>\n<ul>\n<li>diffusione della <strong>brand awareness<\/strong>;<\/li>\n<li>miglioramento della<strong> brand reputation<\/strong>;<\/li>\n<li>attivit\u00e0 di social <strong>customer care<\/strong>;<\/li>\n<li><strong>social proof:<\/strong> raccolta recensioni, commenti e di user generated content;<\/li>\n<li><strong>crescita delle vendite.<\/strong><\/li>\n<\/ul>\n<p>Grazie alla grande capacit\u00e0 di coinvolgimento, in generale i social riescono a motivare gli utenti all\u2019acquisto, ma soprattutto favoriscono la condivisione delle diverse esperienze. Tutto questo, se ben gestito, ci porter\u00e0 nuovi clienti.<\/p>\n<p>Non dimentichiamo mai di far sentire ogni utente speciale, <a href=\"\/blog\/5-modi-chiedere-recensioni-clienti\/\"><strong>chiedere recensioni ai clienti<\/strong><\/a> sui nostri prodotti e servizi, ma senza essere invadenti. Dare la possibilit\u00e0 agli acquirenti di esprimere opinioni, suggerimenti e consigli \u00e8 importante, ma non deve diventare un compito gravoso. Facciamo in modo che sia una cosa veloce e divertente.<\/p>\n<p>Infine, non bisogna mai dimenticare di gestire con cura la <strong>pianificazione del piano editoriale<\/strong> per organizzare nel modo giusto la pubblicazione dei contenuti e capire cosa interessa davvero al nostro pubblico.<\/p>\n<blockquote><p><strong>Vuoi vendere sui social?<\/strong><br \/>\nCon <strong>TeamSystem Commerce <\/strong>, la piattaforma italiana di commercio elettronico pi\u00f9 utilizzata, <strong>vendi su Facebook e Instagram in modo integrato con gli altri canali<\/strong>.<br \/>\nIn pi\u00f9, grazie all\u2019<strong>integrazione con Easyfatt<\/strong>, pubblichi gli articoli sul tuo e-commerce TeamSystem Commerce e gestisci gli ordini in modo sincronizzato, direttamente dal gestionale.<br \/>\n<a href=\"\/software\/easyfatt\/ecommerce\/teamsystem-commerce\/\">Scopri di pi\u00f9 su TeamSystem Commerce e sull\u2019integrazione con Easyfatt &gt;<\/a><\/p><\/blockquote>\n<h4>5. Social e display advertising<\/h4>\n<p><strong>Facebook Ads e Google Display Network<\/strong> sono una tappa obbligata per chiunque abbia la necessit\u00e0 di promuovere un negozio online sfruttando annunci video e immagini particolarmente accattivanti.<\/p>\n<p>Vengono di solito definiti come canali pubblicitari per la <strong>domanda latente<\/strong> perch\u00e9 in grado di raggiungere utenti che non sono attivamente alla ricerca di un certo prodotto o servizio. Tuttavia, negli ultimi anni, la capacit\u00e0 delle piattaforme pubblicitarie \u00e8 migliorata a tal punto che oggi anche gli annunci visuali sono in grado di raggiungere le persone che hanno gi\u00e0 dato inizio ad un certo percorso di acquisto.<\/p>\n<p>Sia su Facebook che su Google Ads abbiamo a disposizione <strong>diverse tipologie di audience<\/strong> ed \u00e8 possibile sbizzarrirsi con <strong>vari formati creativi<\/strong> ed esperimenti.<\/p>\n<h4>6. Retargeting e remarketing<\/h4>\n<p>Anche se spesso usati come sinonimi questi due termini stanno a indicare due diverse tipologie di <strong>follow up<\/strong>.<\/p>\n<p>Il <strong>Retargeting<\/strong> permette di intercettare tutti gli utenti raccolti tramite cookie che hanno visitato un sito web o effettuato determinate azioni. \u00c8 solitamente pi\u00f9 incentrato sugli annunci e pu\u00f2 essere attivato<strong> tramite Facebook e Google Ads<\/strong>.<\/p>\n<p>Per gli e-commerce si lavora di retargeting attraverso gli <strong>annunci dinamici<\/strong> <strong>per mostrare agli utenti gli ultimi prodotti<\/strong> che hanno visualizzato o aggiunto al carrello sul nostro sito.<\/p>\n<p>Queste campagne vanno normalmente a presidiare la parte finale del percorso di acquisto e hanno come <strong>obiettivo principale la vendita dei prodotti<\/strong>.<\/p>\n<p>Per attivarle occorre <strong>collegare il<\/strong> <strong>catalogo dei prodotti<\/strong> presente sul nostro sito alle piattaforme Facebook Ads e Google Merchant Center. In questo modo sar\u00e0 possibile trasferire le informazioni necessarie alla costruzione dinamica e personalizzata degli annunci per ciascun utente.<\/p>\n<p>Il <strong>remarketing<\/strong>, invece, ci consente di intercettare quegli utenti che hanno lasciato alcune informazioni di contatto e consiste prevalentemente in <strong>campagne email<\/strong> finalizzate alla comunicazione di offerte, trattamenti esclusivi, recupero di carrelli abbandonati ecc.. Fanno parte del remarketing anche tutte le attivit\u00e0 di<strong> notifica ai clienti<\/strong> che riguardano la scadenza di abbonamenti e servizi.<\/p>\n<blockquote><p><strong>TeamSystem Commerce ti aiuta a recuperare i carrelli abbandonati, <\/strong>perch\u00e9 invia una notifica automatica ai clienti per ricordare loro cosa si sono dimenticati nel carrello.<br \/>\nTeamSystem Commerce <strong>\u00e8 integrato a Easyfatt<\/strong>, rendendo ancora pi\u00f9 semplice pubblicare i prodotti e gestire gli ordini.<br \/>\n<a href=\"\/software\/easyfatt\/ecommerce\/teamsystem-commerce\/\">Scopri di pi\u00f9 su TeamSystem Commerce e sull\u2019integrazione con Easyfatt &gt;<\/a><\/p><\/blockquote>\n<h3>Ecommerce marketing strategy: strategie per pubblicizzare l\u2019e-commerce<\/h3>\n<p>\u00c8 importante che tutti gli strumenti e i canali che abbiamo esaminato lavorino necessariamente seguendo una strategia d\u2019insieme. A tal proposito, pu\u00f2 tornar utile il concetto di funnel.<\/p>\n<h4>Strategia di Funnel<\/h4>\n<p>Campagne ed elementi creativi devono essere organizzati per presidiare nel modo pi\u00f9 appropriato le diverse fasi del <strong>customer journey<\/strong> (il percorso che ogni cliente compie verso l\u2019acquisto).<\/p>\n<p><img loading=\"lazy\" decoding=\"async\" class=\"alignnone wp-image-21017 size-large\" src=\"https:\/\/www.danea.it\/blog\/wp-content\/uploads\/2021\/03\/funnel_marketing-1024x664.png\" alt=\"funnel per ecommerce\" width=\"640\" height=\"415\" srcset=\"https:\/\/www.danea.it\/blog\/wp-content\/uploads\/2021\/03\/funnel_marketing-1024x664.png 1024w, https:\/\/www.danea.it\/blog\/wp-content\/uploads\/2021\/03\/funnel_marketing-300x194.png 300w, https:\/\/www.danea.it\/blog\/wp-content\/uploads\/2021\/03\/funnel_marketing-768x498.png 768w, https:\/\/www.danea.it\/blog\/wp-content\/uploads\/2021\/03\/funnel_marketing-1536x996.png 1536w, https:\/\/www.danea.it\/blog\/wp-content\/uploads\/2021\/03\/funnel_marketing.png 1600w\" sizes=\"auto, (max-width: 640px) 100vw, 640px\" \/><\/p>\n<p>Il funnel, ossia l\u2019imbuto, \u00e8 una delle possibili <strong>rappresentazioni visive del percorso di conversione<\/strong> degli utenti in target.<\/p>\n<p>Non \u00e8 l\u2019unico degli approcci esistenti nell\u2019ambito del marketing digitale, ma \u00e8 uno dei pochi che permette di costruire una <strong>piena sinergia tra tutte le azioni messe in campo<\/strong>: si parte dal disegno delle buyer personas e dalla raccolta di utenti potenzialmente interessati per arrivare fino alla fase di fidelizzazione che \u00e8 il punto finale delle strategie pi\u00f9 efficaci.<\/p>\n<p>Lungo questo percorso i canali social, le email, il blog e i motori di ricerca sono tutti punti di contatto (<strong>touchpoint<\/strong>) con i nostri potenziali clienti.<\/p>\n<p>&nbsp;<\/p>\n<div class=\"menu-ecommerce-container\"><ol id=\"short_menu_69f22c48355b1\" class=\"shortcode_menu  wpsm-menu wpsm-vertical menu_enhance  ramo_custom_menu\"><li id=\"menu-item-4704\" class=\"menu-item menu-item-type-custom menu-item-object-custom menu-item-4704\"><div class=\"custom_menu_index\">1<\/div><a href=\"\/blog\/aprire-negozio-online\/\">Aprire un negozio online:  perch\u00e9 conviene<\/a><\/li>\n<li id=\"menu-item-4702\" class=\"menu-item menu-item-type-custom menu-item-object-custom menu-item-4702\"><div class=\"custom_menu_index\">2<\/div><a href=\"\/blog\/creare-ecommerce-piattaforme\/\">Quale software utilizzare per creare un sito e-commerce<\/a><\/li>\n<li id=\"menu-item-4705\" class=\"menu-item menu-item-type-custom menu-item-object-custom menu-item-4705\"><div class=\"custom_menu_index\">3<\/div><a href=\"\/blog\/normativa-ecommerce\/\">Ecommerce: la normativa per vendere online<\/a><\/li>\n<li id=\"menu-item-4706\" class=\"menu-item menu-item-type-custom menu-item-object-custom menu-item-4706\"><div class=\"custom_menu_index\">4<\/div><a href=\"\/blog\/gestione-ecommerce\/\">Gestione ecommerce: come gestire magazzino, logistica e fatturazione<\/a><\/li>\n<li id=\"menu-item-4707\" class=\"menu-item menu-item-type-custom menu-item-object-custom menu-item-4707\"><div class=\"custom_menu_index\">5<\/div><a href=\"\/blog\/marketing-ecommerce\/\">Marketing dell\u2019ecommerce: i principali strumenti e tecniche<\/a><\/li>\n<\/ol><\/div><div class=\"clear\"><\/div>\n\t\t\t<style>\n\t\t\t\t#short_menu_69f22c48355b1 {  }\n\t\t\t\t#short_menu_69f22c48355b1 ul.wpsm-arrow-enabled:before {  } \n\t\t\t\t#short_menu_69f22c48355b1 ul, #short_menu_69f22c48355b1 ul ul {  }\n\t\t\t\t#short_menu_69f22c48355b1 a {  }\n\t\t\t\t#short_menu_69f22c48355b1 a:hover {  }\n\t\t\t\t#short_menu_69f22c48355b1 ul a {  }\n\t\t\t\t#short_menu_69f22c48355b1 ul a:hover {  }\n\t\t\t\t\n\t\t\t<\/style>\n\t\t\t<script type=\"text\/javascript\">\n\t\t\t\tvar show_arrow = \"true\";<\/script>\n<div class=\"post-tags2\"><\/div>\n","protected":false},"excerpt":{"rendered":"<p>Proprio come un qualsiasi negozio tradizionale, anche gli e-commerce hanno bisogno di investimenti mirati per la loro promozione. Occorre sempre ribadire che pubblicare un sito e mettere online i propri prodotti non \u00e8 assolutamente una garanzia di successo. Come qualsiasi altra iniziativa imprenditoriale, anche gli store online devono essere costruiti partendo da accurate analisi di<\/p>\n","protected":false},"author":50,"featured_media":4763,"parent":0,"menu_order":0,"comment_status":"open","ping_status":"closed","template":"page-templates\/guide-danea-page.php","meta":{"yasr_overall_rating":0,"yasr_post_is_review":"","yasr_auto_insert_disabled":"","yasr_review_type":"","footnotes":""},"class_list":["post-4736","page","type-page","status-publish","has-post-thumbnail","hentry"],"yasr_visitor_votes":{"stars_attributes":{"read_only":false,"span_bottom":false},"number_of_votes":21,"sum_votes":89},"wps_subtitle":"Pubblicizzare un e-commerce e creare cicli virtuosi per la crescita delle vendite fa parte di tutte le attivit\u00e0 necessarie al successo di un negozio online. Ecco alcuni consigli per il tuo piano di marketing dell\u2019ecommerce.","_links":{"self":[{"href":"https:\/\/www.danea.it\/blog\/wp-json\/wp\/v2\/pages\/4736","targetHints":{"allow":["GET"]}}],"collection":[{"href":"https:\/\/www.danea.it\/blog\/wp-json\/wp\/v2\/pages"}],"about":[{"href":"https:\/\/www.danea.it\/blog\/wp-json\/wp\/v2\/types\/page"}],"author":[{"embeddable":true,"href":"https:\/\/www.danea.it\/blog\/wp-json\/wp\/v2\/users\/50"}],"replies":[{"embeddable":true,"href":"https:\/\/www.danea.it\/blog\/wp-json\/wp\/v2\/comments?post=4736"}],"version-history":[{"count":28,"href":"https:\/\/www.danea.it\/blog\/wp-json\/wp\/v2\/pages\/4736\/revisions"}],"predecessor-version":[{"id":29376,"href":"https:\/\/www.danea.it\/blog\/wp-json\/wp\/v2\/pages\/4736\/revisions\/29376"}],"wp:featuredmedia":[{"embeddable":true,"href":"https:\/\/www.danea.it\/blog\/wp-json\/wp\/v2\/media\/4763"}],"wp:attachment":[{"href":"https:\/\/www.danea.it\/blog\/wp-json\/wp\/v2\/media?parent=4736"}],"curies":[{"name":"wp","href":"https:\/\/api.w.org\/{rel}","templated":true}]}}