{"id":5114,"date":"2022-02-21T04:00:42","date_gmt":"2022-02-21T03:00:42","guid":{"rendered":"http:\/\/www.danea.it\/blog\/?page_id=5114"},"modified":"2026-01-08T11:49:34","modified_gmt":"2026-01-08T10:49:34","slug":"regime-forfettario-requisiti","status":"publish","type":"page","link":"https:\/\/www.danea.it\/blog\/regime-forfettario-requisiti\/","title":{"rendered":"I requisiti per accedere al nuovo regime forfettario 2026"},"content":{"rendered":"<blockquote><p><strong>Per il 2026 \u00e8 confermato il limite di ricavi e compensi a 85.000\u20ac<\/strong>,\u00a0<strong>l&#8217;uscita immediata <\/strong>dal regime forfettario al superamento della soglia di<strong> 100.000\u20ac e l&#8217;importo massimo di 35.000\u20ac dei redditi di lavoro dipendente ed assimilati<\/strong> per non essere esclusi dal regime.<\/p><\/blockquote>\n<p>Come noto la Legge n. 190\/2014 (Finanziaria 2015) ha introdotto nel nostro ordinamento, a decorrere dal 1 gennaio 2015 un nuovo regime fiscale agevolato denominato <strong>Regime Forfettario<\/strong> destinato alle <strong>persone fisiche esercenti attivit\u00e0 d\u2019impresa o di lavoro autonomo che rispettano determinati requisiti.<\/strong><\/p>\n<p>Con la sua entrata in vigore sono stati\u00a0<strong>abrogati a decorrere dal 2015<\/strong> tutti <strong>i regimi agevolati precedentemente esistenti<\/strong>:<\/p>\n<ul>\n<li>il regime delle nuove iniziative produttive (art. 13 della L. 388\/2000);<\/li>\n<li>il regime di vantaggio per l\u2019imprenditoria giovanile e lavoratori in mobilit\u00e0, detto regime dei nuovi minimi (art. 27 co. 1 e 2 del D.L. n. 98\/2011);<\/li>\n<li>il regime contabile agevolato per gli \u201cex minimi\u201d (art. 27 co. 3 del D.L. n. 98\/2011).<\/li>\n<\/ul>\n<a class=\"cta-container\" data-click-cta=\"fic-01\" href=\"https:\/\/www.fattureincloud.it\/land\/fattura-elettronica-forfettario\/?utm_source=danea&utm_medium=banner&utm_campaign=danea-landing-to-FIC\" target=\"_blank\"><div style=\"background-color: #0094d4; color: #fff; margin: 1em 0;\">\r\n  <div class=\"row\" style=\"padding: 1em;\">\r\n    <div class=\"col-md-6\">\r\n      <img decoding=\"async\" class=\"img-fluid\" src=\"\/blog\/wp-content\/uploads\/img-banner-blog-forfettari-fatture-in-cloud.png\" alt=\"Fatture in Cloud - software fatturazione elettronica\" style=\"padding-top: 1em\">\r\n    <\/div>\r\n    <div class=\"col-md-6\" style=\"padding-right: 0.8em; padding-left: 0.5em;\">\r\n      <img decoding=\"async\" class=\"img-fluid\" width=\"140\" src=\"\/blog\/wp-content\/uploads\/logo-fatture-in-cloud-2024-bianco.png\" alt=\"fatture in cloud\"  style=\"margin-top: 5px\">\r\n      <p style=\"line-height:2px\"><\/p>\r\n      <p><span style=\"font-size: 18px\">\r\n        Hey, forfettario! Semplificati la vita. <\/span>\r\n      <br><\/span>\r\n       <span style=\"font-size: 18px\">\r\n      <strong>Fatture in Cloud \u00e8 in offerta a soli 4\u20ac\/mese!<\/strong><\/span>\r\n      <\/p>\r\n      <div>\r\n        <span class=\"btn btn-banner-green\">\r\n           SCOPRI SUBITO L'OFFERTA <i class=\"fa-solid fa-arrow-right\"><\/i>\r\n        <\/span>\r\n      <\/div>\r\n    <\/div>\r\n  <\/div>\r\n<\/div>\r\n<\/a>\n<div id=\"om-ajucqiwnxkt6esxybyk7-holder\" class=\"pull-right teroteroann\"><\/div>\n<p>Per quanto riguarda il <strong>regime dei \u201cminimi\u201d<\/strong> (regime di vantaggio per l\u2019imprenditoria giovanile e lavoratori in mobilit\u00e0), l\u2019art 10 comma 12-undecies del D.L.192\/2014 (Decreto \u201cMilleproroghe\u201d) derogando a quanto disposto dall\u2019art. 1 comma 85 della Legge di Stabilit\u00e0 2015 ha prorogato<strong> fino al 31\/12\/2015 <\/strong>la possibilit\u00e0 di adottare tale regime agevolato<strong>.<\/strong><\/p>\n<p><strong>Quindi dal 2016<\/strong> il <strong>regime forfettario \u00e8 diventato l\u2019unico regime agevolato<\/strong>\u00a0che pu\u00f2\u00a0essere utilizzato <strong>sia dai contribuenti che intendono intraprendere una nuova attivit\u00e0<\/strong> che dai <strong>soggetti gi\u00e0 in attivit\u00e0<\/strong>, previa la sussistenza dei requisiti previsti dalla normativa\u00a0<strong>ad\u00a0eccezione\u00a0di\u00a0coloro che fino al 2015 si sono avvalsi del <a href=\"\/blog\/partita-iva-regime-minimi-01\/\" target=\"_blank\" rel=\"noopener noreferrer\"><b>regime dei minimi<\/b><\/a> <\/strong>i quali possono continuare ad applicarlo <strong>in via transitoria e fino alla scadenza naturale<\/strong> (il completamento del quinquennio e fino al compimento del trentacinquesimo anno di et\u00e0), fermo restando la possibilit\u00e0 di scegliere l\u2019applicazione del regime forfetario, valutandone l\u2019eventuale convenienza.<\/p>\n<p>Proprio perch\u00e9 aperto a tutte le persone fisiche esercenti attivit\u00e0 d\u2019impresa o di lavoro autonomo, la norma ha introdotto <strong>numerosi requisiti\u00a0<\/strong>per l&#8217;accesso e la permanenza negli esercizi successivi<b>.<\/b><\/p>\n<p><div class=\"menu-minimi-home-container\"><ol id=\"short_menu_6a0785514a647\" class=\"shortcode_menu  wpsm-menu wpsm-vertical menu_enhance  ramo_custom_menu\"><li id=\"menu-item-5130\" class=\"menu-item menu-item-type-custom menu-item-object-custom menu-item-5130\"><div class=\"custom_menu_index\">1<\/div><a href=\"\/blog\/regime-forfettario-requisiti\/#requisiti\">Regime forfettario: requisiti per l\u2019accesso<\/a><\/li>\n<li id=\"menu-item-5138\" class=\"menu-item menu-item-type-custom menu-item-object-custom menu-item-5138\"><div class=\"custom_menu_index\">2<\/div><a href=\"\/blog\/regime-forfettario-semplificazioni-fiscali-contabili\/\">Regime forfettario: le semplificazioni fiscali e contabili<\/a><\/li>\n<li id=\"menu-item-5139\" class=\"menu-item menu-item-type-custom menu-item-object-custom menu-item-5139\"><div class=\"custom_menu_index\">3<\/div><a href=\"\/blog\/regime-forfettario-come-si-calcola-reddito\/\">Tassazione regime forfettario: come si calcola il reddito e l\u2019imposta<\/a><\/li>\n<li id=\"menu-item-5140\" class=\"menu-item menu-item-type-custom menu-item-object-custom menu-item-5140\"><div class=\"custom_menu_index\">4<\/div><a href=\"\/blog\/regime-forfettario-come-accedere-uscire-regole-passaggio\/\">Regime forfettario: come accedere, uscire e passare<\/a><\/li>\n<li id=\"menu-item-5141\" class=\"menu-item menu-item-type-custom menu-item-object-custom menu-item-5141\"><div class=\"custom_menu_index\">5<\/div><a href=\"\/blog\/regime-forfettario-agevolazioni-startup\/\">Regime forfettario: le agevolazioni per startup<\/a><\/li>\n<li id=\"menu-item-5142\" class=\"menu-item menu-item-type-custom menu-item-object-custom menu-item-5142\"><div class=\"custom_menu_index\">6<\/div><a href=\"\/blog\/regime-forfettario-agevolazioni-contributive\/\">Regime forfettario: le agevolazioni contributive<\/a><\/li>\n<li id=\"menu-item-21376\" class=\"menu-item menu-item-type-custom menu-item-object-custom menu-item-21376\"><div class=\"custom_menu_index\">7<\/div><a href=\"\/blog\/regime-forfettario-assunzione-dipendenti\/\">Regime forfettario e assunzione dipendenti: limiti e requisiti<\/a><\/li>\n<li id=\"menu-item-23150\" class=\"menu-item menu-item-type-custom menu-item-object-custom menu-item-23150\"><div class=\"custom_menu_index\">8<\/div><a href=\"\/blog\/fatturazione-elettronica-forfettario-obbligo-vantaggi\/\">Fatturazione elettronica per il forfettario: obbligo e opportunit\u00e0<\/a><\/li>\n<li id=\"menu-item-23158\" class=\"menu-item menu-item-type-custom menu-item-object-custom menu-item-23158\"><div class=\"custom_menu_index\">9<\/div><a href=\"\/blog\/come-scegliere-il-miglior-software-di-fatture-per-un-forfettario\/\">Come scegliere il miglior software di fatture per un forfettario<\/a><\/li>\n<\/ol><\/div><div class=\"clear\"><\/div>\n\t\t\t<style>\n\t\t\t\t#short_menu_6a0785514a647 {  }\n\t\t\t\t#short_menu_6a0785514a647 ul.wpsm-arrow-enabled:before {  } \n\t\t\t\t#short_menu_6a0785514a647 ul, #short_menu_6a0785514a647 ul ul {  }\n\t\t\t\t#short_menu_6a0785514a647 a {  }\n\t\t\t\t#short_menu_6a0785514a647 a:hover {  }\n\t\t\t\t#short_menu_6a0785514a647 ul a {  }\n\t\t\t\t#short_menu_6a0785514a647 ul a:hover {  }\n\t\t\t\t\n\t\t\t<\/style>\n\t\t\t<script type=\"text\/javascript\">\n\t\t\t\tvar show_arrow = \"true\";<\/script><a id=\"requisiti\"><\/a><\/p>\n<h3>Requisiti Soggettivi di accesso al regime forfettario<\/h3>\n<p>Da un punto di vista <strong>soggettivo<\/strong>\u00a0il regime in esame \u00e8 fruibile dalle <strong>persone fisiche esercenti un&#8217;attivit\u00e0 d&#8217;impresa, di arte o professione (incluse le imprese familiari)\u00a0<\/strong>purch\u00e9 in possesso dei requisiti stabiliti e che, contestualmente, non incorrano in una delle cause di esclusione previste. Le societ\u00e0 di persone e i soggetti equiparati di cui all&#8217;art. 5 del Tuir, quali le associazioni professionali invece, ne sono escluse.<\/p>\n<h3>Requisiti Oggettivi di accesso al regime forfettario<\/h3>\n<p>Da un punto di vista oggettivo invece l&#8217;accesso al regime agevolato, nonch\u00e9 il mantenimento dello stesso negli anni successivi, \u00e8 possibile per i soggetti che possiedono determinati requisiti.<\/p>\n<p>Le Leggi di Bilancio emanate in diversi anni hanno modificato le <strong>condizioni di accesso<\/strong> e le <strong>cause ostative<\/strong> previste per l\u2019adozione del regime forfetario.<\/p>\n<p>In particolare per quanto riguarda le condizioni di accesso viene previsto:<\/p>\n<ul>\n<li>L&#8217;innalzamento del <strong>limite a<\/strong> <strong>85.000\u20ac di ricavi e compensi percepiti<\/strong> indipendentemente dalla tipologia di attivit\u00e0 svolta: i contribuenti che intendono accedere al regime forfettario o i contribuenti gi\u00e0 forfettari che intendono permanere nel regime agevolato devono verificare di non aver superato tale soglia nel corso dell&#8217;anno precedente (secondo <a href=\"\/blog\/principio-di-cassa-determinazione-reddito\/\">il principio di cassa<\/a>).<\/li>\n<li>L\u2019introduzione, quale condizione di accesso al regime, del limite delle <strong>spese sostenute per personale dipendente o per lavoro accessorio per un ammontare massimo di 20.000\u20ac lordi.<\/strong><\/li>\n<\/ul>\n<table style=\"width: 100%;\">\n<tbody>\n<tr>\n<th><strong>Requisiti<\/strong><\/th>\n<th>Ammontare<\/th>\n<\/tr>\n<tr>\n<td><strong><a href=\"#limite-ricavi\">Limite dei ricavi e compensi<\/a><\/strong><\/td>\n<td>85.000\u20ac per tutte le attivit\u00e0<\/td>\n<\/tr>\n<tr>\n<td><strong><a href=\"#spese-lavoro\">Spese per lavoro dipendente e assimilati<\/a><\/strong><\/td>\n<td>20.000\u20ac lordi<\/td>\n<\/tr>\n<tr>\n<td><strong><a href=\"#beni-strumentali\">Beni strumentali<\/a><\/strong><\/td>\n<td>Abrogato dal 2019<\/td>\n<\/tr>\n<\/tbody>\n<\/table>\n<h3 id=\"limite-ricavi\">Limite dei ricavi e compensi<\/h3>\n<p>Per accedere al regime agevolato i ricavi o compensi percepiti (eventualmente ragguagliati ad anno) non devono essere superiori al <strong>limite di 85.000\u20ac<\/strong>, indipendentemente dall\u2019attivit\u00e0 esercitata.<\/p>\n<p><strong>Si noti bene poi che si parla di ricavi o compensi<\/strong>, e non di reddito, in quanto come vedremo <strong>le spese sostenute non hanno rilevanza nel regime forfettario<\/strong>.<\/p>\n<p><strong>Il superamento della soglia di 85.000\u20ac determina la fuoriuscita dal regime a decorrere dall\u2019anno successivo<\/strong>: nel caso di superamento della soglia nel corso del 2026 il contribuente dovr\u00e0 nel 2027 adottare il regime ordinario.<\/p>\n<p>Se, per\u00f2,<strong> i compensi o ricavi percepiti<\/strong> <strong>sforano i 100.000\u20ac<\/strong>, il contribuente <strong>uscir\u00e0 immediatamente dal regime forfettario e non l&#8217;anno successivo. <\/strong>In tal caso, dovr\u00e0 applicare l&#8217;imposta sul valore aggiunto (IVA), a cui i forfettari sono esonerati, a partire dalle operazioni che comportano il superamento di tale limite. Questa \u00e8 la cosiddetta &#8220;tagliola anti-evasione&#8221; introdotta dall&#8217;art.1, comma 54b della Legge di Bilancio 2023 (Legge 29 dicembre 2022, n. 197).<\/p>\n<h4>Ad esempio:<\/h4>\n<ul>\n<li>un ingegnere che nel corso del 2026 ha incassato compensi per 41.000\u20ac potr\u00e0 nel 2027 permanere nel regime;<\/li>\n<li>un imprenditore che gestisce una gelateria che nel 2026 ha conseguito corrispettivi per 86.000\u20ac non potr\u00e0 accedere nel 2027 al regime;<\/li>\n<li>un imprenditore a capo di una ditta di costruzioni che a maggio 2026 supera 100.000\u20ac di ricavi cesser\u00e0 immediatamente di trovarsi nel regime forfettario e dovr\u00e0 applicare l&#8217;IVA in fattura a partire dalle operazioni successive allo sforamento del limite.<\/li>\n<\/ul>\n<p>Il limite dei ricavi e dei compensi deve essere ragguagliato ad anno in caso di inizio di attivit\u00e0.<\/p>\n<p><em>Ad esempio:<\/em> se un professionista inizia l\u2019attivit\u00e0 professionale in data 01.07.2026 aderendo al regime forfetario, dato che i giorni di attivit\u00e0 del 2026 sono 184, il limite di compensi che non deve essere superato per poter mantenere il regime forfetario anche nell\u2019anno 2026 sar\u00e0 pari a: <span style=\"font-size: 1rem;\">(85.000\/365)*184 = 42.849,31\u20ac<\/span><\/p>\n<p>Per la verifica del computo del limite di ricavi o compensi <strong>nel caso di esercizio contemporaneo di attivit\u00e0 contraddistinte da differenti codici ATECO<\/strong>, a decorrere dal 01.01.2020 si assume la <strong>somma dei ricavi e dei compensi relativi alle diverse attivit\u00e0 esercitate<\/strong>.<\/p>\n<h3 id=\"spese-lavoro\">Spese per lavoratori dipendenti e collaboratori<\/h3>\n<p>In merito al requisito di accesso introdotto dalla Legge di Bilancio 2020 viene riproposta la condizione gi\u00e0 vigente fino al 2018 che precludeva l\u2019accesso al regime forfettario per coloro che avevano sostenuto <strong>spese di lavoro dipendente o di lavoro accessorio<\/strong> ma, rispetto al passato, <strong>ne viene incrementato il limite<\/strong>, da 5.000 a <strong>20.000\u20ac<\/strong>.<\/p>\n<p>Rientrano nel limite in esame anche:<\/p>\n<ul>\n<li>le spese sostenute per compensi erogati ai collaboratori (di cui all\u2019art. 50, co. 1 lett. c) e c)-bis del Tuir),<\/li>\n<li>gli utili di partecipazione erogati agli associati in partecipazione con apporto costituito da solo lavoro (art. 53, co. 2 lett. c) del Tuir),<\/li>\n<li>le somme corrisposte per le prestazioni di lavoro effettuate dall\u2019imprenditore o dai suoi familiari (art. 60 del Tuir).<\/li>\n<\/ul>\n<h3 id=\"beni-strumentali\"><del>Acquisto di beni strumentali &#8211; ABROGATO dal 2019<\/del><\/h3>\n<p><del><strong>Il costo complessivo, al lordo degli ammortamenti, dei beni strumentali alla chiusura dell&#8217;esercizio non deve superare 20.000\u20ac.<\/strong> Pertanto, per coloro che dovranno accedere al nuovo regime forfetario dal 2018 si dovr\u00e0 verificare che \u201clo stock\u201d di beni strumentali detenuti alla fine dell\u2019esercizio antecedente a quello di entrata (quindi al 31\/12\/2017) non sia superiore ad 20.000\u20ac; nel calcolo si dovr\u00e0 comunque tenere in considerazione che:<\/del><\/p>\n<ul>\n<li><del>per i beni in leasing rileva il costo sostenuto dal concedente;<\/del><\/li>\n<li><del>per i beni in locazione, noleggio e comodato rileva il valore normale dei medesimi determinato ai sensi dell&#8217;articolo 9 del Tuir;<\/del><\/li>\n<li><del>i beni, detenuti in regime di impresa o arte e professione, utilizzati promiscuamente per l&#8217;esercizio dell&#8217;impresa, dell&#8217;arte o professione e per l&#8217;uso personale o familiare del contribuente, concorrono nella misura del 50%.<\/del><\/li>\n<\/ul>\n<p><del><strong>Non saranno rilevanti invece nel calcolo:<\/strong><\/del><\/p>\n<ul>\n<li><del>beni il cui costo unitario non \u00e8 superiore a 516,46\u20ac;<\/del><\/li>\n<li><del>beni immobili, comunque acquisiti, utilizzati per l&#8217;esercizio dell&#8217;impresa, dell&#8217;arte o della professione;<\/del><\/li>\n<li><del>taluni costi riferibili ad attivit\u00e0 immateriali, come quello sostenuto per l\u2019avviamento o altri elementi immateriali comunque riferibili all\u2019attivit\u00e0, che non si caratterizzano per il loro concreto utilizzo nell\u2019ambito dell\u2019attivit\u00e0 d\u2019impresa o di lavoro autonomo (C.M. n. 6\/E\/2015).<\/del><\/li>\n<\/ul>\n<h3>Cause d&#8217;esclusione dal nuovo regime forfettario<\/h3>\n<a class=\"cta-container\" data-click-cta=\"fic-01\" href=\"https:\/\/www.fattureincloud.it\/land\/fattura-elettronica-forfettario\/?utm_source=danea&utm_medium=banner&utm_campaign=danea-landing-to-FIC\" target=\"_blank\"><div style=\"background-color: #0094d4; color: #fff; margin: 1em 0;\">\r\n  <div class=\"row\" style=\"padding: 1em;\">\r\n    <div class=\"col-md-6\">\r\n      <img decoding=\"async\" class=\"img-fluid\" src=\"\/blog\/wp-content\/uploads\/img-banner-blog-forfettari-fatture-in-cloud.png\" alt=\"Fatture in Cloud - software fatturazione elettronica\" style=\"padding-top: 1em\">\r\n    <\/div>\r\n    <div class=\"col-md-6\" style=\"padding-right: 0.8em; padding-left: 0.5em;\">\r\n      <img decoding=\"async\" class=\"img-fluid\" width=\"140\" src=\"\/blog\/wp-content\/uploads\/logo-fatture-in-cloud-2024-bianco.png\" alt=\"fatture in cloud\"  style=\"margin-top: 5px\">\r\n      <p style=\"line-height:2px\"><\/p>\r\n      <p><span style=\"font-size: 18px\">\r\n        Hey, forfettario! Semplificati la vita. <\/span>\r\n      <br><\/span>\r\n       <span style=\"font-size: 18px\">\r\n      <strong>Fatture in Cloud \u00e8 in offerta a soli 4\u20ac\/mese!<\/strong><\/span>\r\n      <\/p>\r\n      <div>\r\n        <span class=\"btn btn-banner-green\">\r\n           SCOPRI SUBITO L'OFFERTA <i class=\"fa-solid fa-arrow-right\"><\/i>\r\n        <\/span>\r\n      <\/div>\r\n    <\/div>\r\n  <\/div>\r\n<\/div>\r\n<\/a>\n<p>Non possono applicare il regime forfetario:<\/p>\n<ul>\n<li>coloro che hanno percepito, nell\u2019anno precedente,<strong> redditi di lavoro dipendente e assimilati<\/strong> di cui rispettivamente agli artt. 49 e 50 del Tuir <strong>eccedenti l\u2019importo di 35.000\u20ac<\/strong>; tale importo, precedentemente fissato a 30.000\u20ac, \u00e8 stato innalzato dalla Legge di Bilancio 2025 e confermato dalla Legge di Bilancio 2026. La verifica della soglia \u00e8 irrilevante se il rapporto di lavoro \u00e8 cessato;<\/li>\n<li>le persone fisiche che si avvalgono di <strong>regimi speciali<\/strong> ai fini dell&#8217;imposta sul valore aggiunto o di regimi forfetari di determinazione del reddito;<\/li>\n<li><strong>i soggetti non residenti<\/strong>, ad eccezione di quelli che sono residenti in uno degli Stati membri dell&#8217;Unione europea o in uno Stato aderente all&#8217;Accordo sullo Spazio economico europeo che assicuri un adeguato scambio di informazioni e che producono nel territorio dello Stato italiano redditi che costituiscono almeno il 75% del reddito complessivamente prodotto;<\/li>\n<li>i soggetti che in via esclusiva o prevalente effettuano <strong>cessioni di fabbricati o porzioni di fabbricato<\/strong>, di terreni edificabili di cui all&#8217;articolo 10, co. 1, numero 8), del d.P.R. 633\/1972 o di mezzi di trasporto nuovi di cui all&#8217;art. 53, co. 1, del D.L. 331\/1993;<\/li>\n<li>gli esercenti attivit\u00e0 d\u2019impresa, arti o professioni che, contemporaneamente all\u2019esercizio dell\u2019attivit\u00e0:\n<ul>\n<li><strong>partecipano a societ\u00e0 di persone<\/strong>, ad associazioni professionali o ad imprese familiari (art. 5 del Tuir);<\/li>\n<li>oppure controllano, direttamente o indirettamente, <strong>societ\u00e0 a responsabilit\u00e0 limitata o associazioni in partecipazione<\/strong>, le quali esercitano attivit\u00e0 economiche direttamente o indirettamente riconducibili a quelle svolte dagli esercenti attivit\u00e0 d\u2019impresa, arti o professioni.<\/li>\n<\/ul>\n<\/li>\n<li>le persone fisiche la cui attivit\u00e0 sia esercitata prevalentemente nei confronti di datori di lavoro con i quali sono in corso rapporti di lavoro o erano intercorsi rapporti di lavoro nei due precedenti periodi d\u2019imposta, ovvero nei confronti di soggetti direttamente o indirettamente riconducibili ai suddetti datori di lavoro.<\/li>\n<\/ul>\n<h4>Possesso di partecipazioni<\/h4>\n<p>Fino al 2018 non era possibile accedere al regime forfetario nel caso di <strong>partecipazione in societ\u00e0 di persone o associazioni professionali<\/strong> (art.5 del Tuir), ovvero in srl in regime di trasparenza (art. 116 del Tuir).<\/p>\n<p><strong>A decorrere dal 2019<\/strong> invece in base alla nuova formulazione della disposizione, <strong>non possono utilizzare il regime forfetario<\/strong> per l\u2019attivit\u00e0 d\u2019impresa o di lavoro autonomo i soggetti che, contemporaneamente all\u2019attivit\u00e0:<\/p>\n<ul>\n<li>possiedono una partecipazione in societ\u00e0 di persone, associazioni professionali o imprese familiari (art. 5 del Tuir);<\/li>\n<li>oppure controllano, direttamente o indirettamente, srl o associazioni in partecipazione, le quali esercitano attivit\u00e0 economiche direttamente o indirettamente riconducibili a quelle svolte dagli esercenti attivit\u00e0 d\u2019impresa, arti o professioni.<\/li>\n<\/ul>\n<p><strong>Due sono quindi i requisiti che qualificano una partecipazione in una <a href=\"\/blog\/srl-societa-a-responsabilita-limitata\/\">srl<\/a> e che determinano l\u2019esclusione<\/strong> del soggetto dal regime forfetario:<\/p>\n<ul>\n<li>si deve trattare deve trattare di una partecipazione che determini, direttamente o indirettamente, il controllo della societ\u00e0;<\/li>\n<li>l\u2019attivit\u00e0 economica svolta dalla srl deve essere riconducibile a quella svolta dal soggetto in regime forfetario.<\/li>\n<\/ul>\n<h4><\/h4>\n<h4>Redditi di lavoro dipendente<\/h4>\n<p>L&#8217;accesso al regime forfettario viene impedito per i soggetti hanno percepito nell\u2019anno precedente <strong>redditi di lavoro dipendente ed assimilati (compresi i redditi da pensione)<\/strong> <strong>di importo superiore a 35.000\u20ac<\/strong>, come gi\u00e0 esaminato nel paragrafo sulle cause d&#8217;esclusione.<\/p>\n<p>Tale limitazione non opera se il rapporto di lavoro dipendente \u00e8 cessato nel corso dell\u2019anno precedente a quello di applicazione del regime, mentre \u00e8 rilevante nel caso in cui il contribuente abbia cessato il rapporto di lavoro dipendente ma ne abbia intrapreso uno nuovo ancora in essere al 31 dicembre.<\/p>\n<blockquote>\n<p style=\"text-align: left;\"><strong><em>&gt;&gt; Vai al prossimo capitolo della Guida: <a href=\"\/blog\/regime-forfettario-semplificazioni-fiscali-contabili\/\">Regime forfettario 2026: le semplificazioni fiscali e contabili<\/a><\/em><\/strong><\/p>\n<\/blockquote>\n<p>&nbsp;<\/p>\n<div class=\"post-tags2\"><\/div>\n","protected":false},"excerpt":{"rendered":"<p>Per il 2026 \u00e8 confermato il limite di ricavi e compensi a 85.000\u20ac,\u00a0l&#8217;uscita immediata dal regime forfettario al superamento della soglia di 100.000\u20ac e l&#8217;importo massimo di 35.000\u20ac dei redditi di lavoro dipendente ed assimilati per non essere esclusi dal regime. Come noto la Legge n. 190\/2014 (Finanziaria 2015) ha introdotto nel nostro ordinamento, a<\/p>\n","protected":false},"author":36,"featured_media":7314,"parent":0,"menu_order":0,"comment_status":"open","ping_status":"closed","template":"page-templates\/guide-danea-page.php","meta":{"yasr_overall_rating":0,"yasr_post_is_review":"","yasr_auto_insert_disabled":"","yasr_review_type":"","footnotes":""},"class_list":["post-5114","page","type-page","status-publish","has-post-thumbnail","hentry"],"yasr_visitor_votes":{"stars_attributes":{"read_only":false,"span_bottom":false},"number_of_votes":522,"sum_votes":2127},"wps_subtitle":"I requisiti per l'accesso al regime forfettario anche detto regime dei minimi 2026, tutti i dettagli sul dibattuto e complesso regime agevolato.","_links":{"self":[{"href":"https:\/\/www.danea.it\/blog\/wp-json\/wp\/v2\/pages\/5114","targetHints":{"allow":["GET"]}}],"collection":[{"href":"https:\/\/www.danea.it\/blog\/wp-json\/wp\/v2\/pages"}],"about":[{"href":"https:\/\/www.danea.it\/blog\/wp-json\/wp\/v2\/types\/page"}],"author":[{"embeddable":true,"href":"https:\/\/www.danea.it\/blog\/wp-json\/wp\/v2\/users\/36"}],"replies":[{"embeddable":true,"href":"https:\/\/www.danea.it\/blog\/wp-json\/wp\/v2\/comments?post=5114"}],"version-history":[{"count":93,"href":"https:\/\/www.danea.it\/blog\/wp-json\/wp\/v2\/pages\/5114\/revisions"}],"predecessor-version":[{"id":29936,"href":"https:\/\/www.danea.it\/blog\/wp-json\/wp\/v2\/pages\/5114\/revisions\/29936"}],"wp:featuredmedia":[{"embeddable":true,"href":"https:\/\/www.danea.it\/blog\/wp-json\/wp\/v2\/media\/7314"}],"wp:attachment":[{"href":"https:\/\/www.danea.it\/blog\/wp-json\/wp\/v2\/media?parent=5114"}],"curies":[{"name":"wp","href":"https:\/\/api.w.org\/{rel}","templated":true}]}}