{"id":5185,"date":"2022-02-21T04:15:42","date_gmt":"2022-02-21T03:15:42","guid":{"rendered":"http:\/\/www.danea.it\/blog\/?page_id=5185"},"modified":"2026-01-08T11:51:25","modified_gmt":"2026-01-08T10:51:25","slug":"regime-forfettario-come-si-calcola-reddito","status":"publish","type":"page","link":"https:\/\/www.danea.it\/blog\/regime-forfettario-come-si-calcola-reddito\/","title":{"rendered":"Tassazione regime forfettario: come calcolare il reddito e l\u2019imposta da versare"},"content":{"rendered":"<p dir=\"ltr\"><a target=\"_blank\" href=\"https:\/\/www.danea.it\/service\/download\/download.asp?ID=pdf-forfettario-fic\" rel=\"nofollow\"><img loading=\"lazy\" decoding=\"async\" data-event=\"ev-voice\" data-category=\"Voice\" data-action=\"Click+Banner\" data-label=\"download_pdf_forfettario\" class=\"alignnone size-full wp-image-4579\" title=\"Clicca e scarica il PDF\" alt=\"Clicca per scaricare il PDF\" src=\"https:\/\/www.danea.it\/blog\/wp-content\/uploads\/2022\/02\/Banner-download-regime-forfettario.jpg\" width=\"622\" height=\"90\" \/><\/a><\/p>\n<p dir=\"ltr\">Probabilmente <span class=\"TextRun Highlight SCXW137572213 BCX0\" lang=\"IT-IT\" xml:lang=\"IT-IT\" data-contrast=\"auto\"><span class=\"NormalTextRun SCXW137572213 BCX0\">l<\/span><span class=\"NormalTextRun SCXW137572213 BCX0\">&#8216;aspetto<\/span><\/span> maggiormente rilevante del regime forfettario sta proprio nelle modalit\u00e0 di <strong>determinazione del reddito da assoggettare a tassazione<\/strong>.<\/p>\n<p dir=\"ltr\">A differenza, infatti, dei regimi agevolati abrogati <strong>il reddito imponibile<\/strong> viene determinato <strong>applicando ai ricavi e compensi<\/strong> percepiti nel periodo d\u2019imposta <strong>il coefficiente di redditivit\u00e0<\/strong> previsto in funzione del codice ATECO che contraddistingue l\u2019attivit\u00e0 svolta, <strong>e sul reddito cos\u00ec determinato<\/strong>, al netto dei contributi previdenziali versati, <strong>viene applicata un\u2019imposta sostitutiva pari al 15%<\/strong>.<\/p>\n<p dir=\"ltr\"><strong><em>Quanto si paga con il regime forfettario?\u00a0<\/em><\/strong>Da quanto detto si pu\u00f2 desumere che:<\/p>\n<a class=\"cta-container\" data-click-cta=\"fic-01\" href=\"https:\/\/www.fattureincloud.it\/land\/fattura-elettronica-forfettario\/?utm_source=danea&utm_medium=banner&utm_campaign=danea-landing-to-FIC\" target=\"_blank\"><div style=\"background-color: #0094d4; color: #fff; margin: 1em 0;\">\r\n  <div class=\"row\" style=\"padding: 1em;\">\r\n    <div class=\"col-md-6\">\r\n      <img decoding=\"async\" class=\"img-fluid\" src=\"\/blog\/wp-content\/uploads\/img-banner-blog-forfettari-fatture-in-cloud.png\" alt=\"Fatture in Cloud - software fatturazione elettronica\" style=\"padding-top: 1em\">\r\n    <\/div>\r\n    <div class=\"col-md-6\" style=\"padding-right: 0.8em; padding-left: 0.5em;\">\r\n      <img decoding=\"async\" class=\"img-fluid\" width=\"140\" src=\"\/blog\/wp-content\/uploads\/logo-fatture-in-cloud-2024-bianco.png\" alt=\"fatture in cloud\"  style=\"margin-top: 5px\">\r\n      <p style=\"line-height:2px\"><\/p>\r\n      <p><span style=\"font-size: 18px\">\r\n        Hey, forfettario! Semplificati la vita. <\/span>\r\n      <br><\/span>\r\n       <span style=\"font-size: 18px\">\r\n      <strong>Fatture in Cloud \u00e8 in offerta a soli 4\u20ac\/mese!<\/strong><\/span>\r\n      <\/p>\r\n      <div>\r\n        <span class=\"btn btn-banner-green\">\r\n           SCOPRI SUBITO L'OFFERTA <i class=\"fa-solid fa-arrow-right\"><\/i>\r\n        <\/span>\r\n      <\/div>\r\n    <\/div>\r\n  <\/div>\r\n<\/div>\r\n<\/a>\n<ul>\n<li>ai fini della determinazione del reddito imponibile <strong>non assumono alcuna rilevanza le spese sostenute nel periodo<\/strong>, siano esse inerenti o meno all\u2019attivit\u00e0 svolta dal contribuente. <strong>Le uniche spese<\/strong> che possono essere portate in deduzione sono i <strong>contributi previdenziali<\/strong> versati in ottemperanza a disposizioni di legge;<\/li>\n<li><strong>il computo dei ricavi avviene secondo il principio di cassa<\/strong>: assumono rilevanza i <strong>ricavi o compensi effettivamente incassati<\/strong> nel corso del periodo d\u2019imposta;<\/li>\n<li><strong>l\u2019imposta del 15% \u00e8 sostitutiva<\/strong> dell&#8217;<strong>imposta sui redditi (irpef)<\/strong>, delle <strong>addizionali regionali e comunali<\/strong> e dell&#8217;<strong>imposta regionale sulle attivit\u00e0 produttive (irap)<\/strong>.<\/li>\n<\/ul>\n<div id=\"om-ajucqiwnxkt6esxybyk7-holder\" class=\"pull-right teroteroann\"><\/div>\n<p dir=\"ltr\"><strong>Nel caso di imprese familiari viene stabilito che l\u2019imposta sostitutiva sia dovuta esclusivamente dal titolare dell\u2019impresa<\/strong> ed \u00e8 calcolata sul reddito dell\u2019impresa stessa prima dell\u2019imputazione della quota ai familiari; i contributi previdenziali sono deducibili, compresi quelli corrisposti per conto dei collaboratori dell&#8217;impresa familiare fiscalmente a carico, ovvero, se non fiscalmente a carico, qualora il titolare non abbia esercitato il diritto di rivalsa sui collaboratori stessi.<\/p>\n<p dir=\"ltr\">Da un punto di vista <strong>operativo<\/strong> la determinazione dell\u2019imposta da versare appare abbastanza semplice: <strong>si deve rapportare l\u2019ammontare dei ricavi o compensi realizzati alla percentuale di imponibilit\u00e0<\/strong> stabilita a seconda del codice ATECO di appartenenza; dal reddito imponibile cos\u00ec determinato si dovranno sottrarre i contributi previdenziali versati e <strong>su tale differenza applicare l\u2019imposta sostitutiva del 15%<\/strong>.<\/p>\n<p dir=\"ltr\"><img loading=\"lazy\" decoding=\"async\" class=\"alignnone wp-image-21095\" src=\"https:\/\/www.danea.it\/blog\/wp-content\/uploads\/2021\/04\/regime-forfettario-reddito-imponibile-300x72.png\" alt=\"Calcolo reddito imponibile forfettari\" width=\"688\" height=\"165\" srcset=\"https:\/\/www.danea.it\/blog\/wp-content\/uploads\/2021\/04\/regime-forfettario-reddito-imponibile-300x72.png 300w, https:\/\/www.danea.it\/blog\/wp-content\/uploads\/2021\/04\/regime-forfettario-reddito-imponibile-1024x246.png 1024w, https:\/\/www.danea.it\/blog\/wp-content\/uploads\/2021\/04\/regime-forfettario-reddito-imponibile-768x184.png 768w, https:\/\/www.danea.it\/blog\/wp-content\/uploads\/2021\/04\/regime-forfettario-reddito-imponibile.png 1200w\" sizes=\"auto, (max-width: 688px) 100vw, 688px\" \/><\/p>\n<blockquote><p><strong>Attenzione: dal 1\u00b0 aprile \u00e8 operativa la nuova classificazione ATECO<\/strong>, che aggiorna e integra quella precedentemente utilizzata.<\/p>\n<p>Questo aggiornamento render\u00e0 necessario un <strong>adeguamento dei coefficienti di redditivit\u00e0<\/strong> utilizzati per determinare il reddito imponibile.<\/p>\n<p>In attesa delle nuove disposizioni, restano in vigore i coefficienti riportati nella tabella allegata alla legge n. 190\/2014.<\/p><\/blockquote>\n<h3 dir=\"ltr\">Esempio: come si calcola il reddito per il nuovo regime forfettario<\/h3>\n<p dir=\"ltr\">Il sig. Verdi svolge l\u2019attivit\u00e0 di avvocato e presenta i requisiti per l\u2019applicazione del regime forfettario; ha incassato compensi per \u20ac 13.000 e versato contributi previdenziali per \u20ac 2.700.<\/p>\n<div>\n<div dir=\"ltr\">\n<table>\n<colgroup>\n<col width=\"211\" \/>\n<col width=\"215\" \/><\/colgroup>\n<tbody>\n<tr>\n<td>\n<p dir=\"ltr\">Compensi percepiti<\/p>\n<\/td>\n<td>\n<p dir=\"ltr\">13.000\u20ac<\/p>\n<\/td>\n<\/tr>\n<tr>\n<td>\n<p dir=\"ltr\">Spese<\/p>\n<\/td>\n<td>\n<p dir=\"ltr\">&#8211;<\/p>\n<\/td>\n<\/tr>\n<tr>\n<td>\n<p dir=\"ltr\">Reddito imponibile lordo<\/p>\n<\/td>\n<td>\n<p dir=\"ltr\">13.000*78% = 10.140\u20ac<\/p>\n<\/td>\n<\/tr>\n<tr>\n<td>\n<p dir=\"ltr\">Contributi previdenziali<\/p>\n<\/td>\n<td>\n<p dir=\"ltr\">2.700\u20ac<\/p>\n<\/td>\n<\/tr>\n<tr>\n<td>\n<p dir=\"ltr\">Reddito imponibile netto<\/p>\n<\/td>\n<td>\n<p dir=\"ltr\">10.140 &#8211; \u20ac 2.700 = 7.440\u20ac<\/p>\n<\/td>\n<\/tr>\n<tr>\n<td>\n<p dir=\"ltr\">Imposta sostitutiva<\/p>\n<\/td>\n<td>\n<p dir=\"ltr\">15%<\/p>\n<\/td>\n<\/tr>\n<tr>\n<td>\n<p dir=\"ltr\">Imposta sostitutiva<\/p>\n<\/td>\n<td>\n<p dir=\"ltr\">7.440 * 15% = 1.116\u20ac<\/p>\n<\/td>\n<\/tr>\n<\/tbody>\n<\/table>\n<\/div>\n<\/div>\n<div>\n<p dir=\"ltr\">Per i soggetti che applicano il regime forfetario i ricavi e compensi percepiti <strong>non sono soggetti a ritenuta d\u2019acconto<\/strong> da parte del sostituto d&#8217;imposta; a tale fine, i contribuenti <strong>devono rilasciare un&#8217;apposita dichiarazione<\/strong> dalla quale risulti che il reddito cui le somme afferiscono \u00e8 soggetto ad imposta sostitutiva.<\/p>\n<p dir=\"ltr\"><strong>Pertanto, nelle fatture emesse:<\/strong><\/p>\n<ul>\n<li>non si deve applicare la ritenuta d\u2019acconto;<\/li>\n<li>deve essere indicata in fattura un\u2019apposita dicitura in cui si dichiara che la somma percepita non \u00e8 soggetta ad imposta sostitutiva.<\/li>\n<\/ul>\n<p dir=\"ltr\">Infine, per quanto riguarda le <strong>modalit\u00e0 e i termini di versamento<\/strong> la norma stabilisce che l\u2019imposta sostitutiva deve essere versata con le stesse modalit\u00e0 e negli stessi termini previsti per il versamento delle imposte sui redditi.<\/p>\n<p>Si rimanda per comodit\u00e0 all&#8217;allegato 4 alla legge di Stabilit\u00e0 <em>(con le modifiche apportate dalla Legge di Stabilit\u00e0 2016)<\/em>\u00a0nel quale vengono riepilogati per ciascuna tipologia di attivit\u00e0 la soglia dei ricavi e dei compensi per poter accedere al regime e il coefficiente di redditivit\u00e0 per la determinazione dell\u2019imposta.<\/p>\n<blockquote><p><strong><em>&gt;&gt; Vai al prossimo capitolo della Guida: <a title=\"Regime forfettario 2015: come accedere, uscire e regole per passaggio\" href=\"\/blog\/regime-forfettario-come-accedere-uscire-regole-passaggio\/\">Regime\u00a0forfettario: come accedere, uscire e regole per passaggio<\/a><\/em><\/strong><\/p><\/blockquote>\n<\/div>\n<p>&nbsp;<\/p>\n<div class=\"menu-minimi-home-container\"><ol id=\"short_menu_69ea29df634d5\" class=\"shortcode_menu  wpsm-menu wpsm-vertical menu_enhance  ramo_custom_menu\"><li id=\"menu-item-5130\" class=\"menu-item menu-item-type-custom menu-item-object-custom menu-item-5130\"><div class=\"custom_menu_index\">1<\/div><a href=\"\/blog\/regime-forfettario-requisiti\/#requisiti\">Regime forfettario: requisiti per l\u2019accesso<\/a><\/li>\n<li id=\"menu-item-5138\" class=\"menu-item menu-item-type-custom menu-item-object-custom menu-item-5138\"><div class=\"custom_menu_index\">2<\/div><a href=\"\/blog\/regime-forfettario-semplificazioni-fiscali-contabili\/\">Regime forfettario: le semplificazioni fiscali e contabili<\/a><\/li>\n<li id=\"menu-item-5139\" class=\"menu-item menu-item-type-custom menu-item-object-custom menu-item-5139\"><div class=\"custom_menu_index\">3<\/div><a href=\"\/blog\/regime-forfettario-come-si-calcola-reddito\/\">Tassazione regime forfettario: come si calcola il reddito e l\u2019imposta<\/a><\/li>\n<li id=\"menu-item-5140\" class=\"menu-item menu-item-type-custom menu-item-object-custom menu-item-5140\"><div class=\"custom_menu_index\">4<\/div><a href=\"\/blog\/regime-forfettario-come-accedere-uscire-regole-passaggio\/\">Regime forfettario: come accedere, uscire e passare<\/a><\/li>\n<li id=\"menu-item-5141\" class=\"menu-item menu-item-type-custom menu-item-object-custom menu-item-5141\"><div class=\"custom_menu_index\">5<\/div><a href=\"\/blog\/regime-forfettario-agevolazioni-startup\/\">Regime forfettario: le agevolazioni per startup<\/a><\/li>\n<li id=\"menu-item-5142\" class=\"menu-item menu-item-type-custom menu-item-object-custom menu-item-5142\"><div class=\"custom_menu_index\">6<\/div><a href=\"\/blog\/regime-forfettario-agevolazioni-contributive\/\">Regime forfettario: le agevolazioni contributive<\/a><\/li>\n<li id=\"menu-item-21376\" class=\"menu-item menu-item-type-custom menu-item-object-custom menu-item-21376\"><div class=\"custom_menu_index\">7<\/div><a href=\"\/blog\/regime-forfettario-assunzione-dipendenti\/\">Regime forfettario e assunzione dipendenti: limiti e requisiti<\/a><\/li>\n<li id=\"menu-item-23150\" class=\"menu-item menu-item-type-custom menu-item-object-custom menu-item-23150\"><div class=\"custom_menu_index\">8<\/div><a href=\"\/blog\/fatturazione-elettronica-forfettario-obbligo-vantaggi\/\">Fatturazione elettronica per il forfettario: obbligo e opportunit\u00e0<\/a><\/li>\n<li id=\"menu-item-23158\" class=\"menu-item menu-item-type-custom menu-item-object-custom menu-item-23158\"><div class=\"custom_menu_index\">9<\/div><a href=\"\/blog\/come-scegliere-il-miglior-software-di-fatture-per-un-forfettario\/\">Come scegliere il miglior software di fatture per un forfettario<\/a><\/li>\n<\/ol><\/div><div class=\"clear\"><\/div>\n\t\t\t<style>\n\t\t\t\t#short_menu_69ea29df634d5 {  }\n\t\t\t\t#short_menu_69ea29df634d5 ul.wpsm-arrow-enabled:before {  } \n\t\t\t\t#short_menu_69ea29df634d5 ul, #short_menu_69ea29df634d5 ul ul {  }\n\t\t\t\t#short_menu_69ea29df634d5 a {  }\n\t\t\t\t#short_menu_69ea29df634d5 a:hover {  }\n\t\t\t\t#short_menu_69ea29df634d5 ul a {  }\n\t\t\t\t#short_menu_69ea29df634d5 ul a:hover {  }\n\t\t\t\t\n\t\t\t<\/style>\n\t\t\t<script type=\"text\/javascript\">\n\t\t\t\tvar show_arrow = \"true\";<\/script>\n<div class=\"post-tags2\"><\/div>\n","protected":false},"excerpt":{"rendered":"<p>Probabilmente l&#8216;aspetto maggiormente rilevante del regime forfettario sta proprio nelle modalit\u00e0 di determinazione del reddito da assoggettare a tassazione. A differenza, infatti, dei regimi agevolati abrogati il reddito imponibile viene determinato applicando ai ricavi e compensi percepiti nel periodo d\u2019imposta il coefficiente di redditivit\u00e0 previsto in funzione del codice ATECO che contraddistingue l\u2019attivit\u00e0 svolta, e<\/p>\n","protected":false},"author":36,"featured_media":7314,"parent":0,"menu_order":0,"comment_status":"open","ping_status":"closed","template":"page-templates\/guide-danea-page.php","meta":{"yasr_overall_rating":0,"yasr_post_is_review":"","yasr_auto_insert_disabled":"","yasr_review_type":"","footnotes":""},"class_list":["post-5185","page","type-page","status-publish","has-post-thumbnail","hentry"],"yasr_visitor_votes":{"stars_attributes":{"read_only":false,"span_bottom":false},"number_of_votes":247,"sum_votes":1050},"wps_subtitle":"La determinazione del reddito da assoggettare a tassazione nel Regime Forfettario 2026: quanto si paga di tasse e come si calcola il reddito","_links":{"self":[{"href":"https:\/\/www.danea.it\/blog\/wp-json\/wp\/v2\/pages\/5185","targetHints":{"allow":["GET"]}}],"collection":[{"href":"https:\/\/www.danea.it\/blog\/wp-json\/wp\/v2\/pages"}],"about":[{"href":"https:\/\/www.danea.it\/blog\/wp-json\/wp\/v2\/types\/page"}],"author":[{"embeddable":true,"href":"https:\/\/www.danea.it\/blog\/wp-json\/wp\/v2\/users\/36"}],"replies":[{"embeddable":true,"href":"https:\/\/www.danea.it\/blog\/wp-json\/wp\/v2\/comments?post=5185"}],"version-history":[{"count":52,"href":"https:\/\/www.danea.it\/blog\/wp-json\/wp\/v2\/pages\/5185\/revisions"}],"predecessor-version":[{"id":29938,"href":"https:\/\/www.danea.it\/blog\/wp-json\/wp\/v2\/pages\/5185\/revisions\/29938"}],"wp:featuredmedia":[{"embeddable":true,"href":"https:\/\/www.danea.it\/blog\/wp-json\/wp\/v2\/media\/7314"}],"wp:attachment":[{"href":"https:\/\/www.danea.it\/blog\/wp-json\/wp\/v2\/media?parent=5185"}],"curies":[{"name":"wp","href":"https:\/\/api.w.org\/{rel}","templated":true}]}}