{"id":5189,"date":"2022-02-21T04:43:14","date_gmt":"2022-02-21T03:43:14","guid":{"rendered":"http:\/\/www.danea.it\/blog\/?page_id=5189"},"modified":"2023-12-21T11:02:04","modified_gmt":"2023-12-21T10:02:04","slug":"regime-forfettario-agevolazioni-startup","status":"publish","type":"page","link":"https:\/\/www.danea.it\/blog\/regime-forfettario-agevolazioni-startup\/","title":{"rendered":"Le agevolazioni per startup previste dal regime forfettario"},"content":{"rendered":"<p dir=\"ltr\"><a target=\"_blank\" href=\"https:\/\/www.danea.it\/service\/download\/download.asp?ID=pdf-forfettario-fic\" rel=\"nofollow\"><img loading=\"lazy\" decoding=\"async\" data-event=\"ev-voice\" data-category=\"Voice\" data-action=\"Click+Banner\" data-label=\"download_pdf_forfettario\" class=\"alignnone size-full wp-image-4579\" title=\"Clicca e scarica il PDF\" alt=\"Clicca per scaricare il PDF\" src=\"https:\/\/www.danea.it\/blog\/wp-content\/uploads\/2022\/02\/Banner-download-regime-forfettario.jpg\" width=\"622\" height=\"90\" \/><\/a><\/p>\n<p dir=\"ltr\">Come abbiamo gi\u00e0 avuto modo di sottolineare il nuovo regime forfettario \u00e8 un regime che pu\u00f2 essere applicato, previa la sussistenza dei requisiti richiesti dalla norma da:<\/p>\n<ul>\n<li>soggetti che iniziano una nuova attivit\u00e0;<\/li>\n<li>soggetti che gi\u00e0 ne esercitano una.<\/li>\n<\/ul>\n<p>L\u20191 co. 65 della Legge di Stabilit\u00e0 2015, istitutiva del regime forfetario, prevedeva un\u2019ulteriore agevolazione per i soggetti che iniziavano una nuova attivit\u00e0: la riduzione del reddito imponibile di un terzo su cui applicare l\u2019imposta sostitutiva del 15% per i primi tre anni di attivit\u00e0.<\/p>\n<p>Per effetto delle novit\u00e0 introdotte dalla Legge di Stabilit\u00e0 2016, i soggetti che intraprendono una nuova attivit\u00e0 beneficiano di una <strong>riduzione dell\u2019aliquota dell\u2019imposta sostitutiva<\/strong> che, <strong>per i primi cinque anni di attivit\u00e0, sar\u00e0 pari al 5% (in luogo del 15%).<\/strong><\/p>\n<h3 dir=\"ltr\">Requisiti per usufruire delle agevolazioni per startup previste dal regime forfettario<\/h3>\n<a class=\"cta-container\" data-click-cta=\"fic-01\" href=\"https:\/\/www.fattureincloud.it\/land\/fattura-elettronica-forfettario\/?utm_source=danea&utm_medium=banner&utm_campaign=danea-landing-to-FIC\" target=\"_blank\"><div style=\"background-color: #0094d4; color: #fff; margin: 1em 0;\">\r\n  <div class=\"row\" style=\"padding: 1em;\">\r\n    <div class=\"col-md-6\">\r\n      <img decoding=\"async\" class=\"img-fluid\" src=\"\/blog\/wp-content\/uploads\/img-banner-blog-forfettari-fatture-in-cloud.png\" alt=\"Fatture in Cloud - software fatturazione elettronica\" style=\"padding-top: 1em\">\r\n    <\/div>\r\n    <div class=\"col-md-6\" style=\"padding-right: 0.8em; padding-left: 0.5em;\">\r\n      <img decoding=\"async\" class=\"img-fluid\" width=\"140\" src=\"\/blog\/wp-content\/uploads\/logo-fatture-in-cloud-2024-bianco.png\" alt=\"fatture in cloud\"  style=\"margin-top: 5px\">\r\n      <p style=\"line-height:2px\"><\/p>\r\n      <p><span style=\"font-size: 18px\">\r\n        Hey, forfettario! Semplificati la vita. <\/span>\r\n      <br><\/span>\r\n       <span style=\"font-size: 18px\">\r\n      <strong>Fatture in Cloud \u00e8 in offerta a soli 4\u20ac\/mese!<\/strong><\/span>\r\n      <\/p>\r\n      <div>\r\n        <span class=\"btn btn-banner-green\">\r\n           SCOPRI SUBITO L'OFFERTA <i class=\"fa-solid fa-arrow-right\"><\/i>\r\n        <\/span>\r\n      <\/div>\r\n    <\/div>\r\n  <\/div>\r\n<\/div>\r\n<\/a>\n<ol>\n<li><strong>il contribuente non deve aver esercitato, nei tre anni precedenti l&#8217;inizio dell&#8217;attivit\u00e0<\/strong>, attivit\u00e0 artistica, professionale ovvero d&#8217;impresa, anche in forma associata o familiare;<\/li>\n<li><strong>l&#8217;attivit\u00e0 da esercitare non deve costituire, in nessun modo, mera prosecuzione di altra attivit\u00e0 precedentemente svolta<\/strong> sotto forma di lavoro dipendente o autonomo, escluso il caso in cui l&#8217;attivit\u00e0 precedentemente svolta consista nel periodo di pratica obbligatoria ai fini dell&#8217;esercizio di arti o professioni;<\/li>\n<li><strong>qualora venga proseguita un&#8217;attivit\u00e0 svolta in precedenza<\/strong> da altro soggetto, <strong>l&#8217;ammontare dei relativi ricavi e compensi<\/strong>, realizzati nel periodo d&#8217;imposta precedente quello di riconoscimento del predetto beneficio, <strong>non deve essere superiore ai limiti previsti per quell\u2019attivit\u00e0 sulla base della classificazione ATECO.<\/strong><\/li>\n<\/ol>\n<div id=\"om-ajucqiwnxkt6esxybyk7-holder\" class=\"pull-right teroteroann\"><\/div>\n<p dir=\"ltr\">Come si pu\u00f2 notare si tratta sostanzialmente dei medesimi requisiti previsti per poter accedere ai vecchi regimi agevolati (minimi e nuove iniziative produttive) oramai abrogati, con la fondamentale differenza che per il nuovo regime forfettario il rispetto di tali condizioni non ostacola l\u2019accesso al regime, ma influisce\u00a0sulla possibilit\u00e0 di beneficiare dell&#8217;aliquota ridotta al 5%.<\/p>\n<blockquote>\n<p dir=\"ltr\">Quindi se un contribuente inizia una nuova attivit\u00e0 senza rispettare una delle condizioni sopra descritte, ma soddisfa tutti i requisiti di accesso potr\u00e0 ugualmente fruire del regime forfetario, senza tuttavia poter beneficare dell\u2019ulteriore agevolazione.<\/p>\n<\/blockquote>\n<p dir=\"ltr\"><strong>Un\u2019ultima importante precisazione:<\/strong> anche ai <strong>soggetti che fino al 2014 fruivano del regime delle nuove iniziative produttive<\/strong> e che dal 2015 (e 2016 e 2017) applicano il nuovo regime forfetario <strong>viene riconosciuta la possibilit\u00e0 di usufruire delle agevolazioni previste per le startup per i periodi d\u2019imposta che residuano al compimento del quinquennio\u00a0in cui \u00e8 valida detta riduzione.<\/strong><\/p>\n<blockquote>\n<p dir=\"ltr\"><strong><em>&gt;&gt; Vai al prossimo capitolo della Guida: <a title=\"Nuovo regime forfetario 2015: le agevolazioni contributive\" href=\"\/blog\/regime-forfettario-agevolazioni-contributive\/\">Regime forfettario: le agevolazioni contributive<\/a><\/em><\/strong><\/p>\n<\/blockquote>\n<p>&nbsp;<\/p>\n<div class=\"menu-minimi-home-container\"><ol id=\"short_menu_69f3580023929\" class=\"shortcode_menu  wpsm-menu wpsm-vertical menu_enhance  ramo_custom_menu\"><li id=\"menu-item-5130\" class=\"menu-item menu-item-type-custom menu-item-object-custom menu-item-5130\"><div class=\"custom_menu_index\">1<\/div><a href=\"\/blog\/regime-forfettario-requisiti\/#requisiti\">Regime forfettario: requisiti per l\u2019accesso<\/a><\/li>\n<li id=\"menu-item-5138\" class=\"menu-item menu-item-type-custom menu-item-object-custom menu-item-5138\"><div class=\"custom_menu_index\">2<\/div><a href=\"\/blog\/regime-forfettario-semplificazioni-fiscali-contabili\/\">Regime forfettario: le semplificazioni fiscali e contabili<\/a><\/li>\n<li id=\"menu-item-5139\" class=\"menu-item menu-item-type-custom menu-item-object-custom menu-item-5139\"><div class=\"custom_menu_index\">3<\/div><a href=\"\/blog\/regime-forfettario-come-si-calcola-reddito\/\">Tassazione regime forfettario: come si calcola il reddito e l\u2019imposta<\/a><\/li>\n<li id=\"menu-item-5140\" class=\"menu-item menu-item-type-custom menu-item-object-custom menu-item-5140\"><div class=\"custom_menu_index\">4<\/div><a href=\"\/blog\/regime-forfettario-come-accedere-uscire-regole-passaggio\/\">Regime forfettario: come accedere, uscire e passare<\/a><\/li>\n<li id=\"menu-item-5141\" class=\"menu-item menu-item-type-custom menu-item-object-custom menu-item-5141\"><div class=\"custom_menu_index\">5<\/div><a href=\"\/blog\/regime-forfettario-agevolazioni-startup\/\">Regime forfettario: le agevolazioni per startup<\/a><\/li>\n<li id=\"menu-item-5142\" class=\"menu-item menu-item-type-custom menu-item-object-custom menu-item-5142\"><div class=\"custom_menu_index\">6<\/div><a href=\"\/blog\/regime-forfettario-agevolazioni-contributive\/\">Regime forfettario: le agevolazioni contributive<\/a><\/li>\n<li id=\"menu-item-21376\" class=\"menu-item menu-item-type-custom menu-item-object-custom menu-item-21376\"><div class=\"custom_menu_index\">7<\/div><a href=\"\/blog\/regime-forfettario-assunzione-dipendenti\/\">Regime forfettario e assunzione dipendenti: limiti e requisiti<\/a><\/li>\n<li id=\"menu-item-23150\" class=\"menu-item menu-item-type-custom menu-item-object-custom menu-item-23150\"><div class=\"custom_menu_index\">8<\/div><a href=\"\/blog\/fatturazione-elettronica-forfettario-obbligo-vantaggi\/\">Fatturazione elettronica per il forfettario: obbligo e opportunit\u00e0<\/a><\/li>\n<li id=\"menu-item-23158\" class=\"menu-item menu-item-type-custom menu-item-object-custom menu-item-23158\"><div class=\"custom_menu_index\">9<\/div><a href=\"\/blog\/come-scegliere-il-miglior-software-di-fatture-per-un-forfettario\/\">Come scegliere il miglior software di fatture per un forfettario<\/a><\/li>\n<\/ol><\/div><div class=\"clear\"><\/div>\n\t\t\t<style>\n\t\t\t\t#short_menu_69f3580023929 {  }\n\t\t\t\t#short_menu_69f3580023929 ul.wpsm-arrow-enabled:before {  } \n\t\t\t\t#short_menu_69f3580023929 ul, #short_menu_69f3580023929 ul ul {  }\n\t\t\t\t#short_menu_69f3580023929 a {  }\n\t\t\t\t#short_menu_69f3580023929 a:hover {  }\n\t\t\t\t#short_menu_69f3580023929 ul a {  }\n\t\t\t\t#short_menu_69f3580023929 ul a:hover {  }\n\t\t\t\t\n\t\t\t<\/style>\n\t\t\t<script type=\"text\/javascript\">\n\t\t\t\tvar show_arrow = \"true\";<\/script>\n<div class=\"post-tags2\"><\/div>\n","protected":false},"excerpt":{"rendered":"<p>Come abbiamo gi\u00e0 avuto modo di sottolineare il nuovo regime forfettario \u00e8 un regime che pu\u00f2 essere applicato, previa la sussistenza dei requisiti richiesti dalla norma da: soggetti che iniziano una nuova attivit\u00e0; soggetti che gi\u00e0 ne esercitano una. L\u20191 co. 65 della Legge di Stabilit\u00e0 2015, istitutiva del regime forfetario, prevedeva un\u2019ulteriore agevolazione per<\/p>\n","protected":false},"author":36,"featured_media":7314,"parent":0,"menu_order":0,"comment_status":"open","ping_status":"closed","template":"page-templates\/guide-danea-page.php","meta":{"yasr_overall_rating":0,"yasr_post_is_review":"","yasr_auto_insert_disabled":"","yasr_review_type":"","footnotes":""},"class_list":["post-5189","page","type-page","status-publish","has-post-thumbnail","hentry"],"yasr_visitor_votes":{"stars_attributes":{"read_only":false,"span_bottom":false},"number_of_votes":59,"sum_votes":256},"wps_subtitle":"Il regime forfettario prevede ulteriori e specifiche agevolazioni per le nuove attivit\u00e0: la riduzione dell\u2019imposta sostitutiva dal 15% al 5% per i primi 5 anni di attivit\u00e0","_links":{"self":[{"href":"https:\/\/www.danea.it\/blog\/wp-json\/wp\/v2\/pages\/5189","targetHints":{"allow":["GET"]}}],"collection":[{"href":"https:\/\/www.danea.it\/blog\/wp-json\/wp\/v2\/pages"}],"about":[{"href":"https:\/\/www.danea.it\/blog\/wp-json\/wp\/v2\/types\/page"}],"author":[{"embeddable":true,"href":"https:\/\/www.danea.it\/blog\/wp-json\/wp\/v2\/users\/36"}],"replies":[{"embeddable":true,"href":"https:\/\/www.danea.it\/blog\/wp-json\/wp\/v2\/comments?post=5189"}],"version-history":[{"count":27,"href":"https:\/\/www.danea.it\/blog\/wp-json\/wp\/v2\/pages\/5189\/revisions"}],"predecessor-version":[{"id":27506,"href":"https:\/\/www.danea.it\/blog\/wp-json\/wp\/v2\/pages\/5189\/revisions\/27506"}],"wp:featuredmedia":[{"embeddable":true,"href":"https:\/\/www.danea.it\/blog\/wp-json\/wp\/v2\/media\/7314"}],"wp:attachment":[{"href":"https:\/\/www.danea.it\/blog\/wp-json\/wp\/v2\/media?parent=5189"}],"curies":[{"name":"wp","href":"https:\/\/api.w.org\/{rel}","templated":true}]}}