{"id":8995,"date":"2016-07-25T10:45:17","date_gmt":"2016-07-25T08:45:17","guid":{"rendered":"https:\/\/www.danea.it\/blog\/?page_id=8995"},"modified":"2025-02-10T12:40:57","modified_gmt":"2025-02-10T11:40:57","slug":"rimborsi-spese","status":"publish","type":"page","link":"https:\/\/www.danea.it\/blog\/rimborsi-spese\/","title":{"rendered":"Rimborsi spese amministratori e dipendenti: il concetto di trasferta e aspetti generali"},"content":{"rendered":"<p>Pu\u00f2 accadere di frequente, per specifiche e contingenti esigenze aziendali che il dipendente, l\u2019amministratore o il collaboratore siano chiamati a svolgere le proprie mansioni temporaneamente fuori dalla sede di lavoro abituale rispetto alla sede indicata nel contratto o nella lettera di assunzione.<\/p>\n<p>I <strong>rimborsi spese<\/strong> in busta paga che generalmente vengono erogati da l\u2019impresa al dipendente hanno la funzione di indennizzare il dipendente stesso dei costi sostenuti per lo spostamento dal luogo di lavoro abituale per poter svolgere le mansioni assegnate.<\/p>\n<h3>Rimborsi spese: il concetto di trasferta<\/h3>\n<a class=\"cta-container\" data-click-cta=\"dic-01\" href=\"https:\/\/www.dipendentincloud.it\/?utm_source=danea&utm_medium=banner&utm_campaign=danea-blog-guide-hr\"><div style=\"background-color: #0052cc; color: #fff; margin: 1em 0;\">\r\n  <div class=\"row\" style=\"padding: 1em;\">\r\n    <div class=\"col-md-6\">\r\n      <img decoding=\"async\" class=\"img-fluid\" src=\"\/blog\/wp-content\/uploads\/img-banner-blog-dic.png\" alt=\"Dipendenti in cloud software gestione dipendenti\" style=\"padding-top: 1em\">\r\n    <\/div>\r\n    <div class=\"col-md-6\" style=\"padding-right: 0.8em; padding-left: 0.5em;\">\r\n      <img decoding=\"async\" class=\"img-fluid\" width=\"150\" src=\"\/blog\/wp-content\/uploads\/logo-dic-orizzontale-2024.png\" alt=\"Dipendenti in cloud software gestione dipendenti\" style=\"margin-top: 5px; margin-bottom:5px\">\r\n      <br>\r\n      <p><span style=\"font-size: 17px\">\r\n        Gestire i dipendenti \u00e8 facile, basta usare lo strumento giusto!<\/span>\r\n      <br>\r\n       <span style=\"font-size: 15px\">\r\n       Presenze, piani ferie, note spese... e molto altro!<\/span>\r\n      <\/p>\r\n      <div>\r\n        <span class=\"btn btn-banner-green\">\r\n          PROVALO GRATIS ORA <i class=\"fa-solid fa-arrow-right\"><\/i>\r\n        <\/span>\r\n      <\/div>\r\n    <\/div>\r\n  <\/div>\r\n<\/div>\r\n<\/a>\n<p>Prima di analizzare le varie tipologie di rimborsi spese previsti dalla normativa \u00e8 necessario chiarire <strong>il concetto di \u201ctrasferta\u201d<\/strong> e mettere in evidenza il <strong>diverso trattamento previsto tra le trasferte effettuate al di fuori del territorio comunale da quelle effettuate all\u2019interno del territorio comunale.<\/strong><\/p>\n<p>In generale, <strong>si parla di trasferta quando l\u2019attivit\u00e0 lavorativa viene svolta fuori del Comune sede di lavoro<\/strong> che solitamente corrisponde ad una delle sedi del datore di lavoro: \u00e8 necessario quindi individuare esattamente la sede di lavoro per poter poi definire la trasferta ed il trattamento delle relative indennit\u00e0.<br \/>\n<span id=\"DIC\"><\/span><\/p>\n<div id=\"om-sp0c3pgfwtabnfbjhzbn-holder\" class=\"pull-right teroteroann\"><\/div>\n<p>Se, nel caso di rapporto di lavoro subordinato l\u2019individuazione della sede di lavoro \u00e8 abbastanza semplice, in quanto \u00e8 uno degli elementi che devono necessariamente risultare dal contratto o dalla lettera di assunzione, pi\u00f9 difficile potrebbe essere identificare la sede di lavoro per i collaboratori (e quindi degli amministratori) i cui redditi sono assimilati a quelli di \u00a0lavoro dipendente.<\/p>\n<p>In linea di principio, come precisato nella C.M. n. 207\/E\/2000 si ha trasferta quando il collaboratore \u00e8 chiamato a svolgere <strong>un\u2019attivit\u00e0 fuori dalla sede naturale in cui \u00e8 tenuto contrattualmente a svolgere le proprie funzioni<\/strong>; tuttavia, \u00a0per alcune attivit\u00e0 non \u00e8 possibile, in virt\u00f9 delle caratteristiche peculiari della prestazione svolta, determinare contrattualmente la sede di lavoro, n\u00e9 identificare tale sede con quella della societ\u00e0. <strong>In questi casi occorre fare riferimento al domicilio fiscale del collaboratore<\/strong>; come anche precisato dall\u2019Agenzia delle entrate nella <a href=\"https:\/\/def.finanze.it\/DocTribFrontend\/getPrassiDetail.do?id=%7BD65C3136-212F-4F99-B50D-88A36CBE570A%7D\" target=\"_blank\" rel=\"noopener noreferrer\">C.M. n. 7\/E\/2001<\/a> \u00a0<em>\u201ctale criterio pu\u00f2 essere utilizzato ad esempio per gli\u00a0amministratori\u00a0di societ\u00e0 o enti, semprech\u00e9 dall\u2019atto di nomina non risulti diversamente individuata la sede di lavoro\u201d<\/em>.<\/p>\n<p><strong>La trasferta poi deve essere temporanea al fine di non confonderla con il trasferimento<\/strong>: la normativa non prevede un numero di giorni massimo che devono durare le trasferte, che deve essere quindi valutato caso per caso anche a seconda della tipologia di attivit\u00e0 esercitata. Anche permanenze pi\u00f9 lunghe di 240 giorni ad esempio possono rientrare nella disciplina delle trasferte se legate a particolari circostanze (si pensi ad esempio al settore edile in cui un dipendente viene mandato a seguire direttamente un cantiere fino alla sua conclusione).<\/p>\n<h3>Rimborsi spese: trasferte in territorio comunale o extra comunale<\/h3>\n<p>Ulteriore fondamentale distinzione per l\u2019analisi del trattamento delle indennit\u00e0 e dei rimborsi spese \u00e8 connessa alla <strong>destinazione del trasferimento temporaneo a cui \u00e8 tenuto il dipendente<\/strong>:<\/p>\n<ul>\n<li>nel caso di <strong>trasferte all\u2019interno del territorio comunale<\/strong> eventuali rimborsi o indennit\u00e0 erogati ai dipendenti concorrono a formare il reddito (con l\u2019unica eccezione dei rimborsi delle spese di trasporto a condizione che siano comprovate da documenti che provengono dal vettore), indipendentemente dalle dimensioni del Comune dove viene effettuata la trasferta;<\/li>\n<li>nel caso di <strong>trasferte fuori dal territorio comunale<\/strong> invece, vale la regola generale della non imponibilit\u00e0 del rimborso, con alcune eccezioni specificatamente individuate dalla normativa.<\/li>\n<\/ul>\n<h3>I sistemi di rimborso spese: rimborso forfettario, a pi\u00e8 di lista e misto<\/h3>\n<p>L\u2019art. 51 comma 5 del D.P.R. n. 917\/1986 disciplina il trattamento fiscale in capo ai lavoratori dipendenti ed assimilati delle indennit\u00e0 e dei rimborsi spese per le trasferte fuori dal territorio comunale, individuando tre sistemi di rimborso, l\u2019uno alternativo all\u2019altro:<\/p>\n<ul>\n<li>il <a href=\"\/blog\/rimborso-forfettario\/\">sistema di rimborso forfettario<\/a>;<\/li>\n<li>il <a href=\"\/blog\/rimborso-a-pie-di-lista\/\">sistema di rimborso a pi\u00e8 di lista o analitico<\/a>;<\/li>\n<li>il <a href=\"\/blog\/rimborso-spese-misto\/\">sistema misto<\/a>.<\/li>\n<\/ul>\n<p>In questa guida analizziamo nel dettaglio ciascuna tipologia di rimborso, con particolare riferimento alla tassazione in capo al lavoratore dipendente (o assimilato) e alla documentazione richiesta, tenendo presente che \u00e8 possibile scegliere liberamente la tipologia di sistema da adottare, precisando per\u00f2 che la scelta deve essere effettuata con riferimento a ciascuna trasferta e nel caso di trasferte di pi\u00f9 giorni, deve essere necessariamente utilizzato un unico metodo: non \u00e8 possibile nell\u2019ambito della stessa trasferta adottare sistemi diversi per le singole giornate.<\/p>\n<p>Infine, nella seconda parte della guida approfondiremo in due capitoli:<\/p>\n<ul>\n<li><strong>la gestione dei rimborsi spese dal punto di vista aziendale<\/strong>, la deducibilit\u00e0 dei rimborsi e gli oneri in capo all\u2019azienda;<\/li>\n<li><strong>la gestione dei rimborsi spese e delle note spese dal punto di vista del professionista<\/strong> che collabora con l\u2019azienda con un focus sul rimborso spese professionisti.<\/li>\n<\/ul>\n<p>&nbsp;<\/p>\n<div class=\"menu-rimborsi-spese-container\"><ol id=\"short_menu_69f0eedb487ea\" class=\"shortcode_menu  wpsm-menu wpsm-vertical menu_enhance  ramo_custom_menu\"><li id=\"menu-item-9000\" class=\"menu-item menu-item-type-custom menu-item-object-custom menu-item-9000\"><div class=\"custom_menu_index\">1<\/div><a href=\"\/blog\/rimborsi-spese\/\">Rimborsi spese: aspetti generali<\/a><\/li>\n<li id=\"menu-item-9001\" class=\"menu-item menu-item-type-custom menu-item-object-custom menu-item-9001\"><div class=\"custom_menu_index\">2<\/div><a href=\"\/blog\/rimborso-forfettario\/\">Rimborso forfettario delle spese<\/a><\/li>\n<li id=\"menu-item-9002\" class=\"menu-item menu-item-type-custom menu-item-object-custom menu-item-9002\"><div class=\"custom_menu_index\">3<\/div><a href=\"\/blog\/rimborso-a-pie-di-lista\/\">Rimborso a pi\u00e8 di lista o analitico<\/a><\/li>\n<li id=\"menu-item-9003\" class=\"menu-item menu-item-type-custom menu-item-object-custom menu-item-9003\"><div class=\"custom_menu_index\">4<\/div><a href=\"\/blog\/rimborso-spese-misto\/\">Rimborsi spese: il rimborso misto<\/a><\/li>\n<li id=\"menu-item-9004\" class=\"menu-item menu-item-type-custom menu-item-object-custom menu-item-9004\"><div class=\"custom_menu_index\">5<\/div><a href=\"\/blog\/calcolo-rimborso-chilometrico\/\">Calcolo rimborso chilometrico<\/a><\/li>\n<li id=\"menu-item-9005\" class=\"menu-item menu-item-type-custom menu-item-object-custom menu-item-9005\"><div class=\"custom_menu_index\">6<\/div><a href=\"\/blog\/rimborsi-spese-trasferta-deducibilita\/\">Rimborsi spese: deducibilit\u00e0 e fiscalit\u00e0 in capo all&#8217;azienda<\/a><\/li>\n<li id=\"menu-item-9006\" class=\"menu-item menu-item-type-custom menu-item-object-custom menu-item-9006\"><div class=\"custom_menu_index\">7<\/div><a href=\"\/blog\/rimborso-spese-professionisti\/\">Rimborso spese professionisti: fattura, reddito e deducibilit\u00e0<\/a><\/li>\n<\/ol><\/div><div class=\"clear\"><\/div>\n\t\t\t<style>\n\t\t\t\t#short_menu_69f0eedb487ea {  }\n\t\t\t\t#short_menu_69f0eedb487ea ul.wpsm-arrow-enabled:before {  } \n\t\t\t\t#short_menu_69f0eedb487ea ul, #short_menu_69f0eedb487ea ul ul {  }\n\t\t\t\t#short_menu_69f0eedb487ea a {  }\n\t\t\t\t#short_menu_69f0eedb487ea a:hover {  }\n\t\t\t\t#short_menu_69f0eedb487ea ul a {  }\n\t\t\t\t#short_menu_69f0eedb487ea ul a:hover {  }\n\t\t\t\t\n\t\t\t<\/style>\n\t\t\t<script type=\"text\/javascript\">\n\t\t\t\tvar show_arrow = \"true\";<\/script>\n<div class=\"post-tags2\"><\/div>\n","protected":false},"excerpt":{"rendered":"<p>Pu\u00f2 accadere di frequente, per specifiche e contingenti esigenze aziendali che il dipendente, l\u2019amministratore o il collaboratore siano chiamati a svolgere le proprie mansioni temporaneamente fuori dalla sede di lavoro abituale rispetto alla sede indicata nel contratto o nella lettera di assunzione. I rimborsi spese in busta paga che generalmente vengono erogati da l\u2019impresa al<\/p>\n","protected":false},"author":56,"featured_media":8996,"parent":0,"menu_order":0,"comment_status":"closed","ping_status":"closed","template":"page-templates\/guide-danea-page.php","meta":{"yasr_overall_rating":0,"yasr_post_is_review":"","yasr_auto_insert_disabled":"","yasr_review_type":"","footnotes":""},"class_list":["post-8995","page","type-page","status-publish","has-post-thumbnail","hentry"],"yasr_visitor_votes":{"stars_attributes":{"read_only":false,"span_bottom":false},"number_of_votes":41,"sum_votes":175},"wps_subtitle":"La Guida Danea alla gestione dei Rimborsi spese di amministratori e dipendenti. In questo primo capitolo: il concetto di trasferta e gli aspetti generali.","_links":{"self":[{"href":"https:\/\/www.danea.it\/blog\/wp-json\/wp\/v2\/pages\/8995","targetHints":{"allow":["GET"]}}],"collection":[{"href":"https:\/\/www.danea.it\/blog\/wp-json\/wp\/v2\/pages"}],"about":[{"href":"https:\/\/www.danea.it\/blog\/wp-json\/wp\/v2\/types\/page"}],"author":[{"embeddable":true,"href":"https:\/\/www.danea.it\/blog\/wp-json\/wp\/v2\/users\/56"}],"replies":[{"embeddable":true,"href":"https:\/\/www.danea.it\/blog\/wp-json\/wp\/v2\/comments?post=8995"}],"version-history":[{"count":21,"href":"https:\/\/www.danea.it\/blog\/wp-json\/wp\/v2\/pages\/8995\/revisions"}],"predecessor-version":[{"id":28927,"href":"https:\/\/www.danea.it\/blog\/wp-json\/wp\/v2\/pages\/8995\/revisions\/28927"}],"wp:featuredmedia":[{"embeddable":true,"href":"https:\/\/www.danea.it\/blog\/wp-json\/wp\/v2\/media\/8996"}],"wp:attachment":[{"href":"https:\/\/www.danea.it\/blog\/wp-json\/wp\/v2\/media?parent=8995"}],"curies":[{"name":"wp","href":"https:\/\/api.w.org\/{rel}","templated":true}]}}