{"id":9654,"date":"2016-11-24T06:51:09","date_gmt":"2016-11-24T05:51:09","guid":{"rendered":"https:\/\/www.danea.it\/blog\/?page_id=9654"},"modified":"2020-12-09T10:13:45","modified_gmt":"2020-12-09T09:13:45","slug":"timeboxing","status":"publish","type":"page","link":"https:\/\/www.danea.it\/blog\/timeboxing\/","title":{"rendered":"Timeboxing: il metodo per ottimizzare il tempo e migliorare la produttivit\u00e0"},"content":{"rendered":"<p><span style=\"font-weight: 400;\">Se nel tuo lavoro ti trovi spesso a dover fare i conti con <strong>scadenze di consegna<\/strong> che ti sembrano impossibili da rispettare, e se hai l&#8217;attitudine ad accumulare diverse attivit\u00e0 contemporaneamente, probabilmente sei soggetto ad ansia e stress che possono pregiudicare la tua<strong> produttivit\u00e0<\/strong>.<\/span><\/p>\n<p><span style=\"font-weight: 400;\">Per fortuna, ci sono alcune<strong> tecniche di gestione del tempo<\/strong> in grado di trasformare lo stress in un fattore positivo, in grado di mantenere la <strong>mente focalizzata sul progetto<\/strong> e sul suo aspetto creativo.<\/span><\/p>\n<p><span style=\"font-weight: 400;\">Come insegnano i creativi pi\u00f9 esperti, le <strong>deadline<\/strong> non devono essere vissute come una Spada di Damocle pronta ad abbattersi su di te, ma come un pretesto per risolvere una situazione, trovando la giusta concentrazione e la giusta idea.<\/span><\/p>\n<a target=\"_blank\" href=\"https:\/\/www.danea.it\/service\/download\/download.asp?ID=pdf-guida-produtt\" rel=\"nofollow\"><img loading=\"lazy\" decoding=\"async\" data-event=\"ev-voice\" data-category=\"Voice\" data-action=\"Click+Banner\" data-label=\"download_pdf_produttivita\" class=\"alignnone size-full wp-image-4579\" title=\"Clicca e scarica il PDF\" alt=\"Clicca per scaricare il PDF\" src=\"https:\/\/www.danea.it\/blog\/wp-content\/uploads\/2020\/12\/Banner-download-produttivita.jpg\" width=\"622\" height=\"90\" \/><\/a>\n<h3>Il metodo Timeboxing<\/h3>\n<p><span style=\"font-weight: 400;\">Il metodo del Timeboxing si \u00e8 sviluppata nell&#8217;ambito dello sviluppo software, e prevede di <strong>snellire il processo<\/strong> dedicando ad ogni operazione che lo costituisce degli slot di tempo ben definiti. In questo modo si evita di rimandare le decisioni da prendere o i compiti da eseguire, e di perdere tempo prezioso.<\/span><\/p>\n<p><span style=\"font-weight: 400;\">Focalizzando la concentrazione su ogni singolo aspetto, inoltre, ridurrai notevolmente le distrazioni e le interruzioni.<\/span><\/p>\n<p><span style=\"font-weight: 400;\">Un buon modo per prendere confidenza con la tecnica del Timeboxing \u00e8 <strong>provare ad applicarla alle sessioni di creative thinking<\/strong>, iniziando il tuo \u201callenamento\u201d con sedute di 5\/10 minuti in cui pensare solo a questa fase del processo creativo. La generazione di idee \u00e8 un&#8217;attivit\u00e0 che comporta un notevole affaticamento mentale, che rischia a sua volta di portarti a stress, nervosismo, frustrazione. <\/span><\/p>\n<p><span style=\"font-weight: 400;\">Inizia gradualmente, <strong>dedicando piccole porzioni di tempo intervallat<\/strong>e da momenti in cui ti dedicherai ad altro, ed in breve tempo vedrai che sarai in grado di dedicare timebox (porzioni di tempo) sempre pi\u00f9 ampie, aumentando il tempo dedicato a progetti pi\u00f9 complessi (sessioni di 20\/30 minuti) fino ad arrivare a 60\/120 minuti per i progetti molto complessi, fatti di diverse sedute di brainstorming in cui sono coinvolte pi\u00f9 persone.<\/span><\/p>\n<p><span style=\"font-weight: 400;\">L&#8217;importante \u00e8 tenere sempre presente una regola fondamentale: quando la timebox termina, devi importi di sospendere l&#8217;attivit\u00e0 e riprenderla alla timebox successiva, svolgendo nel frattempo un&#8217;altra mansione. Un esempio? Dedicare una timebox di 10 minuti al controllo della posta elettronica, ma anche ad un piccolo momento di relax come prendere una boccata d&#8217;aria o bersi un caff\u00e9. Nel caso di progetti pi\u00f9 complessi potrai invece stabilire delle timebox intermedie per analizzare i risultati ottenuti, attraverso una retrospettiva che possa identificare gli aspetti da migliorare e potenziare.<\/span><\/p>\n<a target=\"_blank\" href=\"https:\/\/www.danea.it\/service\/download\/download.asp?ID=pdf-guida-produtt\" rel=\"nofollow\"><img loading=\"lazy\" decoding=\"async\" data-event=\"ev-voice\" data-category=\"Voice\" data-action=\"Click+Banner\" data-label=\"download_pdf_produttivita\" class=\"alignnone size-full wp-image-4579\" title=\"Clicca e scarica il PDF\" alt=\"Clicca per scaricare il PDF\" src=\"https:\/\/www.danea.it\/blog\/wp-content\/uploads\/2020\/12\/Banner-download-produttivita.jpg\" width=\"622\" height=\"90\" \/><\/a>\n<p><span style=\"font-weight: 400;\">Il timeboxing viene generalmente applicato insieme a tecniche che aiutino ad identificare le priorit\u00e0, come ad esempio il <strong>metodo MoSCOW<\/strong>.<\/span><\/p>\n<p><span style=\"font-weight: 400;\">Mantenendo la focalizzazione su di una specifica attivit\u00e0 per un arco temporale prefissato, riuscirai ad <strong>eliminare gli sprechi di tempo e le distrazioni<\/strong>, secondo i principi della pratica Agile.<\/span><\/p>\n<p><span style=\"font-weight: 400;\">Ricorda la <strong>Legge di Parkinson<\/strong>:<\/span><\/p>\n<blockquote><p><i><span style=\"font-weight: 400;\">\u201cIl lavoro si espande fino a occupare tutto il tempo disponibile; pi\u00f9 \u00e8 il tempo e pi\u00f9 il lavoro sembra importante e impegnativo\u201d.<\/span><\/i><\/p><\/blockquote>\n<p><span style=\"font-weight: 400;\">In altre parole pi\u00f9 tempo avrai a disposizione pi\u00f9 ne sprecherai.<\/span><\/p>\n<p><span style=\"font-weight: 400;\">Eviterai anche di incorrere nella <\/span><i><span style=\"font-weight: 400;\">\u201c<strong>paralisi nella analisi<\/strong>\u201d<\/span><\/i><span style=\"font-weight: 400;\">, l&#8217;anti-pattern secondo cui si approfondisce eccessivamente l&#8217;analisi di un&#8217;attivit\u00e0 al punto di pregiudicare l&#8217;azione o la decisione necessaria al suo completamento.<\/span><\/p>\n<p><span style=\"font-weight: 400;\">Inoltre, il sistema del Timeboxing ti permetter\u00e0 di <strong>tenere d&#8217;occhio il tempo trascorso su di un&#8217;attivit\u00e0<\/strong>, e di valutare come \u00e8 stato utilizzato, tenendo traccia della somma delle diverse timebox utilizzate per le varie fasi del progetto, e potendo cos\u00ec valutare in modo chiaro e preciso la tua performance complessiva. Ecco perch\u00e9 modificare un timebox implicherebbe una perdita di coerenza delle informazioni, vanificandone cos\u00ec l&#8217;utilizzo.<\/span><\/p>\n<p><span style=\"font-weight: 400;\">Per concludere, possiamo riassumere definendo il Timeboxing come una <strong>tecnica per utilizzare il tempo<\/strong> non come variabile ma come costante, in cui ogni timebox rappresenta un periodo prefissato per il raggiungimento di un obiettivo.<\/span><\/p>\n<p><span style=\"font-weight: 400;\">Una variante di questo metodo \u00e8 la tecnica del <strong>Day Theming<\/strong>: in questo caso vine impostato un tema giornaliero, dedicando ogni giorno della settimana ad un argomento specifico. Questo sistema di organizzazione del tempo \u00e8 particolarmente indicato per i lavori pi\u00f9 complessi, o per chi deve gestire pi\u00f9 aree di lavoro.<\/span><\/p>\n<p><span style=\"font-weight: 400;\">Nella vita di tutti i giorni, invece, pu\u00f2 bastarti un semplice contaminuti per la forma di applicazione del Timeboxing chiamata Tecnica del Pomodoro.<\/span><\/p>\n<div class=\"menu-produttivita-container\"><ol id=\"short_menu_69e004827ce42\" class=\"shortcode_menu  wpsm-menu wpsm-vertical menu_enhance  ramo_custom_menu\"><li id=\"menu-item-9406\" class=\"menu-item menu-item-type-custom menu-item-object-custom menu-item-9406\"><div class=\"custom_menu_index\">1<\/div><a href=\"\/blog\/produttivita-gestione-del-tempo-priorita-guida\/\">Introduzione e indice<\/a><\/li>\n<li id=\"menu-item-9408\" class=\"menu-item menu-item-type-custom menu-item-object-custom menu-item-9408\"><div class=\"custom_menu_index\">2<\/div><a href=\"\/blog\/produttivita-gestione-del-tempo-priorita-guida\/#gestione-priorita\">Gestione delle priorit\u00e0: i metodi<\/a><\/li>\n<li id=\"menu-item-9475\" class=\"menu-item menu-item-type-custom menu-item-object-custom menu-item-9475\"><div class=\"custom_menu_index\">3<\/div><a href=\"\/blog\/metodo-moscow\/\">&#8211; Il Metodo MoSCoW<\/a><\/li>\n<li id=\"menu-item-9545\" class=\"menu-item menu-item-type-custom menu-item-object-custom menu-item-9545\"><div class=\"custom_menu_index\">4<\/div><a href=\"\/blog\/obiettivi-smart\/\">&#8211; Il Metodo S.M.A.R.T.<\/a><\/li>\n<li id=\"menu-item-9639\" class=\"menu-item menu-item-type-custom menu-item-object-custom menu-item-9639\"><div class=\"custom_menu_index\">5<\/div><a href=\"\/blog\/matrice-di-eisenhower-covey\/\">&#8211; Matrice di Eisenhower<\/a><\/li>\n<li id=\"menu-item-9409\" class=\"menu-item menu-item-type-custom menu-item-object-custom menu-item-9409\"><div class=\"custom_menu_index\">6<\/div><a href=\"\/blog\/produttivita-gestione-del-tempo-priorita-guida\/#organizzazione-lavoro\">Organizzazione del lavoro: i metodi<\/a><\/li>\n<li id=\"menu-item-9690\" class=\"menu-item menu-item-type-custom menu-item-object-custom menu-item-9690\"><div class=\"custom_menu_index\">7<\/div><a href=\"\/blog\/metodo-kanban\/\">&#8211; Metodo Kanban<\/a><\/li>\n<li id=\"menu-item-9743\" class=\"menu-item menu-item-type-custom menu-item-object-custom menu-item-9743\"><div class=\"custom_menu_index\">8<\/div><a href=\"\/blog\/action-method-behance\/\">&#8211; Action Method<\/a><\/li>\n<li id=\"menu-item-9699\" class=\"menu-item menu-item-type-custom menu-item-object-custom menu-item-9699\"><div class=\"custom_menu_index\">9<\/div><a href=\"\/blog\/metodo-gtd-david-allen\/\">&#8211; Getting Things Done<\/a><\/li>\n<li id=\"menu-item-9410\" class=\"menu-item menu-item-type-custom menu-item-object-custom menu-item-9410\"><div class=\"custom_menu_index\">10<\/div><a href=\"\/blog\/produttivita-gestione-del-tempo-priorita-guida\/#gestione-tempo\">Gestione del tempo: i metodi<\/a><\/li>\n<li id=\"menu-item-9407\" class=\"menu-item menu-item-type-custom menu-item-object-custom menu-item-9407\"><div class=\"custom_menu_index\">11<\/div><a href=\"\/blog\/tecnica-pomodoro-gestione-tempo-produttivita\/\">&#8211; Tecnica del Pomodoro<\/a><\/li>\n<li id=\"menu-item-9661\" class=\"menu-item menu-item-type-custom menu-item-object-custom menu-item-9661\"><div class=\"custom_menu_index\">12<\/div><a href=\"\/blog\/timeboxing\/\">&#8211; Timeboxing<\/a><\/li>\n<li id=\"menu-item-9735\" class=\"menu-item menu-item-type-custom menu-item-object-custom menu-item-9735\"><div class=\"custom_menu_index\">13<\/div><a href=\"\/blog\/agile-results\/\">&#8211; Metodologia Agile<\/a><\/li>\n<li id=\"menu-item-9672\" class=\"menu-item menu-item-type-custom menu-item-object-custom menu-item-9672\"><div class=\"custom_menu_index\">14<\/div><a href=\"\/blog\/lista-to-do\/\">&#8211; To do List<\/a><\/li>\n<\/ol><\/div><div class=\"clear\"><\/div>\n\t\t\t<style>\n\t\t\t\t#short_menu_69e004827ce42 {  }\n\t\t\t\t#short_menu_69e004827ce42 ul.wpsm-arrow-enabled:before {  } \n\t\t\t\t#short_menu_69e004827ce42 ul, #short_menu_69e004827ce42 ul ul {  }\n\t\t\t\t#short_menu_69e004827ce42 a {  }\n\t\t\t\t#short_menu_69e004827ce42 a:hover {  }\n\t\t\t\t#short_menu_69e004827ce42 ul a {  }\n\t\t\t\t#short_menu_69e004827ce42 ul a:hover {  }\n\t\t\t\t\n\t\t\t<\/style>\n\t\t\t<script type=\"text\/javascript\">\n\t\t\t\tvar show_arrow = \"true\";<\/script>\n<div class=\"post-tags2\"><\/div>\n","protected":false},"excerpt":{"rendered":"<p>Se nel tuo lavoro ti trovi spesso a dover fare i conti con scadenze di consegna che ti sembrano impossibili da rispettare, e se hai l&#8217;attitudine ad accumulare diverse attivit\u00e0 contemporaneamente, probabilmente sei soggetto ad ansia e stress che possono pregiudicare la tua produttivit\u00e0. Per fortuna, ci sono alcune tecniche di gestione del tempo in<\/p>\n","protected":false},"author":31,"featured_media":9656,"parent":0,"menu_order":0,"comment_status":"closed","ping_status":"closed","template":"page-templates\/guide-danea-page.php","meta":{"yasr_overall_rating":0,"yasr_post_is_review":"","yasr_auto_insert_disabled":"","yasr_review_type":"","footnotes":""},"class_list":["post-9654","page","type-page","status-publish","has-post-thumbnail","hentry"],"yasr_visitor_votes":{"stars_attributes":{"read_only":false,"span_bottom":false},"number_of_votes":13,"sum_votes":62},"wps_subtitle":"Nato negli ambienti di sviluppo software il metodo Timeboxing \u00e8 utile per ottimizzare il tempo e operare al meglio tramite una razionalizzazione dello sforzo.","_links":{"self":[{"href":"https:\/\/www.danea.it\/blog\/wp-json\/wp\/v2\/pages\/9654","targetHints":{"allow":["GET"]}}],"collection":[{"href":"https:\/\/www.danea.it\/blog\/wp-json\/wp\/v2\/pages"}],"about":[{"href":"https:\/\/www.danea.it\/blog\/wp-json\/wp\/v2\/types\/page"}],"author":[{"embeddable":true,"href":"https:\/\/www.danea.it\/blog\/wp-json\/wp\/v2\/users\/31"}],"replies":[{"embeddable":true,"href":"https:\/\/www.danea.it\/blog\/wp-json\/wp\/v2\/comments?post=9654"}],"version-history":[{"count":7,"href":"https:\/\/www.danea.it\/blog\/wp-json\/wp\/v2\/pages\/9654\/revisions"}],"predecessor-version":[{"id":20576,"href":"https:\/\/www.danea.it\/blog\/wp-json\/wp\/v2\/pages\/9654\/revisions\/20576"}],"wp:featuredmedia":[{"embeddable":true,"href":"https:\/\/www.danea.it\/blog\/wp-json\/wp\/v2\/media\/9656"}],"wp:attachment":[{"href":"https:\/\/www.danea.it\/blog\/wp-json\/wp\/v2\/media?parent=9654"}],"curies":[{"name":"wp","href":"https:\/\/api.w.org\/{rel}","templated":true}]}}