{"id":9666,"date":"2016-11-24T17:57:23","date_gmt":"2016-11-24T16:57:23","guid":{"rendered":"https:\/\/www.danea.it\/blog\/?page_id=9666"},"modified":"2020-12-09T10:14:32","modified_gmt":"2020-12-09T09:14:32","slug":"lista-to-do","status":"publish","type":"page","link":"https:\/\/www.danea.it\/blog\/lista-to-do\/","title":{"rendered":"Lista To Do: come organizzare l&#8217;agenda delle cose da fare e il tempo"},"content":{"rendered":"<p><strong>La To Do List<\/strong> non \u00e8 altro che una lista delle cose da fare, a cui aggiungere a fine giornata un <strong>elenco delle cose fatte e di quelle da non fare<\/strong> (To Don&#8217;t).<\/p>\n<p>Ti potr\u00e0 essere utile se ti sei reso conto che molto spesso la tua produttivit\u00e0 \u00e8 intralciata da cattive abitudini, che ti portano a ritrovarti a fine giornata con la sensazione di non avere concluso le attivit\u00e0 che ti eri prefissato, che andranno di conseguenza ad accavallarsi ad altri lavori.<\/p>\n<p>Questo <strong>metodo di gestione del tempo<\/strong> \u00e8 applicabile sia a chi deve coordinare il lavoro di pi\u00f9 persone, sia a liberi professionisti ed a chi lavora in outsourcing, magari da casa propria, ed \u00e8 quindi ancora pi\u00f9 a rischio di distrazioni che possono rallentare la sua produttivit\u00e0.<\/p>\n<a target=\"_blank\" href=\"https:\/\/www.danea.it\/service\/download\/download.asp?ID=pdf-guida-produtt\" rel=\"nofollow\"><img loading=\"lazy\" decoding=\"async\" data-event=\"ev-voice\" data-category=\"Voice\" data-action=\"Click+Banner\" data-label=\"download_pdf_produttivita\" class=\"alignnone size-full wp-image-4579\" title=\"Clicca e scarica il PDF\" alt=\"Clicca per scaricare il PDF\" src=\"https:\/\/www.danea.it\/blog\/wp-content\/uploads\/2020\/12\/Banner-download-produttivita.jpg\" width=\"622\" height=\"90\" \/><\/a>\n<h3>Come impostare correttamente la To Do List<\/h3>\n<p>Il primo passo da compiere consiste nel redigere la tua lista To Do giornaliera, <strong>assegnando la giusta priorit\u00e0 ad ogni attivit\u00e0<\/strong> pianificando <strong>scadenze<\/strong> e <strong>consegne<\/strong>. Distingui i lavori pi\u00f9 urgenti da quelli che possono essere svolti in un secondo momento. Una volta concluso un determinato compito, potrai cancellarlo e passare a quello successivo. Presto scoprirai il valore \u201cterapeutico\u201d di questa semplice azione: tracciare una linea su un progetto concluso ti dar\u00e0 un distensivo sollievo, e ti far\u00e0 affrontare con pi\u00f9 serenit\u00e0 l&#8217;attivit\u00e0 successiva.<\/p>\n<p>Cerca di impostare le tue giornate con<strong> orari ben definiti<\/strong>: svegliati sempre alla stessa ora, mangia ad orari regolari, concediti delle attivit\u00e0 extra lavorative (ad esempio una corsa all&#8217;aria aperta prima di chiuderti in ufficio), cerca di dormire regolarmente. Se lavori in proprio, cerca di svolgere il tuo lavoro entro determinati orari: evita di mangiare davanti al PC, o di lavorare la sera fino a tardi.<\/p>\n<p>Rivolgi <strong>molta attenzione al modo in cui comunichi<\/strong> con clienti, partner, colleghi, fornitori, insomma con tutte le persone con cui devi interfacciarti ogni giorno. Assicurati che tutte le informazioni e le istruzioni siano chiare e condivise, evitando cos\u00ec il rischio di fraintendimenti e quindi di imprevisti che possano ostacolare il tuo lavoro.<\/p>\n<a target=\"_blank\" href=\"https:\/\/www.danea.it\/service\/download\/download.asp?ID=pdf-guida-produtt\" rel=\"nofollow\"><img loading=\"lazy\" decoding=\"async\" data-event=\"ev-voice\" data-category=\"Voice\" data-action=\"Click+Banner\" data-label=\"download_pdf_produttivita\" class=\"alignnone size-full wp-image-4579\" title=\"Clicca e scarica il PDF\" alt=\"Clicca per scaricare il PDF\" src=\"https:\/\/www.danea.it\/blog\/wp-content\/uploads\/2020\/12\/Banner-download-produttivita.jpg\" width=\"622\" height=\"90\" \/><\/a>\n<h3>To Do List: gli strumenti a disposizione<\/h3>\n<p>Utilizza la tecnologia: sicuramente il tuo smartphone dispone gi\u00e0 di strumenti che ti possono aiutare, come agenda, calendario, note vocali, senza contare le innumerevoli app disponibili in rete. <strong>Gmail Tasks<\/strong>, <strong>Remember The Milk<\/strong>, <strong>Google Calendar<\/strong>, <strong>Nozbe<\/strong> o <strong>NowDoThis<\/strong> sono soltanto alcune della applicazioni web che possono aiutarti a pianificare e a tenere sotto controllo i tuoi progetti. In ambiente Windows puoi usare una funzionalit\u00e0 spesso trascurata come Active Desktop, per non parlare del buon vecchio Outlook, uno degli strumenti di lavoro di Microsoft Office pi\u00f9 diffusi.<\/p>\n<p>A proposito di email, ricordati che spesso <strong>la posta elettronica rappresenta uno dei massimi elementi di distrazione<\/strong> e di mancanza di concentrazione, soprattutto se la gestisci dal tuo smartphone che ti invia notifiche in continuazione. Cerca di controllarla periodicamente (2-3 volte nell&#8217;arco della giornata), dedicando la giusta attenzione solo alle mail davvero importanti. Newsletter, comunicazioni informali, auguri di Natale, Pasqua e cos\u00ec via possono aspettare. Non sentirti costretto a rispondere sempre a stretto giro a meno che non sia davvero necessario.<\/p>\n<a target=\"_blank\" href=\"https:\/\/www.danea.it\/service\/download\/download.asp?ID=pdf-guida-produtt\" rel=\"nofollow\"><img loading=\"lazy\" decoding=\"async\" data-event=\"ev-voice\" data-category=\"Voice\" data-action=\"Click+Banner\" data-label=\"download_pdf_produttivita\" class=\"alignnone size-full wp-image-4579\" title=\"Clicca e scarica il PDF\" alt=\"Clicca per scaricare il PDF\" src=\"https:\/\/www.danea.it\/blog\/wp-content\/uploads\/2020\/12\/Banner-download-produttivita.jpg\" width=\"622\" height=\"90\" \/><\/a>\n<h3>Come gestire la lista al meglio<\/h3>\n<p>Se ne hai la facolt\u00e0, ricordati di <strong>delegare i compiti che non ti competono direttamente<\/strong> o che possono essere svolti meglio da qualcun altro. Non perdere tempo impazzendo a cercare di risolvere un problema tecnico, quando c&#8217;\u00e8 chi pu\u00f2 eliminarlo in pochi secondi. Se stai lavorando in team, pianifica la gestione dei vari progetti tenendo conto delle risorse umane che hai a disposizione.<\/p>\n<p><strong>Prenditi delle pause<\/strong> tra un&#8217;attivit\u00e0 e un&#8217;altra. Senza esagerare, basta un caff\u00e8 o una boccata d&#8217;aria fresca per riposare la mente e ricominciare a lavorare senza sentirti affaticato. Puoi anche utilizzare le pause per sbrigare facilmente le questioni pi\u00f9 leggere,come inviare o rispondere ad un sms, controllare la tua posta elettronica personale, fare una telefonata a chi ti \u00e8 caro. L&#8217;importante \u00e8 staccare la spina per qualche minuto.<\/p>\n<p>Per lo stesso motivo di cui sopra, fai il possibile per <strong>non lavorare durante il weekend<\/strong> o comunque al di fuori dell&#8217;orario di ufficio, in modo di poter ricominciare la settimana carico di energie e rilassato.<\/p>\n<p><strong>A fine giornata controlla la tua To Do List,<\/strong> vedi tutte le attivit\u00e0 che hai concluso e datti una pacca sulla spalla contemplando la lista delle cose che \u201cda fare\u201d sono diventate \u201cfatte\u201d.<\/p>\n<p><strong>\u00c8 rimasto fuori qualcosa?<\/strong> Niente panico: analizza la tua giornata e<strong> cerca di capire i motivi<\/strong> per cui non hai portato a termine quella data cosa. Sii onesto con te stesso.<\/p>\n<p>Hai perso tempo gironzolando su internet o sui social network? Sei andato a vederti tutte le promozioni e le offerte che Amazon o Groupon ti hanno inviato via mail? Ti sei occupato di mansioni che non ti competevano e che ti hanno sottratto tempo prezioso?<\/p>\n<p>Prendi nota di ognuna delle risposte che darai a queste e ad altre domande: saranno la tua <strong>To Don&#8217;t List<\/strong>, ovvero la lista di tutte le abitudini, le situazioni e le occasioni di distrazione che devi imparare a riconoscere e ad evitare come la peste.<\/p>\n<div class=\"menu-produttivita-container\"><ol id=\"short_menu_69f232977e7b3\" class=\"shortcode_menu  wpsm-menu wpsm-vertical menu_enhance  ramo_custom_menu\"><li id=\"menu-item-9406\" class=\"menu-item menu-item-type-custom menu-item-object-custom menu-item-9406\"><div class=\"custom_menu_index\">1<\/div><a href=\"\/blog\/produttivita-gestione-del-tempo-priorita-guida\/\">Introduzione e indice<\/a><\/li>\n<li id=\"menu-item-9408\" class=\"menu-item menu-item-type-custom menu-item-object-custom menu-item-9408\"><div class=\"custom_menu_index\">2<\/div><a href=\"\/blog\/produttivita-gestione-del-tempo-priorita-guida\/#gestione-priorita\">Gestione delle priorit\u00e0: i metodi<\/a><\/li>\n<li id=\"menu-item-9475\" class=\"menu-item menu-item-type-custom menu-item-object-custom menu-item-9475\"><div class=\"custom_menu_index\">3<\/div><a href=\"\/blog\/metodo-moscow\/\">&#8211; Il Metodo MoSCoW<\/a><\/li>\n<li id=\"menu-item-9545\" class=\"menu-item menu-item-type-custom menu-item-object-custom menu-item-9545\"><div class=\"custom_menu_index\">4<\/div><a href=\"\/blog\/obiettivi-smart\/\">&#8211; Il Metodo S.M.A.R.T.<\/a><\/li>\n<li id=\"menu-item-9639\" class=\"menu-item menu-item-type-custom menu-item-object-custom menu-item-9639\"><div class=\"custom_menu_index\">5<\/div><a href=\"\/blog\/matrice-di-eisenhower-covey\/\">&#8211; Matrice di Eisenhower<\/a><\/li>\n<li id=\"menu-item-9409\" class=\"menu-item menu-item-type-custom menu-item-object-custom menu-item-9409\"><div class=\"custom_menu_index\">6<\/div><a href=\"\/blog\/produttivita-gestione-del-tempo-priorita-guida\/#organizzazione-lavoro\">Organizzazione del lavoro: i metodi<\/a><\/li>\n<li id=\"menu-item-9690\" class=\"menu-item menu-item-type-custom menu-item-object-custom menu-item-9690\"><div class=\"custom_menu_index\">7<\/div><a href=\"\/blog\/metodo-kanban\/\">&#8211; Metodo Kanban<\/a><\/li>\n<li id=\"menu-item-9743\" class=\"menu-item menu-item-type-custom menu-item-object-custom menu-item-9743\"><div class=\"custom_menu_index\">8<\/div><a href=\"\/blog\/action-method-behance\/\">&#8211; Action Method<\/a><\/li>\n<li id=\"menu-item-9699\" class=\"menu-item menu-item-type-custom menu-item-object-custom menu-item-9699\"><div class=\"custom_menu_index\">9<\/div><a href=\"\/blog\/metodo-gtd-david-allen\/\">&#8211; Getting Things Done<\/a><\/li>\n<li id=\"menu-item-9410\" class=\"menu-item menu-item-type-custom menu-item-object-custom menu-item-9410\"><div class=\"custom_menu_index\">10<\/div><a href=\"\/blog\/produttivita-gestione-del-tempo-priorita-guida\/#gestione-tempo\">Gestione del tempo: i metodi<\/a><\/li>\n<li id=\"menu-item-9407\" class=\"menu-item menu-item-type-custom menu-item-object-custom menu-item-9407\"><div class=\"custom_menu_index\">11<\/div><a href=\"\/blog\/tecnica-pomodoro-gestione-tempo-produttivita\/\">&#8211; Tecnica del Pomodoro<\/a><\/li>\n<li id=\"menu-item-9661\" class=\"menu-item menu-item-type-custom menu-item-object-custom menu-item-9661\"><div class=\"custom_menu_index\">12<\/div><a href=\"\/blog\/timeboxing\/\">&#8211; Timeboxing<\/a><\/li>\n<li id=\"menu-item-9735\" class=\"menu-item menu-item-type-custom menu-item-object-custom menu-item-9735\"><div class=\"custom_menu_index\">13<\/div><a href=\"\/blog\/agile-results\/\">&#8211; Metodologia Agile<\/a><\/li>\n<li id=\"menu-item-9672\" class=\"menu-item menu-item-type-custom menu-item-object-custom menu-item-9672\"><div class=\"custom_menu_index\">14<\/div><a href=\"\/blog\/lista-to-do\/\">&#8211; To do List<\/a><\/li>\n<\/ol><\/div><div class=\"clear\"><\/div>\n\t\t\t<style>\n\t\t\t\t#short_menu_69f232977e7b3 {  }\n\t\t\t\t#short_menu_69f232977e7b3 ul.wpsm-arrow-enabled:before {  } \n\t\t\t\t#short_menu_69f232977e7b3 ul, #short_menu_69f232977e7b3 ul ul {  }\n\t\t\t\t#short_menu_69f232977e7b3 a {  }\n\t\t\t\t#short_menu_69f232977e7b3 a:hover {  }\n\t\t\t\t#short_menu_69f232977e7b3 ul a {  }\n\t\t\t\t#short_menu_69f232977e7b3 ul a:hover {  }\n\t\t\t\t\n\t\t\t<\/style>\n\t\t\t<script type=\"text\/javascript\">\n\t\t\t\tvar show_arrow = \"true\";<\/script>\n<div class=\"post-tags2\"><\/div>\n","protected":false},"excerpt":{"rendered":"<p>La To Do List non \u00e8 altro che una lista delle cose da fare, a cui aggiungere a fine giornata un elenco delle cose fatte e di quelle da non fare (To Don&#8217;t). Ti potr\u00e0 essere utile se ti sei reso conto che molto spesso la tua produttivit\u00e0 \u00e8 intralciata da cattive abitudini, che ti<\/p>\n","protected":false},"author":31,"featured_media":9668,"parent":0,"menu_order":0,"comment_status":"closed","ping_status":"closed","template":"page-templates\/guide-danea-page.php","meta":{"yasr_overall_rating":0,"yasr_post_is_review":"","yasr_auto_insert_disabled":"","yasr_review_type":"","footnotes":""},"class_list":["post-9666","page","type-page","status-publish","has-post-thumbnail","hentry"],"yasr_visitor_votes":{"stars_attributes":{"read_only":false,"span_bottom":false},"number_of_votes":31,"sum_votes":121},"wps_subtitle":"L'uso delle To Do list pu\u00f2 sembrare banale, ma in realt\u00e0 \u00e8 un'attivit\u00e0 ciclica fondamentale per la gestione del tempo e per organizzare l'agenda giornaliera di ogni professionista","_links":{"self":[{"href":"https:\/\/www.danea.it\/blog\/wp-json\/wp\/v2\/pages\/9666","targetHints":{"allow":["GET"]}}],"collection":[{"href":"https:\/\/www.danea.it\/blog\/wp-json\/wp\/v2\/pages"}],"about":[{"href":"https:\/\/www.danea.it\/blog\/wp-json\/wp\/v2\/types\/page"}],"author":[{"embeddable":true,"href":"https:\/\/www.danea.it\/blog\/wp-json\/wp\/v2\/users\/31"}],"replies":[{"embeddable":true,"href":"https:\/\/www.danea.it\/blog\/wp-json\/wp\/v2\/comments?post=9666"}],"version-history":[{"count":6,"href":"https:\/\/www.danea.it\/blog\/wp-json\/wp\/v2\/pages\/9666\/revisions"}],"predecessor-version":[{"id":20578,"href":"https:\/\/www.danea.it\/blog\/wp-json\/wp\/v2\/pages\/9666\/revisions\/20578"}],"wp:featuredmedia":[{"embeddable":true,"href":"https:\/\/www.danea.it\/blog\/wp-json\/wp\/v2\/media\/9668"}],"wp:attachment":[{"href":"https:\/\/www.danea.it\/blog\/wp-json\/wp\/v2\/media?parent=9666"}],"curies":[{"name":"wp","href":"https:\/\/api.w.org\/{rel}","templated":true}]}}