{"id":9693,"date":"2016-11-29T14:30:32","date_gmt":"2016-11-29T13:30:32","guid":{"rendered":"https:\/\/www.danea.it\/blog\/?page_id=9693"},"modified":"2020-12-09T10:12:48","modified_gmt":"2020-12-09T09:12:48","slug":"metodo-gtd-david-allen","status":"publish","type":"page","link":"https:\/\/www.danea.it\/blog\/metodo-gtd-david-allen\/","title":{"rendered":"Il metodo GTD di David Allen: la guida al sistema Getting Things Done o &#8220;detto fatto&#8221; per l&#8217;organizzazione del lavoro"},"content":{"rendered":"<p>Il metodo <strong>Getting Things Done<\/strong> (<strong>GTD<\/strong>), sviluppato da <strong>David Allen<\/strong> e diventato celebre in tutto il mondo grazie al successo planetario del suo omonimo libro, \u00e8 uno dei metodi di produttivit\u00e0 pi\u00f9 conosciuti e utilizzati al mondo.<\/p>\n<p>In sostanza, permette di <strong>organizzare obiettivi<\/strong>, attivit\u00e0 ma anche semplici commissioni inserendo tutte queste idee all&#8217;interno di un sistema organizzato, trasformandole in piccole attivit\u00e0 che possono essere affrontate una alla volta in modo pressoch\u00e9 immediato.<\/p>\n<p>Si rivela pertanto un ottimo alleato nei momento in cui ci sentiamo sopraffatti da un numero eccessivo di cose da fare e deve necessariamente poterle organizzare.<\/p>\n<p>Il sistema GTD si compone di cinque principi che ti consentiranno di sgombrare la mente eliminando l&#8217;incombenza di ricordare le cose da fare, e lasciandola libera di concentrarsi sulla loro esecuzione, rimuovendo tutti gli input inutili.<\/p>\n<a target=\"_blank\" href=\"https:\/\/www.danea.it\/service\/download\/download.asp?ID=pdf-guida-produtt\" rel=\"nofollow\"><img loading=\"lazy\" decoding=\"async\" data-event=\"ev-voice\" data-category=\"Voice\" data-action=\"Click+Banner\" data-label=\"download_pdf_produttivita\" class=\"alignnone size-full wp-image-4579\" title=\"Clicca e scarica il PDF\" alt=\"Clicca per scaricare il PDF\" src=\"https:\/\/www.danea.it\/blog\/wp-content\/uploads\/2020\/12\/Banner-download-produttivita.jpg\" width=\"622\" height=\"90\" \/><\/a>\n<h3>Capture (Raccogliere)<\/h3>\n<p><strong>Inizia a raccogliere tutte le cose che devi fare<\/strong>, registrandole in ordine sparso e iniziando a creare il tuo elenco di getto, scrivendo tutte le cose che ti preoccupano, ti stressano o che sai di dovere fare. In questa fase non stai realizzando un elenco di priorit\u00e0, ma stai semplicemente liberando la tua mente.<\/p>\n<p>Puoi scriverle su foglietti da raccogliere in un contenitore, usare una lavagna, un&#8217;agenda, un software come <strong>Calendar<\/strong> o <strong>Evernote<\/strong>, un registratore vocale. L&#8217;importante \u00e8 individuare il tu \u201cdispositivo raccoglitore\u201d e svuotarlo regolarmente.<\/p>\n<h3>Clarify (Precisare)<\/h3>\n<p><strong>Trasforma le idee che hai raccolto in azioni concrete<\/strong>. Una buona tecnica consiste nel frammentare progetti o incombenze importanti in una serie di azioni meno impegnative, affrontabili senza ansia. Se un&#8217;attivit\u00e0 pu\u00f2 essere disbrigata in meno di due minuti approfitta e svolgila subito senza rimandare.<\/p>\n<a target=\"_blank\" href=\"https:\/\/www.danea.it\/service\/download\/download.asp?ID=pdf-guida-produtt\" rel=\"nofollow\"><img loading=\"lazy\" decoding=\"async\" data-event=\"ev-voice\" data-category=\"Voice\" data-action=\"Click+Banner\" data-label=\"download_pdf_produttivita\" class=\"alignnone size-full wp-image-4579\" title=\"Clicca e scarica il PDF\" alt=\"Clicca per scaricare il PDF\" src=\"https:\/\/www.danea.it\/blog\/wp-content\/uploads\/2020\/12\/Banner-download-produttivita.jpg\" width=\"622\" height=\"90\" \/><\/a>\n<h3>Organize (Organizzare)<\/h3>\n<p>E\u2019 il momento di iniziare a<strong> definire le priorit\u00e0 delle azioni<\/strong> che dovrai svolgere, assegnando date di scadenza, inserendole in categorie e progetti, individuare quelle attivit\u00e0 che possono essere raggruppate e svolte insieme, e quelle che possono essere delegate ad altri o rimandate. In casi come questi, dovrai definire chi fa cosa e le relative scadenze temporali.<\/p>\n<h3>Reflect (Verificare)<\/h3>\n<p>Almeno una volta alla settimana <strong>controlla tutti i progetti aperti e le cose da fare<\/strong>, tenendo presente dei pini di lavoro, delle deleghe ad altri, di ci\u00f2 che \u00e8 stato rimandato e di quello che \u00e8 stato fatto ed archiviato.<\/p>\n<a target=\"_blank\" href=\"https:\/\/www.danea.it\/service\/download\/download.asp?ID=pdf-guida-produtt\" rel=\"nofollow\"><img loading=\"lazy\" decoding=\"async\" data-event=\"ev-voice\" data-category=\"Voice\" data-action=\"Click+Banner\" data-label=\"download_pdf_produttivita\" class=\"alignnone size-full wp-image-4579\" title=\"Clicca e scarica il PDF\" alt=\"Clicca per scaricare il PDF\" src=\"https:\/\/www.danea.it\/blog\/wp-content\/uploads\/2020\/12\/Banner-download-produttivita.jpg\" width=\"622\" height=\"90\" \/><\/a>\n<h3>Engage (Fare)<\/h3>\n<p>Fino a questo punto ti sei limitato ad analizzare ed organizzare. \u00c8 il momento di <strong>agire e di affrontare le cose da fare.<\/strong> Ti trovi nella condizione giusta per iniziare un&#8217;attivit\u00e0? Hai abbastanza tempo per iniziarla e terminarla? La tua mente \u00e8 fresca e puoi affrontare anche compiti impegnativi? Delle attivit\u00e0 da fare quali sono quelle che ti daranno maggiori benefici e vantaggi terminandole in questo momento?<\/p>\n<p><strong>Ogni singolo stadio diventa importante per finalizzare gli altri<\/strong>, pensa ad ogni azione come ad uno scalino che ti consenta di raggiungere un livello successivo. L&#8217;importante \u00e8 occuparsi di un solo elemento alla volta, ed una volta che hai iniziato un&#8217;attivit\u00e0 dovrai importi di portarla a termine senza rimetterla nella lista.<\/p>\n<p>Infine, non dimenticare i diversi sistemi di personal information manager e di task management in grado di fornirti un supporto digitale per organizzare al meglio il tuo metodo Getting Things Done e poter dire \u201cDetto, fatto!\u201d.<\/p>\n<div class=\"menu-produttivita-container\"><ol id=\"short_menu_69e06763ccfc0\" class=\"shortcode_menu  wpsm-menu wpsm-vertical menu_enhance  ramo_custom_menu\"><li id=\"menu-item-9406\" class=\"menu-item menu-item-type-custom menu-item-object-custom menu-item-9406\"><div class=\"custom_menu_index\">1<\/div><a href=\"\/blog\/produttivita-gestione-del-tempo-priorita-guida\/\">Introduzione e indice<\/a><\/li>\n<li id=\"menu-item-9408\" class=\"menu-item menu-item-type-custom menu-item-object-custom menu-item-9408\"><div class=\"custom_menu_index\">2<\/div><a href=\"\/blog\/produttivita-gestione-del-tempo-priorita-guida\/#gestione-priorita\">Gestione delle priorit\u00e0: i metodi<\/a><\/li>\n<li id=\"menu-item-9475\" class=\"menu-item menu-item-type-custom menu-item-object-custom menu-item-9475\"><div class=\"custom_menu_index\">3<\/div><a href=\"\/blog\/metodo-moscow\/\">&#8211; Il Metodo MoSCoW<\/a><\/li>\n<li id=\"menu-item-9545\" class=\"menu-item menu-item-type-custom menu-item-object-custom menu-item-9545\"><div class=\"custom_menu_index\">4<\/div><a href=\"\/blog\/obiettivi-smart\/\">&#8211; Il Metodo S.M.A.R.T.<\/a><\/li>\n<li id=\"menu-item-9639\" class=\"menu-item menu-item-type-custom menu-item-object-custom menu-item-9639\"><div class=\"custom_menu_index\">5<\/div><a href=\"\/blog\/matrice-di-eisenhower-covey\/\">&#8211; Matrice di Eisenhower<\/a><\/li>\n<li id=\"menu-item-9409\" class=\"menu-item menu-item-type-custom menu-item-object-custom menu-item-9409\"><div class=\"custom_menu_index\">6<\/div><a href=\"\/blog\/produttivita-gestione-del-tempo-priorita-guida\/#organizzazione-lavoro\">Organizzazione del lavoro: i metodi<\/a><\/li>\n<li id=\"menu-item-9690\" class=\"menu-item menu-item-type-custom menu-item-object-custom menu-item-9690\"><div class=\"custom_menu_index\">7<\/div><a href=\"\/blog\/metodo-kanban\/\">&#8211; Metodo Kanban<\/a><\/li>\n<li id=\"menu-item-9743\" class=\"menu-item menu-item-type-custom menu-item-object-custom menu-item-9743\"><div class=\"custom_menu_index\">8<\/div><a href=\"\/blog\/action-method-behance\/\">&#8211; Action Method<\/a><\/li>\n<li id=\"menu-item-9699\" class=\"menu-item menu-item-type-custom menu-item-object-custom menu-item-9699\"><div class=\"custom_menu_index\">9<\/div><a href=\"\/blog\/metodo-gtd-david-allen\/\">&#8211; Getting Things Done<\/a><\/li>\n<li id=\"menu-item-9410\" class=\"menu-item menu-item-type-custom menu-item-object-custom menu-item-9410\"><div class=\"custom_menu_index\">10<\/div><a href=\"\/blog\/produttivita-gestione-del-tempo-priorita-guida\/#gestione-tempo\">Gestione del tempo: i metodi<\/a><\/li>\n<li id=\"menu-item-9407\" class=\"menu-item menu-item-type-custom menu-item-object-custom menu-item-9407\"><div class=\"custom_menu_index\">11<\/div><a href=\"\/blog\/tecnica-pomodoro-gestione-tempo-produttivita\/\">&#8211; Tecnica del Pomodoro<\/a><\/li>\n<li id=\"menu-item-9661\" class=\"menu-item menu-item-type-custom menu-item-object-custom menu-item-9661\"><div class=\"custom_menu_index\">12<\/div><a href=\"\/blog\/timeboxing\/\">&#8211; Timeboxing<\/a><\/li>\n<li id=\"menu-item-9735\" class=\"menu-item menu-item-type-custom menu-item-object-custom menu-item-9735\"><div class=\"custom_menu_index\">13<\/div><a href=\"\/blog\/agile-results\/\">&#8211; Metodologia Agile<\/a><\/li>\n<li id=\"menu-item-9672\" class=\"menu-item menu-item-type-custom menu-item-object-custom menu-item-9672\"><div class=\"custom_menu_index\">14<\/div><a href=\"\/blog\/lista-to-do\/\">&#8211; To do List<\/a><\/li>\n<\/ol><\/div><div class=\"clear\"><\/div>\n\t\t\t<style>\n\t\t\t\t#short_menu_69e06763ccfc0 {  }\n\t\t\t\t#short_menu_69e06763ccfc0 ul.wpsm-arrow-enabled:before {  } \n\t\t\t\t#short_menu_69e06763ccfc0 ul, #short_menu_69e06763ccfc0 ul ul {  }\n\t\t\t\t#short_menu_69e06763ccfc0 a {  }\n\t\t\t\t#short_menu_69e06763ccfc0 a:hover {  }\n\t\t\t\t#short_menu_69e06763ccfc0 ul a {  }\n\t\t\t\t#short_menu_69e06763ccfc0 ul a:hover {  }\n\t\t\t\t\n\t\t\t<\/style>\n\t\t\t<script type=\"text\/javascript\">\n\t\t\t\tvar show_arrow = \"true\";<\/script>\n<div class=\"post-tags2\"><\/div>\n","protected":false},"excerpt":{"rendered":"<p>Il metodo Getting Things Done (GTD), sviluppato da David Allen e diventato celebre in tutto il mondo grazie al successo planetario del suo omonimo libro, \u00e8 uno dei metodi di produttivit\u00e0 pi\u00f9 conosciuti e utilizzati al mondo. In sostanza, permette di organizzare obiettivi, attivit\u00e0 ma anche semplici commissioni inserendo tutte queste idee all&#8217;interno di un<\/p>\n","protected":false},"author":31,"featured_media":9694,"parent":0,"menu_order":0,"comment_status":"closed","ping_status":"closed","template":"page-templates\/guide-danea-page.php","meta":{"yasr_overall_rating":0,"yasr_post_is_review":"","yasr_auto_insert_disabled":"","yasr_review_type":"","footnotes":""},"class_list":["post-9693","page","type-page","status-publish","has-post-thumbnail","hentry"],"yasr_visitor_votes":{"stars_attributes":{"read_only":false,"span_bottom":false},"number_of_votes":18,"sum_votes":74},"wps_subtitle":"Il sistema GTD, dal libro \"Getting Things Done\" del famoso consulente per la produttivit\u00e0 David Allen, rivede il concetto di organizzazione del lavoro attraverso la frammentazione dei progetti in micro-obiettivi e azioni.","_links":{"self":[{"href":"https:\/\/www.danea.it\/blog\/wp-json\/wp\/v2\/pages\/9693","targetHints":{"allow":["GET"]}}],"collection":[{"href":"https:\/\/www.danea.it\/blog\/wp-json\/wp\/v2\/pages"}],"about":[{"href":"https:\/\/www.danea.it\/blog\/wp-json\/wp\/v2\/types\/page"}],"author":[{"embeddable":true,"href":"https:\/\/www.danea.it\/blog\/wp-json\/wp\/v2\/users\/31"}],"replies":[{"embeddable":true,"href":"https:\/\/www.danea.it\/blog\/wp-json\/wp\/v2\/comments?post=9693"}],"version-history":[{"count":6,"href":"https:\/\/www.danea.it\/blog\/wp-json\/wp\/v2\/pages\/9693\/revisions"}],"predecessor-version":[{"id":20574,"href":"https:\/\/www.danea.it\/blog\/wp-json\/wp\/v2\/pages\/9693\/revisions\/20574"}],"wp:featuredmedia":[{"embeddable":true,"href":"https:\/\/www.danea.it\/blog\/wp-json\/wp\/v2\/media\/9694"}],"wp:attachment":[{"href":"https:\/\/www.danea.it\/blog\/wp-json\/wp\/v2\/media?parent=9693"}],"curies":[{"name":"wp","href":"https:\/\/api.w.org\/{rel}","templated":true}]}}